{"id":42939,"date":"2023-01-11T13:19:43","date_gmt":"2023-01-11T10:19:43","guid":{"rendered":"https:\/\/amaldis.md\/product\/manusi-de-karate-s-2\/"},"modified":"2026-03-25T14:02:50","modified_gmt":"2026-03-25T11:02:50","slug":"manusi-de-karate-s-2","status":"publish","type":"product","link":"https:\/\/amaldis.md\/ro\/produs\/manusi-de-karate-s-2\/","title":{"rendered":"Cl\u0103tite Karate PVC AMALDIS RED S"},"content":{"rendered":"<h4><span data-sheets-root=\"1\">Cl\u0103tite Karate PVC AMALDIS RED S<\/span><\/h4>\n<p>M\u0103nu\u0219ile de karate AMALDIS sunt alegerea ideal\u0103 pentru antrenament \u0219i competi\u021bie. Fabricate din piele ecologic\u0103 durabil\u0103, acestea ofer\u0103 confort, durabilitate \u0219i protec\u021bie fiabil\u0103. Calitatea lor \u00eenalt\u0103 le face cea mai bun\u0103 alegere at\u00e2t pentru \u00eencep\u0103tori, c\u00e2t \u0219i pentru sportivii experimenta\u021bi.  <\/p>\n","protected":false},"excerpt":{"rendered":"<h3><span data-sheets-root=\"1\">Cl\u0103tite Karate PVC AMALDIS RED S<\/span><\/h3>\n","protected":false},"featured_media":46368,"comment_status":"open","ping_status":"closed","template":"","meta":{"_et_pb_use_builder":"","_et_pb_old_content":"","_et_gb_content_width":""},"product_brand":[],"product_cat":[1359,663],"product_tag":[842,1454,875,834,1456,1455],"class_list":{"0":"post-42939","1":"product","2":"type-product","3":"status-publish","4":"has-post-thumbnail","6":"product_cat-karate-ro","7":"product_cat-arte-martiale","8":"product_tag-arte-martiale","9":"product_tag-clatite-de-karate","10":"product_tag-karate-ro","11":"product_tag-manusi","12":"product_tag-manusi-de-karate","13":"product_tag-tampoane-de-karate","15":"first","16":"instock","17":"shipping-taxable","18":"purchasable","19":"product-type-simple"},"aioseo_notices":[],"_links":{"self":[{"href":"https:\/\/amaldis.md\/ro\/wp-json\/wp\/v2\/product\/42939","targetHints":{"allow":["GET"]}}],"collection":[{"href":"https:\/\/amaldis.md\/ro\/wp-json\/wp\/v2\/product"}],"about":[{"href":"https:\/\/amaldis.md\/ro\/wp-json\/wp\/v2\/types\/product"}],"replies":[{"embeddable":true,"href":"https:\/\/amaldis.md\/ro\/wp-json\/wp\/v2\/comments?post=42939"}],"wp:featuredmedia":[{"embeddable":true,"href":"https:\/\/amaldis.md\/ro\/wp-json\/wp\/v2\/media\/46368"}],"wp:attachment":[{"href":"https:\/\/amaldis.md\/ro\/wp-json\/wp\/v2\/media?parent=42939"}],"wp:term":[{"taxonomy":"product_brand","embeddable":true,"href":"https:\/\/amaldis.md\/ro\/wp-json\/wp\/v2\/product_brand?post=42939"},{"taxonomy":"product_cat","embeddable":true,"href":"https:\/\/amaldis.md\/ro\/wp-json\/wp\/v2\/product_cat?post=42939"},{"taxonomy":"product_tag","embeddable":true,"href":"https:\/\/amaldis.md\/ro\/wp-json\/wp\/v2\/product_tag?post=42939"}],"curies":[{"name":"wp","href":"https:\/\/api.w.org\/{rel}","templated":true}]}}