{"id":42960,"date":"2022-12-15T16:43:16","date_gmt":"2022-12-15T13:43:16","guid":{"rendered":"https:\/\/amaldis.md\/product\/manusi-de-box-12-oz\/"},"modified":"2026-03-14T12:33:01","modified_gmt":"2026-03-14T09:33:01","slug":"manusi-de-box-12-oz","status":"publish","type":"product","link":"https:\/\/amaldis.md\/ro\/produs\/manusi-de-box-12-oz\/","title":{"rendered":"M\u0103nu\u0219i de box Hi-Forse din PVC ro\u0219ii, 12 oz, 6007"},"content":{"rendered":"<h4>M\u0103nu\u0219i de box Hi-Forse din PVC ro\u0219ii, 12 oz, 6007<\/h4>\n<p>M\u0103nu\u0219ile de box \u0219i kickboxing HI FORCE sunt m\u0103nu\u0219i de antrenament durabile \u0219i confortabile pentru saci de box, m\u0103nu\u0219i cu degete \u0219i sparring. C\u0103ptu\u0219eala groas\u0103 protejeaz\u0103 m\u00e2inile de impacturi, iar suportul sigur pentru \u00eencheietura m\u00e2inii asigur\u0103 confort \u0219i siguran\u021b\u0103 \u00een timpul antrenamentului. O alegere excelent\u0103 pentru box, kickboxing \u0219i alte arte mar\u021biale. \ud83e\udd4a<\/p>\n","protected":false},"excerpt":{"rendered":"<h3>M\u0103nu\u0219i de box Hi-Forse din PVC ro\u0219ii, 12 oz, 6007<\/h3>\n","protected":false},"featured_media":46189,"comment_status":"open","ping_status":"closed","template":"","meta":{"_et_pb_use_builder":"","_et_pb_old_content":"","_et_gb_content_width":""},"product_brand":[1409],"product_cat":[663,656],"product_tag":[842,851,963,834,1397,1354,1335],"class_list":{"0":"post-42960","1":"product","2":"type-product","3":"status-publish","4":"has-post-thumbnail","6":"product_brand-hi-force","7":"product_cat-arte-martiale","8":"product_cat-box","9":"product_tag-arte-martiale","10":"product_tag-box","11":"product_tag-kickboxing","12":"product_tag-manusi","13":"product_tag-manusi-de-box-ro","14":"product_tag-sparring","15":"product_tag-sport-ro","17":"first","18":"instock","19":"shipping-taxable","20":"purchasable","21":"product-type-simple"},"aioseo_notices":[],"_links":{"self":[{"href":"https:\/\/amaldis.md\/ro\/wp-json\/wp\/v2\/product\/42960","targetHints":{"allow":["GET"]}}],"collection":[{"href":"https:\/\/amaldis.md\/ro\/wp-json\/wp\/v2\/product"}],"about":[{"href":"https:\/\/amaldis.md\/ro\/wp-json\/wp\/v2\/types\/product"}],"replies":[{"embeddable":true,"href":"https:\/\/amaldis.md\/ro\/wp-json\/wp\/v2\/comments?post=42960"}],"wp:featuredmedia":[{"embeddable":true,"href":"https:\/\/amaldis.md\/ro\/wp-json\/wp\/v2\/media\/46189"}],"wp:attachment":[{"href":"https:\/\/amaldis.md\/ro\/wp-json\/wp\/v2\/media?parent=42960"}],"wp:term":[{"taxonomy":"product_brand","embeddable":true,"href":"https:\/\/amaldis.md\/ro\/wp-json\/wp\/v2\/product_brand?post=42960"},{"taxonomy":"product_cat","embeddable":true,"href":"https:\/\/amaldis.md\/ro\/wp-json\/wp\/v2\/product_cat?post=42960"},{"taxonomy":"product_tag","embeddable":true,"href":"https:\/\/amaldis.md\/ro\/wp-json\/wp\/v2\/product_tag?post=42960"}],"curies":[{"name":"wp","href":"https:\/\/api.w.org\/{rel}","templated":true}]}}