{"id":42972,"date":"2022-12-13T16:40:32","date_gmt":"2022-12-13T13:40:32","guid":{"rendered":"https:\/\/amaldis.md\/product\/manusi-de-box-8-oz-3\/"},"modified":"2026-03-10T15:11:29","modified_gmt":"2026-03-10T12:11:29","slug":"manusi-de-box-8-oz-3","status":"publish","type":"product","link":"https:\/\/amaldis.md\/ro\/produs\/manusi-de-box-8-oz-3\/","title":{"rendered":"M\u0103nu\u0219i de box AMALDIS albastre, 8 oz \/ 7608"},"content":{"rendered":"<h4>M\u0103nu\u0219i de box AMALDIS albastre, 8 oz \/ 7608<\/h4>\n<p>M\u0103nu\u0219ile de box AMALDIS sunt echipamente fiabile pentru antrenament, sparring \u0219i saci de box. Sunt concepute pentru sportivii care apreciaz\u0103 confortul, protec\u021bia \u0219i \u00eencrederea \u00een fiecare lovitur\u0103.<br \/>\nM\u0103nu\u0219ile au o form\u0103 anatomic\u0103 care sus\u021bine corespunz\u0103tor m\u00e2na \u0219i reduce stresul asupra articula\u021biilor. C\u0103ptu\u0219eala dens\u0103, care absoarbe \u0219ocurile, absoarbe eficient impactul, protej\u00e2nd m\u00e2na \u0219i partenerul \u00een timpul antrenamentului.<br \/>\nMaterialul exterior durabil este rezistent la uzur\u0103, iar \u00eenchiderea convenabil\u0103 cu velcro fixeaz\u0103 \u00een siguran\u021b\u0103 \u00eencheietura m\u00e2inii \u0219i permite \u00eembr\u0103carea \u0219i desc\u0103l\u021barea rapid\u0103.<br \/>\nPotrivite at\u00e2t pentru \u00eencep\u0103tori, c\u00e2t \u0219i pentru sportivii care se antreneaz\u0103 \u00een mod regulat \u00een box sau alte arte mar\u021biale de lovire.<br \/>\n\u2714 Absorb\u021bie bun\u0103 a \u0219ocurilor<br \/>\n\u2714 Suport sigur pentru \u00eencheietura m\u00e2inii<br \/>\n\u2714 Potrivire confortabil\u0103<br \/>\n\u2714 Design elegant \u0219i sportiv <\/p>\n","protected":false},"excerpt":{"rendered":"<h3>M\u0103nu\u0219i de box AMALDIS albastre, 8 oz \/ 7608<\/h3>\n","protected":false},"featured_media":46110,"comment_status":"open","ping_status":"closed","template":"","meta":{"_et_pb_use_builder":"","_et_pb_old_content":"","_et_gb_content_width":""},"product_brand":[1390],"product_cat":[663,656],"product_tag":[842,851,1084,1348,1082,834,1342,1354,1335],"class_list":{"0":"post-42972","1":"product","2":"type-product","3":"status-publish","4":"has-post-thumbnail","6":"product_brand-amaldis","7":"product_cat-arte-martiale","8":"product_cat-box","9":"product_tag-arte-martiale","10":"product_tag-box","11":"product_tag-lupta","12":"product_tag-lupta-ro","13":"product_tag-lupta-corp-la-corp","14":"product_tag-manusi","15":"product_tag-moldova-ro","16":"product_tag-sparring","17":"product_tag-sport-ro","19":"first","20":"instock","21":"shipping-taxable","22":"purchasable","23":"product-type-simple"},"aioseo_notices":[],"_links":{"self":[{"href":"https:\/\/amaldis.md\/ro\/wp-json\/wp\/v2\/product\/42972","targetHints":{"allow":["GET"]}}],"collection":[{"href":"https:\/\/amaldis.md\/ro\/wp-json\/wp\/v2\/product"}],"about":[{"href":"https:\/\/amaldis.md\/ro\/wp-json\/wp\/v2\/types\/product"}],"replies":[{"embeddable":true,"href":"https:\/\/amaldis.md\/ro\/wp-json\/wp\/v2\/comments?post=42972"}],"wp:featuredmedia":[{"embeddable":true,"href":"https:\/\/amaldis.md\/ro\/wp-json\/wp\/v2\/media\/46110"}],"wp:attachment":[{"href":"https:\/\/amaldis.md\/ro\/wp-json\/wp\/v2\/media?parent=42972"}],"wp:term":[{"taxonomy":"product_brand","embeddable":true,"href":"https:\/\/amaldis.md\/ro\/wp-json\/wp\/v2\/product_brand?post=42972"},{"taxonomy":"product_cat","embeddable":true,"href":"https:\/\/amaldis.md\/ro\/wp-json\/wp\/v2\/product_cat?post=42972"},{"taxonomy":"product_tag","embeddable":true,"href":"https:\/\/amaldis.md\/ro\/wp-json\/wp\/v2\/product_tag?post=42972"}],"curies":[{"name":"wp","href":"https:\/\/api.w.org\/{rel}","templated":true}]}}