{"id":42990,"date":"2022-12-12T19:00:06","date_gmt":"2022-12-12T16:00:06","guid":{"rendered":"https:\/\/amaldis.md\/product\/vasle-de-inot\/"},"modified":"2022-12-12T19:00:06","modified_gmt":"2022-12-12T16:00:06","slug":"vasle-de-inot","status":"publish","type":"product","link":"https:\/\/amaldis.md\/ro\/produs\/vasle-de-inot\/","title":{"rendered":"V\u00e2sle de \u00eenot"},"content":{"rendered":"<h4>V\u00e2sle de \u00eenot<\/h4>\n<p>Material: plastic, cauciuc Dimensiune: S<\/p>\n","protected":false},"excerpt":{"rendered":"<h4 class=\"product-intro__title\">Palete de \u00eenot PL-6392 S<\/h4>\n","protected":false},"featured_media":41516,"comment_status":"open","ping_status":"closed","template":"","meta":{"_et_pb_use_builder":"","_et_pb_old_content":"","_et_gb_content_width":""},"product_brand":[],"product_cat":[672],"product_tag":[882,981],"class_list":{"0":"post-42990","1":"product","2":"type-product","3":"status-publish","4":"has-post-thumbnail","6":"product_cat-inot","7":"product_tag-inot","8":"product_tag-omoplati","10":"first","11":"instock","12":"shipping-taxable","13":"purchasable","14":"product-type-simple"},"aioseo_notices":[],"_links":{"self":[{"href":"https:\/\/amaldis.md\/ro\/wp-json\/wp\/v2\/product\/42990","targetHints":{"allow":["GET"]}}],"collection":[{"href":"https:\/\/amaldis.md\/ro\/wp-json\/wp\/v2\/product"}],"about":[{"href":"https:\/\/amaldis.md\/ro\/wp-json\/wp\/v2\/types\/product"}],"replies":[{"embeddable":true,"href":"https:\/\/amaldis.md\/ro\/wp-json\/wp\/v2\/comments?post=42990"}],"wp:featuredmedia":[{"embeddable":true,"href":"https:\/\/amaldis.md\/ro\/wp-json\/wp\/v2\/media\/41516"}],"wp:attachment":[{"href":"https:\/\/amaldis.md\/ro\/wp-json\/wp\/v2\/media?parent=42990"}],"wp:term":[{"taxonomy":"product_brand","embeddable":true,"href":"https:\/\/amaldis.md\/ro\/wp-json\/wp\/v2\/product_brand?post=42990"},{"taxonomy":"product_cat","embeddable":true,"href":"https:\/\/amaldis.md\/ro\/wp-json\/wp\/v2\/product_cat?post=42990"},{"taxonomy":"product_tag","embeddable":true,"href":"https:\/\/amaldis.md\/ro\/wp-json\/wp\/v2\/product_tag?post=42990"}],"curies":[{"name":"wp","href":"https:\/\/api.w.org\/{rel}","templated":true}]}}