{"id":43033,"date":"2022-12-09T15:45:23","date_gmt":"2022-12-09T12:45:23","guid":{"rendered":"https:\/\/amaldis.md\/product\/casca-de-inot-11\/"},"modified":"2022-12-09T15:45:23","modified_gmt":"2022-12-09T12:45:23","slug":"casca-de-inot-11","status":"publish","type":"product","link":"https:\/\/amaldis.md\/ro\/produs\/casca-de-inot-11\/","title":{"rendered":"Casc\u0103 de \u00eenot"},"content":{"rendered":"<h4>Casc\u0103 de \u00eenot<\/h4>\n","protected":false},"excerpt":{"rendered":"<h5 class=\"product-tabs__heading\"><span class=\"product-tabs__heading_color_gray\">Casca de inot Wave PL-1667 Cima<\/span><\/h5>\n","protected":false},"featured_media":41412,"comment_status":"open","ping_status":"closed","template":"","meta":{"_et_pb_use_builder":"","_et_pb_old_content":"","_et_gb_content_width":""},"product_brand":[],"product_cat":[672],"product_tag":[894,882],"class_list":{"0":"post-43033","1":"product","2":"type-product","3":"status-publish","4":"has-post-thumbnail","6":"product_cat-inot","7":"product_tag-capac","8":"product_tag-inot","10":"first","11":"instock","12":"shipping-taxable","13":"purchasable","14":"product-type-simple"},"aioseo_notices":[],"_links":{"self":[{"href":"https:\/\/amaldis.md\/ro\/wp-json\/wp\/v2\/product\/43033","targetHints":{"allow":["GET"]}}],"collection":[{"href":"https:\/\/amaldis.md\/ro\/wp-json\/wp\/v2\/product"}],"about":[{"href":"https:\/\/amaldis.md\/ro\/wp-json\/wp\/v2\/types\/product"}],"replies":[{"embeddable":true,"href":"https:\/\/amaldis.md\/ro\/wp-json\/wp\/v2\/comments?post=43033"}],"wp:featuredmedia":[{"embeddable":true,"href":"https:\/\/amaldis.md\/ro\/wp-json\/wp\/v2\/media\/41412"}],"wp:attachment":[{"href":"https:\/\/amaldis.md\/ro\/wp-json\/wp\/v2\/media?parent=43033"}],"wp:term":[{"taxonomy":"product_brand","embeddable":true,"href":"https:\/\/amaldis.md\/ro\/wp-json\/wp\/v2\/product_brand?post=43033"},{"taxonomy":"product_cat","embeddable":true,"href":"https:\/\/amaldis.md\/ro\/wp-json\/wp\/v2\/product_cat?post=43033"},{"taxonomy":"product_tag","embeddable":true,"href":"https:\/\/amaldis.md\/ro\/wp-json\/wp\/v2\/product_tag?post=43033"}],"curies":[{"name":"wp","href":"https:\/\/api.w.org\/{rel}","templated":true}]}}