{"id":43043,"date":"2019-07-19T14:19:52","date_gmt":"2019-07-19T11:19:52","guid":{"rendered":"https:\/\/amaldis.md\/product\/bara-orizontala-in-prag-1-5-m\/"},"modified":"2019-07-19T14:19:52","modified_gmt":"2019-07-19T11:19:52","slug":"bara-orizontala-in-prag-1-5-m","status":"publish","type":"product","link":"https:\/\/amaldis.md\/ro\/produs\/bara-orizontala-in-prag-1-5-m\/","title":{"rendered":"Bar\u0103 orizontal\u0103 \u00een prag 1,5 m"},"content":{"rendered":"<h4><strong>Bar\u0103 orizontal\u0103 \u00een prag 1,5 m<\/strong><\/h4>\n<h6>Material: metal, neopren.<br \/>\nLungime: 1,5 m.<\/h6>\n","protected":false},"excerpt":{"rendered":"<h3>Bar\u0103 orizontal\u0103 \u00een u\u0219\u0103 glisant\u0103 de 1,5 m (metal, m\u00e2nere din neopren)<\/h3>\n","protected":false},"featured_media":41353,"comment_status":"open","ping_status":"closed","template":"","meta":{"_et_pb_use_builder":"","_et_pb_old_content":"","_et_gb_content_width":""},"product_brand":[],"product_cat":[681,678],"product_tag":[985,984],"class_list":{"0":"post-43043","1":"product","2":"type-product","3":"status-publish","4":"has-post-thumbnail","6":"product_cat-fitness-si-yoga","7":"product_cat-formare","8":"product_tag-bara-orizontala-glisanta","9":"product_tag-bara-orizontala-in-prag","11":"first","12":"instock","13":"shipping-taxable","14":"purchasable","15":"product-type-simple"},"aioseo_notices":[],"_links":{"self":[{"href":"https:\/\/amaldis.md\/ro\/wp-json\/wp\/v2\/product\/43043","targetHints":{"allow":["GET"]}}],"collection":[{"href":"https:\/\/amaldis.md\/ro\/wp-json\/wp\/v2\/product"}],"about":[{"href":"https:\/\/amaldis.md\/ro\/wp-json\/wp\/v2\/types\/product"}],"replies":[{"embeddable":true,"href":"https:\/\/amaldis.md\/ro\/wp-json\/wp\/v2\/comments?post=43043"}],"wp:featuredmedia":[{"embeddable":true,"href":"https:\/\/amaldis.md\/ro\/wp-json\/wp\/v2\/media\/41353"}],"wp:attachment":[{"href":"https:\/\/amaldis.md\/ro\/wp-json\/wp\/v2\/media?parent=43043"}],"wp:term":[{"taxonomy":"product_brand","embeddable":true,"href":"https:\/\/amaldis.md\/ro\/wp-json\/wp\/v2\/product_brand?post=43043"},{"taxonomy":"product_cat","embeddable":true,"href":"https:\/\/amaldis.md\/ro\/wp-json\/wp\/v2\/product_cat?post=43043"},{"taxonomy":"product_tag","embeddable":true,"href":"https:\/\/amaldis.md\/ro\/wp-json\/wp\/v2\/product_tag?post=43043"}],"curies":[{"name":"wp","href":"https:\/\/api.w.org\/{rel}","templated":true}]}}