{"id":43063,"date":"2019-07-12T17:02:04","date_gmt":"2019-07-12T14:02:04","guid":{"rendered":"https:\/\/amaldis.md\/product\/manusi-de-box-6-oz-4\/"},"modified":"2026-03-11T13:36:51","modified_gmt":"2026-03-11T10:36:51","slug":"manusi-de-box-6-oz-4","status":"publish","type":"product","link":"https:\/\/amaldis.md\/ro\/produs\/manusi-de-box-6-oz-4\/","title":{"rendered":"M\u0103nu\u0219i de box din PVC, 6 OZ, 4616"},"content":{"rendered":"<h4>\u041f\u0435\u0440\u0447\u0430\u0442\u043a\u0438 \u0431\u043e\u043a\u0441 PVC 6 OZ 4616<\/h4>\n<p>Forma anatomic\u0103 \u0219i fixarea sigur\u0103 cu velcro la \u00eencheietura m\u00e2inii asigur\u0103 o potrivire confortabil\u0103 \u0219i un suport stabil pentru m\u00e2n\u0103.<br \/>\nPotrivit pentru saci de box, pad-uri \u0219i sparring. O alegere excelent\u0103 at\u00e2t pentru \u00eencep\u0103tori, c\u00e2t \u0219i pentru sportivi experimenta\u021bi. <\/p>\n","protected":false},"excerpt":{"rendered":"<h3>M\u0103nu\u0219i de box din PVC, 6 OZ, 4616<\/h3>\n","protected":false},"featured_media":46136,"comment_status":"open","ping_status":"closed","template":"","meta":{"_et_pb_use_builder":"","_et_pb_old_content":"","_et_gb_content_width":""},"product_brand":[],"product_cat":[663],"product_tag":[851,826,963,834,999,1354,1335],"class_list":{"0":"post-43063","1":"product","2":"type-product","3":"status-publish","4":"has-post-thumbnail","6":"product_cat-arte-martiale","7":"product_tag-box","8":"product_tag-instruire","9":"product_tag-kickboxing","10":"product_tag-manusi","11":"product_tag-manusi-de-box","12":"product_tag-sparring","13":"product_tag-sport-ro","14":"pa_size_gloves-6-ro","16":"first","17":"instock","18":"shipping-taxable","19":"purchasable","20":"product-type-simple"},"aioseo_notices":[],"_links":{"self":[{"href":"https:\/\/amaldis.md\/ro\/wp-json\/wp\/v2\/product\/43063","targetHints":{"allow":["GET"]}}],"collection":[{"href":"https:\/\/amaldis.md\/ro\/wp-json\/wp\/v2\/product"}],"about":[{"href":"https:\/\/amaldis.md\/ro\/wp-json\/wp\/v2\/types\/product"}],"replies":[{"embeddable":true,"href":"https:\/\/amaldis.md\/ro\/wp-json\/wp\/v2\/comments?post=43063"}],"wp:featuredmedia":[{"embeddable":true,"href":"https:\/\/amaldis.md\/ro\/wp-json\/wp\/v2\/media\/46136"}],"wp:attachment":[{"href":"https:\/\/amaldis.md\/ro\/wp-json\/wp\/v2\/media?parent=43063"}],"wp:term":[{"taxonomy":"product_brand","embeddable":true,"href":"https:\/\/amaldis.md\/ro\/wp-json\/wp\/v2\/product_brand?post=43063"},{"taxonomy":"product_cat","embeddable":true,"href":"https:\/\/amaldis.md\/ro\/wp-json\/wp\/v2\/product_cat?post=43063"},{"taxonomy":"product_tag","embeddable":true,"href":"https:\/\/amaldis.md\/ro\/wp-json\/wp\/v2\/product_tag?post=43063"}],"curies":[{"name":"wp","href":"https:\/\/api.w.org\/{rel}","templated":true}]}}