{"id":43124,"date":"2019-06-14T10:26:50","date_gmt":"2019-06-14T07:26:50","guid":{"rendered":"https:\/\/amaldis.md\/product\/busola-lichida\/"},"modified":"2019-06-14T10:26:50","modified_gmt":"2019-06-14T07:26:50","slug":"busola-lichida","status":"publish","type":"product","link":"https:\/\/amaldis.md\/ro\/produs\/busola-lichida\/","title":{"rendered":"Busol\u0103 lichid\u0103"},"content":{"rendered":"<h4>Busol\u0103 lichid\u0103<\/h4>\n<p>Tip: lichid.<br \/>\nMaterial: plastic, metal.<br \/>\nDiametru: 48 mm.<br \/>\nCarcasa: inchisa.<\/p>\n","protected":false},"excerpt":{"rendered":"<h3>Busol\u0103 lichid\u0103 \u00een carcas\u0103 \u00eenchis\u0103 (d-48 mm, metal, plastic).<\/h3>\n","protected":false},"featured_media":40867,"comment_status":"open","ping_status":"closed","template":"","meta":{"_et_pb_use_builder":"","_et_pb_old_content":"","_et_gb_content_width":""},"product_brand":[],"product_cat":[679],"product_tag":[1032,858,861],"class_list":{"0":"post-43124","1":"product","2":"type-product","3":"status-publish","4":"has-post-thumbnail","6":"product_cat-turism-si-recreere","7":"product_tag-busola","8":"product_tag-odihna","9":"product_tag-turism","11":"first","12":"instock","13":"shipping-taxable","14":"purchasable","15":"product-type-simple"},"aioseo_notices":[],"_links":{"self":[{"href":"https:\/\/amaldis.md\/ro\/wp-json\/wp\/v2\/product\/43124","targetHints":{"allow":["GET"]}}],"collection":[{"href":"https:\/\/amaldis.md\/ro\/wp-json\/wp\/v2\/product"}],"about":[{"href":"https:\/\/amaldis.md\/ro\/wp-json\/wp\/v2\/types\/product"}],"replies":[{"embeddable":true,"href":"https:\/\/amaldis.md\/ro\/wp-json\/wp\/v2\/comments?post=43124"}],"wp:featuredmedia":[{"embeddable":true,"href":"https:\/\/amaldis.md\/ro\/wp-json\/wp\/v2\/media\/40867"}],"wp:attachment":[{"href":"https:\/\/amaldis.md\/ro\/wp-json\/wp\/v2\/media?parent=43124"}],"wp:term":[{"taxonomy":"product_brand","embeddable":true,"href":"https:\/\/amaldis.md\/ro\/wp-json\/wp\/v2\/product_brand?post=43124"},{"taxonomy":"product_cat","embeddable":true,"href":"https:\/\/amaldis.md\/ro\/wp-json\/wp\/v2\/product_cat?post=43124"},{"taxonomy":"product_tag","embeddable":true,"href":"https:\/\/amaldis.md\/ro\/wp-json\/wp\/v2\/product_tag?post=43124"}],"curies":[{"name":"wp","href":"https:\/\/api.w.org\/{rel}","templated":true}]}}