{"id":43145,"date":"2019-06-12T14:23:04","date_gmt":"2019-06-12T11:23:04","guid":{"rendered":"https:\/\/amaldis.md\/product\/vasle-de-inot-2\/"},"modified":"2019-06-12T14:23:04","modified_gmt":"2019-06-12T11:23:04","slug":"vasle-de-inot-2","status":"publish","type":"product","link":"https:\/\/amaldis.md\/ro\/produs\/vasle-de-inot-2\/","title":{"rendered":"V\u00e2sle de \u00eenot"},"content":{"rendered":"<h4>V\u00e2sle de \u00eenot<\/h4>\n","protected":false},"excerpt":{"rendered":"<h3>Palete de vasle pentru inot (plastic, cauciuc, marime S 15*10 cm, culoare negru si galben).<\/h3>\n","protected":false},"featured_media":40703,"comment_status":"open","ping_status":"closed","template":"","meta":{"_et_pb_use_builder":"","_et_pb_old_content":"","_et_gb_content_width":""},"product_brand":[],"product_cat":[672],"product_tag":[882,981,1051],"class_list":{"0":"post-43145","1":"product","2":"type-product","3":"status-publish","4":"has-post-thumbnail","6":"product_cat-inot","7":"product_tag-inot","8":"product_tag-omoplati","9":"product_tag-vasle-de-inot","11":"first","12":"instock","13":"shipping-taxable","14":"purchasable","15":"product-type-simple"},"aioseo_notices":[],"_links":{"self":[{"href":"https:\/\/amaldis.md\/ro\/wp-json\/wp\/v2\/product\/43145","targetHints":{"allow":["GET"]}}],"collection":[{"href":"https:\/\/amaldis.md\/ro\/wp-json\/wp\/v2\/product"}],"about":[{"href":"https:\/\/amaldis.md\/ro\/wp-json\/wp\/v2\/types\/product"}],"replies":[{"embeddable":true,"href":"https:\/\/amaldis.md\/ro\/wp-json\/wp\/v2\/comments?post=43145"}],"wp:featuredmedia":[{"embeddable":true,"href":"https:\/\/amaldis.md\/ro\/wp-json\/wp\/v2\/media\/40703"}],"wp:attachment":[{"href":"https:\/\/amaldis.md\/ro\/wp-json\/wp\/v2\/media?parent=43145"}],"wp:term":[{"taxonomy":"product_brand","embeddable":true,"href":"https:\/\/amaldis.md\/ro\/wp-json\/wp\/v2\/product_brand?post=43145"},{"taxonomy":"product_cat","embeddable":true,"href":"https:\/\/amaldis.md\/ro\/wp-json\/wp\/v2\/product_cat?post=43145"},{"taxonomy":"product_tag","embeddable":true,"href":"https:\/\/amaldis.md\/ro\/wp-json\/wp\/v2\/product_tag?post=43145"}],"curies":[{"name":"wp","href":"https:\/\/api.w.org\/{rel}","templated":true}]}}