{"id":43147,"date":"2019-06-12T11:18:31","date_gmt":"2019-06-12T08:18:31","guid":{"rendered":"https:\/\/amaldis.md\/product\/aripioare-de-antrenament-3\/"},"modified":"2019-06-12T11:18:31","modified_gmt":"2019-06-12T08:18:31","slug":"aripioare-de-antrenament-3","status":"publish","type":"product","link":"https:\/\/amaldis.md\/ro\/produs\/aripioare-de-antrenament-3\/","title":{"rendered":"Aripioare de antrenament"},"content":{"rendered":"<h4>Aripioare de antrenament<\/h4>\n<p>Material: plastic, cauciuc<br \/>\nDimensiune: XS (30-32)<br \/>\nTip de galo\u0219uri: solide cu toc \u00eenchis<\/p>\n","protected":false},"excerpt":{"rendered":"<h3>\u00cenot\u0103toare de antrenament cu c\u0103lc\u00e2i \u00eenchis CIMA (M\u0103rime: XS (30-32), culoare negru, albastru.<\/h3>\n","protected":false},"featured_media":40691,"comment_status":"open","ping_status":"closed","template":"","meta":{"_et_pb_use_builder":"","_et_pb_old_content":"","_et_gb_content_width":""},"product_brand":[],"product_cat":[672],"product_tag":[970,882],"class_list":{"0":"post-43147","1":"product","2":"type-product","3":"status-publish","4":"has-post-thumbnail","6":"product_cat-inot","7":"product_tag-aripioare-de-inot","8":"product_tag-inot","9":"pa_size_shose-30-ro","10":"pa_size_shose-31-ro","11":"pa_size_shose-32-ro","12":"pa_size_shose-33-ro","13":"pa_size_shose-34-ro","14":"pa_size_shose-35-ro","15":"pa_size_shose-36-ro","16":"pa_size_shose-37-ro","17":"pa_size_shose-38-ro","18":"pa_size_shose-39-ro","19":"pa_size_shose-40-ro","20":"pa_size_shose-41-ro","22":"first","23":"instock","24":"shipping-taxable","25":"purchasable","26":"product-type-simple"},"aioseo_notices":[],"_links":{"self":[{"href":"https:\/\/amaldis.md\/ro\/wp-json\/wp\/v2\/product\/43147","targetHints":{"allow":["GET"]}}],"collection":[{"href":"https:\/\/amaldis.md\/ro\/wp-json\/wp\/v2\/product"}],"about":[{"href":"https:\/\/amaldis.md\/ro\/wp-json\/wp\/v2\/types\/product"}],"replies":[{"embeddable":true,"href":"https:\/\/amaldis.md\/ro\/wp-json\/wp\/v2\/comments?post=43147"}],"wp:featuredmedia":[{"embeddable":true,"href":"https:\/\/amaldis.md\/ro\/wp-json\/wp\/v2\/media\/40691"}],"wp:attachment":[{"href":"https:\/\/amaldis.md\/ro\/wp-json\/wp\/v2\/media?parent=43147"}],"wp:term":[{"taxonomy":"product_brand","embeddable":true,"href":"https:\/\/amaldis.md\/ro\/wp-json\/wp\/v2\/product_brand?post=43147"},{"taxonomy":"product_cat","embeddable":true,"href":"https:\/\/amaldis.md\/ro\/wp-json\/wp\/v2\/product_cat?post=43147"},{"taxonomy":"product_tag","embeddable":true,"href":"https:\/\/amaldis.md\/ro\/wp-json\/wp\/v2\/product_tag?post=43147"}],"curies":[{"name":"wp","href":"https:\/\/api.w.org\/{rel}","templated":true}]}}