{"id":43150,"date":"2019-06-12T10:07:42","date_gmt":"2019-06-12T07:07:42","guid":{"rendered":"https:\/\/amaldis.md\/product\/slapi-de-plaja-pentru-femei\/"},"modified":"2019-06-12T10:07:42","modified_gmt":"2019-06-12T07:07:42","slug":"slapi-de-plaja-pentru-femei","status":"publish","type":"product","link":"https:\/\/amaldis.md\/ro\/produs\/slapi-de-plaja-pentru-femei\/","title":{"rendered":"\u0218lapi de plaj\u0103 pentru femei"},"content":{"rendered":"<h4>\u0218lapi de plaj\u0103 pentru femei<\/h4>\n","protected":false},"excerpt":{"rendered":"<h3>\u0218lapi de plaj\u0103 dam\u0103 MIXSTAR (m\u0103rime 36-39, culori asortate).<\/h3>\n","protected":false},"featured_media":40669,"comment_status":"open","ping_status":"closed","template":"","meta":{"_et_pb_use_builder":"","_et_pb_old_content":"","_et_gb_content_width":""},"product_brand":[],"product_cat":[670],"product_tag":[949,1054,1053],"class_list":{"0":"post-43150","1":"product","2":"type-product","3":"status-publish","4":"has-post-thumbnail","6":"product_cat-incaltaminte","7":"product_tag-pantofi","8":"product_tag-plaja","9":"product_tag-slapi-de-plaja","10":"pa_size_shose-36-ro","11":"pa_size_shose-37-ro","12":"pa_size_shose-38-ro","13":"pa_size_shose-39-ro","15":"first","16":"instock","17":"shipping-taxable","18":"purchasable","19":"product-type-variable"},"aioseo_notices":[],"_links":{"self":[{"href":"https:\/\/amaldis.md\/ro\/wp-json\/wp\/v2\/product\/43150","targetHints":{"allow":["GET"]}}],"collection":[{"href":"https:\/\/amaldis.md\/ro\/wp-json\/wp\/v2\/product"}],"about":[{"href":"https:\/\/amaldis.md\/ro\/wp-json\/wp\/v2\/types\/product"}],"replies":[{"embeddable":true,"href":"https:\/\/amaldis.md\/ro\/wp-json\/wp\/v2\/comments?post=43150"}],"wp:featuredmedia":[{"embeddable":true,"href":"https:\/\/amaldis.md\/ro\/wp-json\/wp\/v2\/media\/40669"}],"wp:attachment":[{"href":"https:\/\/amaldis.md\/ro\/wp-json\/wp\/v2\/media?parent=43150"}],"wp:term":[{"taxonomy":"product_brand","embeddable":true,"href":"https:\/\/amaldis.md\/ro\/wp-json\/wp\/v2\/product_brand?post=43150"},{"taxonomy":"product_cat","embeddable":true,"href":"https:\/\/amaldis.md\/ro\/wp-json\/wp\/v2\/product_cat?post=43150"},{"taxonomy":"product_tag","embeddable":true,"href":"https:\/\/amaldis.md\/ro\/wp-json\/wp\/v2\/product_tag?post=43150"}],"curies":[{"name":"wp","href":"https:\/\/api.w.org\/{rel}","templated":true}]}}