{"id":43160,"date":"2019-06-11T15:57:49","date_gmt":"2019-06-11T12:57:49","guid":{"rendered":"https:\/\/amaldis.md\/product\/sosete-de-fotbal-pentru-adulti-2\/"},"modified":"2025-09-19T14:06:29","modified_gmt":"2025-09-19T11:06:29","slug":"sosete-de-fotbal-pentru-adulti-2","status":"publish","type":"product","link":"https:\/\/amaldis.md\/ro\/produs\/sosete-de-fotbal-pentru-adulti-2\/","title":{"rendered":"\u0218osete de fotbal pentru adul\u021bi CO3256-NV"},"content":{"rendered":"<h3>\u0218osete de fotbal pentru adul\u021bi CO3256-NV<\/h3>\n","protected":false},"excerpt":{"rendered":"<h3>\u0218osete de fotbal pentru adul\u021bi CO3256-NV (\u0219oset\u0103 din bumbac terry, fa\u021b\u0103 din nailon, m\u0103rimea 40-45, albastru \u00eenchis).<\/h3>\n","protected":false},"featured_media":40211,"comment_status":"open","ping_status":"closed","template":"","meta":{"_et_pb_use_builder":"","_et_pb_old_content":"","_et_gb_content_width":""},"product_brand":[],"product_cat":[682,671],"product_tag":[857,865,1057],"class_list":{"0":"post-43160","1":"product","2":"type-product","3":"status-publish","4":"has-post-thumbnail","6":"product_cat-fotbal","7":"product_cat-imbracaminte","8":"product_tag-fotbal","9":"product_tag-ghetre","10":"product_tag-sosete-de-fotbal","12":"first","13":"instock","14":"shipping-taxable","15":"purchasable","16":"product-type-simple"},"aioseo_notices":[],"_links":{"self":[{"href":"https:\/\/amaldis.md\/ro\/wp-json\/wp\/v2\/product\/43160","targetHints":{"allow":["GET"]}}],"collection":[{"href":"https:\/\/amaldis.md\/ro\/wp-json\/wp\/v2\/product"}],"about":[{"href":"https:\/\/amaldis.md\/ro\/wp-json\/wp\/v2\/types\/product"}],"replies":[{"embeddable":true,"href":"https:\/\/amaldis.md\/ro\/wp-json\/wp\/v2\/comments?post=43160"}],"wp:featuredmedia":[{"embeddable":true,"href":"https:\/\/amaldis.md\/ro\/wp-json\/wp\/v2\/media\/40211"}],"wp:attachment":[{"href":"https:\/\/amaldis.md\/ro\/wp-json\/wp\/v2\/media?parent=43160"}],"wp:term":[{"taxonomy":"product_brand","embeddable":true,"href":"https:\/\/amaldis.md\/ro\/wp-json\/wp\/v2\/product_brand?post=43160"},{"taxonomy":"product_cat","embeddable":true,"href":"https:\/\/amaldis.md\/ro\/wp-json\/wp\/v2\/product_cat?post=43160"},{"taxonomy":"product_tag","embeddable":true,"href":"https:\/\/amaldis.md\/ro\/wp-json\/wp\/v2\/product_tag?post=43160"}],"curies":[{"name":"wp","href":"https:\/\/api.w.org\/{rel}","templated":true}]}}