{"id":43186,"date":"2019-06-01T14:39:41","date_gmt":"2019-06-01T11:39:41","guid":{"rendered":"https:\/\/amaldis.md\/product\/darts-pentru-a-juca-darts-2\/"},"modified":"2019-06-01T14:39:41","modified_gmt":"2019-06-01T11:39:41","slug":"darts-pentru-a-juca-darts-2","status":"publish","type":"product","link":"https:\/\/amaldis.md\/ro\/produs\/darts-pentru-a-juca-darts-2\/","title":{"rendered":"Darts pentru a juca darts"},"content":{"rendered":"<h4>Darts pentru a juca darts<\/h4>\n","protected":false},"excerpt":{"rendered":"<h3>S\u0103ge\u021bi \u00een form\u0103 de pic\u0103tur\u0103 pentru jocul s\u0103ge\u021bilor, 3 buc (alama, plastic, greutate 6g).<\/h3>\n","protected":false},"featured_media":40574,"comment_status":"open","ping_status":"closed","template":"","meta":{"_et_pb_use_builder":"","_et_pb_old_content":"","_et_gb_content_width":""},"product_brand":[],"product_cat":[668],"product_tag":[989,986,990],"class_list":{"0":"post-43186","1":"product","2":"type-product","3":"status-publish","4":"has-post-thumbnail","6":"product_cat-jocuri","7":"product_tag-darts-ro","8":"product_tag-joc","9":"product_tag-lance","11":"first","12":"instock","13":"shipping-taxable","14":"purchasable","15":"product-type-simple"},"aioseo_notices":[],"_links":{"self":[{"href":"https:\/\/amaldis.md\/ro\/wp-json\/wp\/v2\/product\/43186","targetHints":{"allow":["GET"]}}],"collection":[{"href":"https:\/\/amaldis.md\/ro\/wp-json\/wp\/v2\/product"}],"about":[{"href":"https:\/\/amaldis.md\/ro\/wp-json\/wp\/v2\/types\/product"}],"replies":[{"embeddable":true,"href":"https:\/\/amaldis.md\/ro\/wp-json\/wp\/v2\/comments?post=43186"}],"wp:featuredmedia":[{"embeddable":true,"href":"https:\/\/amaldis.md\/ro\/wp-json\/wp\/v2\/media\/40574"}],"wp:attachment":[{"href":"https:\/\/amaldis.md\/ro\/wp-json\/wp\/v2\/media?parent=43186"}],"wp:term":[{"taxonomy":"product_brand","embeddable":true,"href":"https:\/\/amaldis.md\/ro\/wp-json\/wp\/v2\/product_brand?post=43186"},{"taxonomy":"product_cat","embeddable":true,"href":"https:\/\/amaldis.md\/ro\/wp-json\/wp\/v2\/product_cat?post=43186"},{"taxonomy":"product_tag","embeddable":true,"href":"https:\/\/amaldis.md\/ro\/wp-json\/wp\/v2\/product_tag?post=43186"}],"curies":[{"name":"wp","href":"https:\/\/api.w.org\/{rel}","templated":true}]}}