{"id":43188,"date":"2019-05-31T15:41:35","date_gmt":"2019-05-31T12:41:35","guid":{"rendered":"https:\/\/amaldis.md\/product\/centura-de-saune\/"},"modified":"2026-03-18T15:25:08","modified_gmt":"2026-03-18T12:25:08","slug":"centura-de-saune","status":"publish","type":"product","link":"https:\/\/amaldis.md\/ro\/produs\/centura-de-saune\/","title":{"rendered":"Centura Sauna Plus"},"content":{"rendered":"<h4><span data-sheets-root=\"1\">Centura Sauna Plus <\/span><\/h4>\n<p>Vrei s\u0103 reduci gr\u0103simea de pe burt\u0103 \u0219i zona afectat\u0103 de m\u00e2nerele de dragoste f\u0103r\u0103 antrenamente extenuante? O centur\u0103 de saun\u0103 pentru sl\u0103bit este o solu\u021bie dovedit\u0103 care valorific\u0103 puterea termoterapiei pentru o pierdere \u00een greutate bl\u00e2nd\u0103 \u0219i eficient\u0103. <\/p>\n<ul>\n<li>Reducerea volumului \u00een zonele cu probleme \u2013 abdomen, \u0219olduri, p\u0103r\u021bi laterale, partea inferioar\u0103 a spatelui.<\/li>\n<li>Relaxarea mu\u0219chilor dup\u0103 exerci\u021bii fizice \u2013 amelioreaz\u0103 tensiunea \u0219i disconfortul.<\/li>\n<li>\u00cembun\u0103t\u0103\u021be\u0219te tonusul pielii \u2013 o face mai ferm\u0103 \u0219i mai elastic\u0103.<\/li>\n<\/ul>\n","protected":false},"excerpt":{"rendered":"<h3>Sauna Plus centura de sauna de slabit cu termostat.<\/h3>\n","protected":false},"featured_media":46286,"comment_status":"open","ping_status":"closed","template":"","meta":{"_et_pb_use_builder":"","_et_pb_old_content":"","_et_gb_content_width":""},"product_brand":[],"product_cat":[681],"product_tag":[1069,1068,1433,1434],"class_list":{"0":"post-43188","1":"product","2":"type-product","3":"status-publish","4":"has-post-thumbnail","6":"product_cat-fitness-si-yoga","7":"product_tag-centura-de-saune","8":"product_tag-centura-de-slabit","9":"product_tag-centura-electrica-de-slabit","10":"product_tag-efect-de-sauna","12":"first","13":"instock","14":"shipping-taxable","15":"purchasable","16":"product-type-simple"},"aioseo_notices":[],"_links":{"self":[{"href":"https:\/\/amaldis.md\/ro\/wp-json\/wp\/v2\/product\/43188","targetHints":{"allow":["GET"]}}],"collection":[{"href":"https:\/\/amaldis.md\/ro\/wp-json\/wp\/v2\/product"}],"about":[{"href":"https:\/\/amaldis.md\/ro\/wp-json\/wp\/v2\/types\/product"}],"replies":[{"embeddable":true,"href":"https:\/\/amaldis.md\/ro\/wp-json\/wp\/v2\/comments?post=43188"}],"wp:featuredmedia":[{"embeddable":true,"href":"https:\/\/amaldis.md\/ro\/wp-json\/wp\/v2\/media\/46286"}],"wp:attachment":[{"href":"https:\/\/amaldis.md\/ro\/wp-json\/wp\/v2\/media?parent=43188"}],"wp:term":[{"taxonomy":"product_brand","embeddable":true,"href":"https:\/\/amaldis.md\/ro\/wp-json\/wp\/v2\/product_brand?post=43188"},{"taxonomy":"product_cat","embeddable":true,"href":"https:\/\/amaldis.md\/ro\/wp-json\/wp\/v2\/product_cat?post=43188"},{"taxonomy":"product_tag","embeddable":true,"href":"https:\/\/amaldis.md\/ro\/wp-json\/wp\/v2\/product_tag?post=43188"}],"curies":[{"name":"wp","href":"https:\/\/api.w.org\/{rel}","templated":true}]}}