{"id":43194,"date":"2019-05-31T14:23:41","date_gmt":"2019-05-31T11:23:41","guid":{"rendered":"https:\/\/amaldis.md\/product\/centura-de-slabit-2\/"},"modified":"2019-05-31T14:23:41","modified_gmt":"2019-05-31T11:23:41","slug":"centura-de-slabit-2","status":"publish","type":"product","link":"https:\/\/amaldis.md\/ro\/produs\/centura-de-slabit-2\/","title":{"rendered":"Centura de slabit"},"content":{"rendered":"<h4>Centura de slabit<\/h4>\n<h6>Fabricat din material compozit cu \u00eenc\u0103lzire rapid\u0103 din fibr\u0103 argintie HEATOUTFIT<\/h6>\n","protected":false},"excerpt":{"rendered":"<h4 class=\"product-intro__title\">Cureaua de slabit din material compozit ST-2148-L latime-23cm negru<\/h4>\n","protected":false},"featured_media":41733,"comment_status":"open","ping_status":"closed","template":"","meta":{"_et_pb_use_builder":"","_et_pb_old_content":"","_et_gb_content_width":""},"product_brand":[],"product_cat":[666,664],"product_tag":[877,1068],"class_list":{"0":"post-43194","1":"product","2":"type-product","3":"status-publish","4":"has-post-thumbnail","6":"product_cat-pierderea-in-greutate","7":"product_cat-sanatate","8":"product_tag-centura","9":"product_tag-centura-de-slabit","10":"pa_size-4-ro","11":"pa_size-3-ro","12":"pa_size-5-ro","14":"first","15":"instock","16":"shipping-taxable","17":"purchasable","18":"product-type-simple"},"aioseo_notices":[],"_links":{"self":[{"href":"https:\/\/amaldis.md\/ro\/wp-json\/wp\/v2\/product\/43194","targetHints":{"allow":["GET"]}}],"collection":[{"href":"https:\/\/amaldis.md\/ro\/wp-json\/wp\/v2\/product"}],"about":[{"href":"https:\/\/amaldis.md\/ro\/wp-json\/wp\/v2\/types\/product"}],"replies":[{"embeddable":true,"href":"https:\/\/amaldis.md\/ro\/wp-json\/wp\/v2\/comments?post=43194"}],"wp:featuredmedia":[{"embeddable":true,"href":"https:\/\/amaldis.md\/ro\/wp-json\/wp\/v2\/media\/41733"}],"wp:attachment":[{"href":"https:\/\/amaldis.md\/ro\/wp-json\/wp\/v2\/media?parent=43194"}],"wp:term":[{"taxonomy":"product_brand","embeddable":true,"href":"https:\/\/amaldis.md\/ro\/wp-json\/wp\/v2\/product_brand?post=43194"},{"taxonomy":"product_cat","embeddable":true,"href":"https:\/\/amaldis.md\/ro\/wp-json\/wp\/v2\/product_cat?post=43194"},{"taxonomy":"product_tag","embeddable":true,"href":"https:\/\/amaldis.md\/ro\/wp-json\/wp\/v2\/product_tag?post=43194"}],"curies":[{"name":"wp","href":"https:\/\/api.w.org\/{rel}","templated":true}]}}