{"id":43227,"date":"2019-05-28T17:22:39","date_gmt":"2019-05-28T14:22:39","guid":{"rendered":"https:\/\/amaldis.md\/product\/genunchiere-de-volei-pentru-copii\/"},"modified":"2026-04-08T15:28:59","modified_gmt":"2026-04-08T12:28:59","slug":"genunchiere-de-volei-pentru-copii","status":"publish","type":"product","link":"https:\/\/amaldis.md\/ro\/produs\/genunchiere-de-volei-pentru-copii\/","title":{"rendered":"Genunchiere volei (2) DIKES 0735 -S negru"},"content":{"rendered":"<h4><span data-sheets-root=\"1\">Genunchiere volei (2) DIKES 0735 -S negru<\/span><\/h4>\n<div class=\"et_pb_row et_pb_row_2_tb_body\">\n<div class=\"et_pb_column et_pb_column_4_4 et_pb_column_3_tb_body et_pb_css_mix_blend_mode_passthrough et-last-child\">\n<div class=\"et_pb_module et_pb_wc_description et_pb_wc_description_1_tb_body et_pb_bg_layout_light et_pb_text_align_left\">\n<div class=\"et_pb_module_inner\">\n<div class=\"specification\">\n<div class=\"specification__item\">\n<div class=\"typo read-more\" data-read-more-btn-text=\"\u041f\u043e\u0434\u0440\u043e\u0431\u043d\u0435\u0435\">\n<div class=\"read-more__content\">\n<ul>\n<li>Poate fi folosit pentru gimnastic\u0103, coregrafie \u0219i sporturi de echip\u0103.<\/li>\n<li>Protejeaz\u0103 articula\u021biile genunchiului de v\u00e2n\u0103t\u0103i \u0219i entorse.<\/li>\n<li>Fabricat din material u\u0219or \u0219i respirabil.<\/li>\n<\/ul>\n<\/div>\n<\/div>\n<div class=\"specification\">\n<p class=\"specification__title\">Caracteristici<\/p>\n<div class=\"specification__item\">Tip: Genunchiere<\/div>\n<div class=\"specification__item\">Set de 2 buc.<\/div>\n<div class=\"specification__item\">Sporturi: Gimnastic\u0103, Dans, Coregrafie, Majorete, Handbal, Volei<\/div>\n<div class=\"specification__item\">Grupa de varsta Pentru copii<\/div>\n<div class=\"specification__item\">Protec\u021bie: Pern\u0103 moale de protec\u021bie rezistent\u0103 la \u0219ocuri<\/div>\n<div class=\"specification__item\">Material: Poliester \/ Elastan<\/div>\n<\/div>\n<\/div>\n<\/div>\n<\/div>\n<\/div>\n<div class=\"et_pb_module et_pb_wc_additional_info et_pb_wc_additional_info_0_tb_body et_pb_bg_layout_light et_pb_text_align_left\">\n<div class=\"et_pb_module_inner\"><\/div>\n<\/div>\n<\/div>\n<\/div>\n<div class=\"et_pb_row et_pb_row_3_tb_body\">\n<div class=\"et_pb_column et_pb_column_4_4 et_pb_column_4_tb_body et_pb_css_mix_blend_mode_passthrough et-last-child\">\n<div class=\"et_pb_module et_pb_wc_related_products et_pb_wc_related_products_0_tb_body et_pb_bg_layout_ et_pb_text_align_center\">\n<div class=\"et_pb_module_inner\"><\/div>\n<\/div>\n<\/div>\n<\/div>\n","protected":false},"excerpt":{"rendered":"<h3><span data-sheets-root=\"1\">Genunchiere volei (2) DIKES 0735 -S negru<\/span><\/h3>\n","protected":false},"featured_media":46529,"comment_status":"open","ping_status":"closed","template":"","meta":{"_et_pb_use_builder":"","_et_pb_old_content":"","_et_gb_content_width":""},"product_brand":[1372],"product_cat":[659,658],"product_tag":[1073,1473,1078,931,822,887],"class_list":{"0":"post-43227","1":"product","2":"type-product","3":"status-publish","4":"has-post-thumbnail","6":"product_brand-zelart","7":"product_cat-gimnastica-si-dans","8":"product_cat-volei","9":"product_tag-dans","10":"product_tag-genunchiere-ro","11":"product_tag-genunchiere-de-volei","12":"product_tag-gimnastica","13":"product_tag-protectie","14":"product_tag-volei","16":"first","17":"instock","18":"shipping-taxable","19":"purchasable","20":"product-type-simple"},"aioseo_notices":[],"_links":{"self":[{"href":"https:\/\/amaldis.md\/ro\/wp-json\/wp\/v2\/product\/43227","targetHints":{"allow":["GET"]}}],"collection":[{"href":"https:\/\/amaldis.md\/ro\/wp-json\/wp\/v2\/product"}],"about":[{"href":"https:\/\/amaldis.md\/ro\/wp-json\/wp\/v2\/types\/product"}],"replies":[{"embeddable":true,"href":"https:\/\/amaldis.md\/ro\/wp-json\/wp\/v2\/comments?post=43227"}],"wp:featuredmedia":[{"embeddable":true,"href":"https:\/\/amaldis.md\/ro\/wp-json\/wp\/v2\/media\/46529"}],"wp:attachment":[{"href":"https:\/\/amaldis.md\/ro\/wp-json\/wp\/v2\/media?parent=43227"}],"wp:term":[{"taxonomy":"product_brand","embeddable":true,"href":"https:\/\/amaldis.md\/ro\/wp-json\/wp\/v2\/product_brand?post=43227"},{"taxonomy":"product_cat","embeddable":true,"href":"https:\/\/amaldis.md\/ro\/wp-json\/wp\/v2\/product_cat?post=43227"},{"taxonomy":"product_tag","embeddable":true,"href":"https:\/\/amaldis.md\/ro\/wp-json\/wp\/v2\/product_tag?post=43227"}],"curies":[{"name":"wp","href":"https:\/\/api.w.org\/{rel}","templated":true}]}}