{"id":43245,"date":"2019-05-24T13:40:10","date_gmt":"2019-05-24T10:40:10","guid":{"rendered":"https:\/\/amaldis.md\/product\/racheta-de-squash\/"},"modified":"2026-03-21T13:45:54","modified_gmt":"2026-03-21T10:45:54","slug":"racheta-de-squash","status":"publish","type":"product","link":"https:\/\/amaldis.md\/ro\/produs\/racheta-de-squash\/","title":{"rendered":"Rachet\u0103 de squash 400110"},"content":{"rendered":"<h4><span data-sheets-root=\"1\">Rachet\u0103 de squash 400110<\/span><\/h4>\n<p>Greutate redus\u0103 &#8211; convenabil\u0103 pentru \u00eenv\u0103\u021barea \u0219i practicarea tehnicilor<br \/>\nEchilibru bun \u00eentre putere \u0219i control<br \/>\nCadru rezistent pentru antrenamente intense<br \/>\nM\u00e2ner confortabil cu o prindere sigur\u0103<\/p>\n","protected":false},"excerpt":{"rendered":"<h3><span data-sheets-root=\"1\">Rachet\u0103 de squash 400110<\/span><\/h3>\n","protected":false},"featured_media":46317,"comment_status":"open","ping_status":"closed","template":"","meta":{"_et_pb_use_builder":"","_et_pb_old_content":"","_et_gb_content_width":""},"product_brand":[1390],"product_cat":[657],"product_tag":[1098,1097],"class_list":{"0":"post-43245","1":"product","2":"type-product","3":"status-publish","4":"has-post-thumbnail","6":"product_brand-amaldis","7":"product_cat-tenis-mare-si-squash","8":"product_tag-racheta-de-squash","9":"product_tag-suc-de-fructe","11":"first","12":"instock","13":"shipping-taxable","14":"purchasable","15":"product-type-simple"},"aioseo_notices":[],"_links":{"self":[{"href":"https:\/\/amaldis.md\/ro\/wp-json\/wp\/v2\/product\/43245","targetHints":{"allow":["GET"]}}],"collection":[{"href":"https:\/\/amaldis.md\/ro\/wp-json\/wp\/v2\/product"}],"about":[{"href":"https:\/\/amaldis.md\/ro\/wp-json\/wp\/v2\/types\/product"}],"replies":[{"embeddable":true,"href":"https:\/\/amaldis.md\/ro\/wp-json\/wp\/v2\/comments?post=43245"}],"wp:featuredmedia":[{"embeddable":true,"href":"https:\/\/amaldis.md\/ro\/wp-json\/wp\/v2\/media\/46317"}],"wp:attachment":[{"href":"https:\/\/amaldis.md\/ro\/wp-json\/wp\/v2\/media?parent=43245"}],"wp:term":[{"taxonomy":"product_brand","embeddable":true,"href":"https:\/\/amaldis.md\/ro\/wp-json\/wp\/v2\/product_brand?post=43245"},{"taxonomy":"product_cat","embeddable":true,"href":"https:\/\/amaldis.md\/ro\/wp-json\/wp\/v2\/product_cat?post=43245"},{"taxonomy":"product_tag","embeddable":true,"href":"https:\/\/amaldis.md\/ro\/wp-json\/wp\/v2\/product_tag?post=43245"}],"curies":[{"name":"wp","href":"https:\/\/api.w.org\/{rel}","templated":true}]}}