{"id":43246,"date":"2019-05-24T13:37:06","date_gmt":"2019-05-24T10:37:06","guid":{"rendered":"https:\/\/amaldis.md\/product\/racheta-de-squash-2\/"},"modified":"2026-03-21T13:52:32","modified_gmt":"2026-03-21T10:52:32","slug":"racheta-de-squash-2","status":"publish","type":"product","link":"https:\/\/amaldis.md\/ro\/produs\/racheta-de-squash-2\/","title":{"rendered":"Racheta de squash Wilson"},"content":{"rendered":"<h4><span data-sheets-root=\"1\">Racheta de squash Wilson<\/span><\/h4>\n<p>Rachetele de squash Wilson combin\u0103 u\u0219urin\u021ba, durabilitatea \u0219i un control excelent al mingii. Potrivit\u0103 at\u00e2t pentru antrenament, c\u00e2t \u0219i pentru joc intens, ofer\u0103 lovituri precise, echilibru confortabil \u0219i o senza\u021bie \u00eencrez\u0103toare a mingii pe teren. Alegerea ideal\u0103 pentru juc\u0103torii care \u00ee\u0219i doresc stabilitate \u0219i vitez\u0103 la fiecare tragere.<\/p>\n","protected":false},"excerpt":{"rendered":"<h3>Racheta de squash WILSON.<\/h3>\n","protected":false},"featured_media":46319,"comment_status":"open","ping_status":"closed","template":"","meta":{"_et_pb_use_builder":"","_et_pb_old_content":"","_et_gb_content_width":""},"product_brand":[],"product_cat":[657],"product_tag":[1098,1097,854],"class_list":{"0":"post-43246","1":"product","2":"type-product","3":"status-publish","4":"has-post-thumbnail","6":"product_cat-tenis-mare-si-squash","7":"product_tag-racheta-de-squash","8":"product_tag-suc-de-fructe","9":"product_tag-tenis","11":"first","12":"instock","13":"shipping-taxable","14":"purchasable","15":"product-type-simple"},"aioseo_notices":[],"_links":{"self":[{"href":"https:\/\/amaldis.md\/ro\/wp-json\/wp\/v2\/product\/43246","targetHints":{"allow":["GET"]}}],"collection":[{"href":"https:\/\/amaldis.md\/ro\/wp-json\/wp\/v2\/product"}],"about":[{"href":"https:\/\/amaldis.md\/ro\/wp-json\/wp\/v2\/types\/product"}],"replies":[{"embeddable":true,"href":"https:\/\/amaldis.md\/ro\/wp-json\/wp\/v2\/comments?post=43246"}],"wp:featuredmedia":[{"embeddable":true,"href":"https:\/\/amaldis.md\/ro\/wp-json\/wp\/v2\/media\/46319"}],"wp:attachment":[{"href":"https:\/\/amaldis.md\/ro\/wp-json\/wp\/v2\/media?parent=43246"}],"wp:term":[{"taxonomy":"product_brand","embeddable":true,"href":"https:\/\/amaldis.md\/ro\/wp-json\/wp\/v2\/product_brand?post=43246"},{"taxonomy":"product_cat","embeddable":true,"href":"https:\/\/amaldis.md\/ro\/wp-json\/wp\/v2\/product_cat?post=43246"},{"taxonomy":"product_tag","embeddable":true,"href":"https:\/\/amaldis.md\/ro\/wp-json\/wp\/v2\/product_tag?post=43246"}],"curies":[{"name":"wp","href":"https:\/\/api.w.org\/{rel}","templated":true}]}}