{"id":43248,"date":"2019-05-24T13:03:57","date_gmt":"2019-05-24T10:03:57","guid":{"rendered":"https:\/\/amaldis.md\/product\/aparat-de-gura-de-box-amaldis-unilateralya\/"},"modified":"2019-05-24T13:03:57","modified_gmt":"2019-05-24T10:03:57","slug":"aparat-de-gura-de-box-amaldis-unilateralya","status":"publish","type":"product","link":"https:\/\/amaldis.md\/ro\/produs\/aparat-de-gura-de-box-amaldis-unilateralya\/","title":{"rendered":"Aparat de gur\u0103 de box AMALDIS unilateral\u044f"},"content":{"rendered":"<h3>Aparat de gur\u0103 de box AMALDIS unilateral\u044f<\/h3>\n","protected":false},"excerpt":{"rendered":"<h3>Aparat de gur\u0103 box AMALDIS unilateral (o singur\u0103 falc\u0103, culori asortate) junior \u00een carcas\u0103.<\/h3>\n","protected":false},"featured_media":40383,"comment_status":"open","ping_status":"closed","template":"","meta":{"_et_pb_use_builder":"","_et_pb_old_content":"","_et_gb_content_width":""},"product_brand":[],"product_cat":[665,663],"product_tag":[874,851,822],"class_list":{"0":"post-43248","1":"product","2":"type-product","3":"status-publish","4":"has-post-thumbnail","6":"product_cat-aparari","7":"product_cat-arte-martiale","8":"product_tag-aparatorie-pentru-gura","9":"product_tag-box","10":"product_tag-protectie","12":"first","13":"instock","14":"shipping-taxable","15":"purchasable","16":"product-type-simple"},"aioseo_notices":[],"_links":{"self":[{"href":"https:\/\/amaldis.md\/ro\/wp-json\/wp\/v2\/product\/43248","targetHints":{"allow":["GET"]}}],"collection":[{"href":"https:\/\/amaldis.md\/ro\/wp-json\/wp\/v2\/product"}],"about":[{"href":"https:\/\/amaldis.md\/ro\/wp-json\/wp\/v2\/types\/product"}],"replies":[{"embeddable":true,"href":"https:\/\/amaldis.md\/ro\/wp-json\/wp\/v2\/comments?post=43248"}],"wp:featuredmedia":[{"embeddable":true,"href":"https:\/\/amaldis.md\/ro\/wp-json\/wp\/v2\/media\/40383"}],"wp:attachment":[{"href":"https:\/\/amaldis.md\/ro\/wp-json\/wp\/v2\/media?parent=43248"}],"wp:term":[{"taxonomy":"product_brand","embeddable":true,"href":"https:\/\/amaldis.md\/ro\/wp-json\/wp\/v2\/product_brand?post=43248"},{"taxonomy":"product_cat","embeddable":true,"href":"https:\/\/amaldis.md\/ro\/wp-json\/wp\/v2\/product_cat?post=43248"},{"taxonomy":"product_tag","embeddable":true,"href":"https:\/\/amaldis.md\/ro\/wp-json\/wp\/v2\/product_tag?post=43248"}],"curies":[{"name":"wp","href":"https:\/\/api.w.org\/{rel}","templated":true}]}}