{"id":43249,"date":"2019-05-24T12:51:12","date_gmt":"2019-05-24T09:51:12","guid":{"rendered":"https:\/\/amaldis.md\/product\/aparator-de-gura-de-box-cu-o-singura-falca-zelart\/"},"modified":"2024-02-27T12:32:55","modified_gmt":"2024-02-27T09:32:55","slug":"aparator-de-gura-de-box-cu-o-singura-falca-zelart","status":"publish","type":"product","link":"https:\/\/amaldis.md\/ro\/produs\/aparator-de-gura-de-box-cu-o-singura-falca-zelart\/","title":{"rendered":"Ap\u0103r\u0103tor de gur\u0103 de box cu o singur\u0103 falc\u0103 Zelart"},"content":{"rendered":"<h3 class=\"product-intro__title\"><\/h3>\n<h4>Ap\u0103r\u0103tor de gur\u0103 de box cu o singur\u0103 falc\u0103 Zelart<\/h4>\n<p>Material: termoplastic.<br \/>\nTip: unilateral.<br \/>\nCuloare: transparent, verde deschis, albastru, negru.<\/p>\n","protected":false},"excerpt":{"rendered":"<h3 class=\"product-intro__title\">Aparat bucal de box cu o singura falca Zelart BO-3604-L L culori asortate<\/h3>\n","protected":false},"featured_media":41738,"comment_status":"open","ping_status":"closed","template":"","meta":{"_et_pb_use_builder":"","_et_pb_old_content":"","_et_gb_content_width":""},"product_brand":[],"product_cat":[665,663],"product_tag":[874,851,822],"class_list":{"0":"post-43249","1":"product","2":"type-product","3":"status-publish","4":"has-post-thumbnail","6":"product_cat-aparari","7":"product_cat-arte-martiale","8":"product_tag-aparatorie-pentru-gura","9":"product_tag-box","10":"product_tag-protectie","11":"pa_size-3-ro","12":"pa_size-4-ro","14":"first","15":"instock","16":"shipping-taxable","17":"purchasable","18":"product-type-simple"},"aioseo_notices":[],"_links":{"self":[{"href":"https:\/\/amaldis.md\/ro\/wp-json\/wp\/v2\/product\/43249","targetHints":{"allow":["GET"]}}],"collection":[{"href":"https:\/\/amaldis.md\/ro\/wp-json\/wp\/v2\/product"}],"about":[{"href":"https:\/\/amaldis.md\/ro\/wp-json\/wp\/v2\/types\/product"}],"replies":[{"embeddable":true,"href":"https:\/\/amaldis.md\/ro\/wp-json\/wp\/v2\/comments?post=43249"}],"wp:featuredmedia":[{"embeddable":true,"href":"https:\/\/amaldis.md\/ro\/wp-json\/wp\/v2\/media\/41738"}],"wp:attachment":[{"href":"https:\/\/amaldis.md\/ro\/wp-json\/wp\/v2\/media?parent=43249"}],"wp:term":[{"taxonomy":"product_brand","embeddable":true,"href":"https:\/\/amaldis.md\/ro\/wp-json\/wp\/v2\/product_brand?post=43249"},{"taxonomy":"product_cat","embeddable":true,"href":"https:\/\/amaldis.md\/ro\/wp-json\/wp\/v2\/product_cat?post=43249"},{"taxonomy":"product_tag","embeddable":true,"href":"https:\/\/amaldis.md\/ro\/wp-json\/wp\/v2\/product_tag?post=43249"}],"curies":[{"name":"wp","href":"https:\/\/api.w.org\/{rel}","templated":true}]}}