{"id":43256,"date":"2019-05-23T18:02:47","date_gmt":"2019-05-23T15:02:47","guid":{"rendered":"https:\/\/amaldis.md\/product\/shlem-bokserskij\/"},"modified":"2026-02-24T17:25:06","modified_gmt":"2026-02-24T14:25:06","slug":"shlem-bokserskij","status":"publish","type":"product","link":"https:\/\/amaldis.md\/ro\/produs\/shlem-bokserskij\/","title":{"rendered":"Casc\u0103 de box PVC \u00eenchis\u0103 &#8211; S BUDOSPORT 4374"},"content":{"rendered":"<h4>Casc\u0103 de box PVC \u00eenchis\u0103 &#8211; S BUDOSPORT 4374<\/h4>\n<h4><strong>V\u0103 rug\u0103m s\u0103 verifica\u021bi cu v\u00e2nz\u0103torul culorile disponibile.<\/strong><\/h4>\n<p>O casc\u0103 de antrenament cu partea superioar\u0103 \u00eenchis\u0103 \u0219i b\u0103rbie deschis\u0103 ofer\u0103 o potrivire confortabil\u0103 \u0219i o vizibilitate bun\u0103 \u00een timpul antrenamentului. Fabricat folosind fitinguri de \u00eenalt\u0103 calitate \u0219i fiabile.<\/p>\n","protected":false},"excerpt":{"rendered":"<h3>Casc\u0103 de box PVC \u00eenchis\u0103 &#8211; S BUDOSPORT 4374<\/h3>\n","protected":false},"featured_media":45958,"comment_status":"open","ping_status":"closed","template":"","meta":{"_et_pb_use_builder":"","_et_pb_old_content":"","_et_gb_content_width":""},"product_brand":[1350],"product_cat":[665,663,656],"product_tag":[851,1100,963,1082,822,1338,1335],"class_list":{"0":"post-43256","1":"product","2":"type-product","3":"status-publish","4":"has-post-thumbnail","6":"product_brand-budo-sport","7":"product_cat-aparari","8":"product_cat-arte-martiale","9":"product_cat-box","10":"product_tag-box","11":"product_tag-casca-de-box","12":"product_tag-kickboxing","13":"product_tag-lupta-corp-la-corp","14":"product_tag-protectie","15":"product_tag-sala-de-gimnastica","16":"product_tag-sport-ro","17":"pa_size-4-ro","18":"pa_size-3-ro","19":"pa_size-2-ro","21":"first","22":"instock","23":"shipping-taxable","24":"purchasable","25":"product-type-simple"},"aioseo_notices":[],"_links":{"self":[{"href":"https:\/\/amaldis.md\/ro\/wp-json\/wp\/v2\/product\/43256","targetHints":{"allow":["GET"]}}],"collection":[{"href":"https:\/\/amaldis.md\/ro\/wp-json\/wp\/v2\/product"}],"about":[{"href":"https:\/\/amaldis.md\/ro\/wp-json\/wp\/v2\/types\/product"}],"replies":[{"embeddable":true,"href":"https:\/\/amaldis.md\/ro\/wp-json\/wp\/v2\/comments?post=43256"}],"wp:featuredmedia":[{"embeddable":true,"href":"https:\/\/amaldis.md\/ro\/wp-json\/wp\/v2\/media\/45958"}],"wp:attachment":[{"href":"https:\/\/amaldis.md\/ro\/wp-json\/wp\/v2\/media?parent=43256"}],"wp:term":[{"taxonomy":"product_brand","embeddable":true,"href":"https:\/\/amaldis.md\/ro\/wp-json\/wp\/v2\/product_brand?post=43256"},{"taxonomy":"product_cat","embeddable":true,"href":"https:\/\/amaldis.md\/ro\/wp-json\/wp\/v2\/product_cat?post=43256"},{"taxonomy":"product_tag","embeddable":true,"href":"https:\/\/amaldis.md\/ro\/wp-json\/wp\/v2\/product_tag?post=43256"}],"curies":[{"name":"wp","href":"https:\/\/api.w.org\/{rel}","templated":true}]}}