{"id":43275,"date":"2019-05-11T12:38:49","date_gmt":"2019-05-11T09:38:49","guid":{"rendered":"https:\/\/amaldis.md\/product\/pantaloni-scurti-pentru-pierderea-in-greutate\/"},"modified":"2019-05-11T12:38:49","modified_gmt":"2019-05-11T09:38:49","slug":"pantaloni-scurti-pentru-pierderea-in-greutate","status":"publish","type":"product","link":"https:\/\/amaldis.md\/ro\/produs\/pantaloni-scurti-pentru-pierderea-in-greutate\/","title":{"rendered":"Pantaloni scur\u021bi pentru pierderea \u00een greutate"},"content":{"rendered":"<h4>Pantaloni scur\u021bi pentru pierderea \u00een greutate<\/h4>\n","protected":false},"excerpt":{"rendered":"<h3>Pantalonii scur\u021bi de sl\u0103bit sunt un produs inovator care este la cerere \u00een r\u00e2ndul persoanelor cu greutate corporal\u0103 crescut\u0103, precum \u0219i al femeilor care doresc s\u0103-\u0219i corecteze forma.<\/h3>\n","protected":false},"featured_media":40087,"comment_status":"open","ping_status":"closed","template":"","meta":{"_et_pb_use_builder":"","_et_pb_old_content":"","_et_gb_content_width":""},"product_brand":[],"product_cat":[666,664],"product_tag":[1108,1107],"class_list":{"0":"post-43275","1":"product","2":"type-product","3":"status-publish","4":"has-post-thumbnail","6":"product_cat-pierderea-in-greutate","7":"product_cat-sanatate","8":"product_tag-pantaloni-scurti-pentru-pierderea-in-greutate","9":"product_tag-pentru-pierderea-in-greutate","10":"pa_size-4-ro","11":"pa_size-3-ro","13":"first","14":"instock","15":"shipping-taxable","16":"purchasable","17":"product-type-simple"},"aioseo_notices":[],"_links":{"self":[{"href":"https:\/\/amaldis.md\/ro\/wp-json\/wp\/v2\/product\/43275","targetHints":{"allow":["GET"]}}],"collection":[{"href":"https:\/\/amaldis.md\/ro\/wp-json\/wp\/v2\/product"}],"about":[{"href":"https:\/\/amaldis.md\/ro\/wp-json\/wp\/v2\/types\/product"}],"replies":[{"embeddable":true,"href":"https:\/\/amaldis.md\/ro\/wp-json\/wp\/v2\/comments?post=43275"}],"wp:featuredmedia":[{"embeddable":true,"href":"https:\/\/amaldis.md\/ro\/wp-json\/wp\/v2\/media\/40087"}],"wp:attachment":[{"href":"https:\/\/amaldis.md\/ro\/wp-json\/wp\/v2\/media?parent=43275"}],"wp:term":[{"taxonomy":"product_brand","embeddable":true,"href":"https:\/\/amaldis.md\/ro\/wp-json\/wp\/v2\/product_brand?post=43275"},{"taxonomy":"product_cat","embeddable":true,"href":"https:\/\/amaldis.md\/ro\/wp-json\/wp\/v2\/product_cat?post=43275"},{"taxonomy":"product_tag","embeddable":true,"href":"https:\/\/amaldis.md\/ro\/wp-json\/wp\/v2\/product_tag?post=43275"}],"curies":[{"name":"wp","href":"https:\/\/api.w.org\/{rel}","templated":true}]}}