{"id":43437,"date":"2024-03-11T17:38:30","date_gmt":"2024-03-11T14:38:30","guid":{"rendered":"https:\/\/amaldis.md\/product\/ham-cu-banda-elastica-ta-3936-5-m\/"},"modified":"2026-03-21T14:28:04","modified_gmt":"2026-03-21T11:28:04","slug":"ham-cu-banda-elastica-ta-3936-5-m","status":"publish","type":"product","link":"https:\/\/amaldis.md\/ro\/produs\/ham-cu-banda-elastica-ta-3936-5-m\/","title":{"rendered":"Ham cu band\u0103 elastic\u0103 TA-3936-5 m"},"content":{"rendered":"<h4>Ham cu band\u0103 elastic\u0103 TA-3936-5 m<\/h4>\n<p>Material: latex.<br \/>\nLungime: 5 m.<br \/>\nLatime: 3 cm.<br \/>\nGrosime: 4,5 mm.<br \/>\nCuloare: Albastru<br \/>\nScop: Pentru exerci\u021bii fizice.<\/p>\n","protected":false},"excerpt":{"rendered":"<h3>Ham cu band\u0103 elastic\u0103 TA-3936-5 m<\/h3>\n","protected":false},"featured_media":43436,"comment_status":"open","ping_status":"closed","template":"","meta":{"_et_pb_use_builder":"","_et_pb_old_content":"","_et_gb_content_width":""},"product_brand":[],"product_cat":[1438,662],"product_tag":[1141,1443,1444,869,1140],"class_list":{"0":"post-43437","1":"product","2":"type-product","3":"status-publish","4":"has-post-thumbnail","6":"product_cat-expander","7":"product_cat-pentru-sala-de-sport","8":"product_tag-banda","9":"product_tag-banda-de-ham","10":"product_tag-centura-de-cauciuc","11":"product_tag-expander","12":"product_tag-garou","14":"first","15":"instock","16":"shipping-taxable","17":"purchasable","18":"product-type-simple"},"aioseo_notices":[],"_links":{"self":[{"href":"https:\/\/amaldis.md\/ro\/wp-json\/wp\/v2\/product\/43437","targetHints":{"allow":["GET"]}}],"collection":[{"href":"https:\/\/amaldis.md\/ro\/wp-json\/wp\/v2\/product"}],"about":[{"href":"https:\/\/amaldis.md\/ro\/wp-json\/wp\/v2\/types\/product"}],"replies":[{"embeddable":true,"href":"https:\/\/amaldis.md\/ro\/wp-json\/wp\/v2\/comments?post=43437"}],"wp:featuredmedia":[{"embeddable":true,"href":"https:\/\/amaldis.md\/ro\/wp-json\/wp\/v2\/media\/43436"}],"wp:attachment":[{"href":"https:\/\/amaldis.md\/ro\/wp-json\/wp\/v2\/media?parent=43437"}],"wp:term":[{"taxonomy":"product_brand","embeddable":true,"href":"https:\/\/amaldis.md\/ro\/wp-json\/wp\/v2\/product_brand?post=43437"},{"taxonomy":"product_cat","embeddable":true,"href":"https:\/\/amaldis.md\/ro\/wp-json\/wp\/v2\/product_cat?post=43437"},{"taxonomy":"product_tag","embeddable":true,"href":"https:\/\/amaldis.md\/ro\/wp-json\/wp\/v2\/product_tag?post=43437"}],"curies":[{"name":"wp","href":"https:\/\/api.w.org\/{rel}","templated":true}]}}