{"id":43523,"date":"2024-03-12T17:36:25","date_gmt":"2024-03-12T14:36:25","guid":{"rendered":"https:\/\/amaldis.md\/product\/inel-expansor-carpian-jello-fi-3815-sarcina-9-32-kg\/"},"modified":"2024-03-12T17:36:25","modified_gmt":"2024-03-12T14:36:25","slug":"inel-expansor-carpian-jello-fi-3815-sarcina-9-32-kg","status":"publish","type":"product","link":"https:\/\/amaldis.md\/ro\/produs\/inel-expansor-carpian-jello-fi-3815-sarcina-9-32-kg\/","title":{"rendered":"Inel expansor carpian JELLO FI-3815 sarcin\u0103 9-32 kg"},"content":{"rendered":"<h4>Inel expansor carpian JELLO FI-3815 sarcin\u0103 9-32 kg<\/h4>\n<p>Material: silicon.<br \/>\nSarcina: 20-70 lb.<br \/>\nScop: \u00eent\u0103rirea \u00eencheieturilor \u0219i a degetelor.<\/p>\n","protected":false},"excerpt":{"rendered":"<h3>Inel expansor carpian JELLO FI-3815 sarcin\u0103 9-32 kg<\/h3>\n","protected":false},"featured_media":43522,"comment_status":"open","ping_status":"closed","template":"","meta":{"_et_pb_use_builder":"","_et_pb_old_content":"","_et_gb_content_width":""},"product_brand":[],"product_cat":[678,676],"product_tag":[942,869,1156],"class_list":{"0":"post-43523","1":"product","2":"type-product","3":"status-publish","4":"has-post-thumbnail","6":"product_cat-formare","7":"product_cat-standard","8":"product_tag-expandator-de-mana","9":"product_tag-expander","10":"product_tag-inel","12":"first","13":"instock","14":"shipping-taxable","15":"purchasable","16":"product-type-simple"},"aioseo_notices":[],"_links":{"self":[{"href":"https:\/\/amaldis.md\/ro\/wp-json\/wp\/v2\/product\/43523","targetHints":{"allow":["GET"]}}],"collection":[{"href":"https:\/\/amaldis.md\/ro\/wp-json\/wp\/v2\/product"}],"about":[{"href":"https:\/\/amaldis.md\/ro\/wp-json\/wp\/v2\/types\/product"}],"replies":[{"embeddable":true,"href":"https:\/\/amaldis.md\/ro\/wp-json\/wp\/v2\/comments?post=43523"}],"wp:featuredmedia":[{"embeddable":true,"href":"https:\/\/amaldis.md\/ro\/wp-json\/wp\/v2\/media\/43522"}],"wp:attachment":[{"href":"https:\/\/amaldis.md\/ro\/wp-json\/wp\/v2\/media?parent=43523"}],"wp:term":[{"taxonomy":"product_brand","embeddable":true,"href":"https:\/\/amaldis.md\/ro\/wp-json\/wp\/v2\/product_brand?post=43523"},{"taxonomy":"product_cat","embeddable":true,"href":"https:\/\/amaldis.md\/ro\/wp-json\/wp\/v2\/product_cat?post=43523"},{"taxonomy":"product_tag","embeddable":true,"href":"https:\/\/amaldis.md\/ro\/wp-json\/wp\/v2\/product_tag?post=43523"}],"curies":[{"name":"wp","href":"https:\/\/api.w.org\/{rel}","templated":true}]}}