{"id":43564,"date":"2024-03-12T18:31:35","date_gmt":"2024-03-12T15:31:35","guid":{"rendered":"https:\/\/amaldis.md\/product\/banda-elastica-cu-bucle-pentru-extensia-banda-de-intindere-elastiband-record-fi-1722\/"},"modified":"2024-03-12T18:31:35","modified_gmt":"2024-03-12T15:31:35","slug":"banda-elastica-cu-bucle-pentru-extensia-banda-de-intindere-elastiband-record-fi-1722","status":"publish","type":"product","link":"https:\/\/amaldis.md\/ro\/produs\/banda-elastica-cu-bucle-pentru-extensia-banda-de-intindere-elastiband-record-fi-1722\/","title":{"rendered":"Band\u0103 elastic\u0103 cu bucle pentru extensia band\u0103 de \u00eentindere Elastiband Record FI-1722"},"content":{"rendered":"<h4 class=\"product-intro__title\">Band\u0103 elastic\u0103 cu bucle pentru extensia band\u0103 de \u00eentindere Elastiband Record FI-1722<\/h4>\n<p>Material:: poliester, elastan.<br \/>\nDimensiune: L-95 cm<br \/>\nCuloare: turcoaz, gri<br \/>\nNum\u0103r de bucle: 8<\/p>\n","protected":false},"excerpt":{"rendered":"<h3 class=\"product-intro__title\">Band\u0103 elastic\u0103 cu bucle pentru extensia band\u0103 de \u00eentindere Elastiband Record FI-1722 culoare: turcoaz, gri<\/h3>\n","protected":false},"featured_media":43561,"comment_status":"open","ping_status":"closed","template":"","meta":{"_et_pb_use_builder":"","_et_pb_old_content":"","_et_gb_content_width":""},"product_brand":[],"product_cat":[681,678,666,676],"product_tag":[1141,869],"class_list":{"0":"post-43564","1":"product","2":"type-product","3":"status-publish","4":"has-post-thumbnail","6":"product_cat-fitness-si-yoga","7":"product_cat-formare","8":"product_cat-pierderea-in-greutate","9":"product_cat-standard","10":"product_tag-banda","11":"product_tag-expander","13":"first","14":"instock","15":"shipping-taxable","16":"purchasable","17":"product-type-simple"},"aioseo_notices":[],"_links":{"self":[{"href":"https:\/\/amaldis.md\/ro\/wp-json\/wp\/v2\/product\/43564","targetHints":{"allow":["GET"]}}],"collection":[{"href":"https:\/\/amaldis.md\/ro\/wp-json\/wp\/v2\/product"}],"about":[{"href":"https:\/\/amaldis.md\/ro\/wp-json\/wp\/v2\/types\/product"}],"replies":[{"embeddable":true,"href":"https:\/\/amaldis.md\/ro\/wp-json\/wp\/v2\/comments?post=43564"}],"wp:featuredmedia":[{"embeddable":true,"href":"https:\/\/amaldis.md\/ro\/wp-json\/wp\/v2\/media\/43561"}],"wp:attachment":[{"href":"https:\/\/amaldis.md\/ro\/wp-json\/wp\/v2\/media?parent=43564"}],"wp:term":[{"taxonomy":"product_brand","embeddable":true,"href":"https:\/\/amaldis.md\/ro\/wp-json\/wp\/v2\/product_brand?post=43564"},{"taxonomy":"product_cat","embeddable":true,"href":"https:\/\/amaldis.md\/ro\/wp-json\/wp\/v2\/product_cat?post=43564"},{"taxonomy":"product_tag","embeddable":true,"href":"https:\/\/amaldis.md\/ro\/wp-json\/wp\/v2\/product_tag?post=43564"}],"curies":[{"name":"wp","href":"https:\/\/api.w.org\/{rel}","templated":true}]}}