{"id":43923,"date":"2025-02-25T15:33:04","date_gmt":"2025-02-25T12:33:04","guid":{"rendered":"https:\/\/amaldis.md\/product\/l-arginine-powder\/"},"modified":"2026-04-02T10:18:05","modified_gmt":"2026-04-02T07:18:05","slug":"l-arginine-powder","status":"publish","type":"product","link":"https:\/\/amaldis.md\/ro\/produs\/l-arginine-powder\/","title":{"rendered":"B L-Arginine POWDER 300 gr"},"content":{"rendered":"<h4>L-Arginine Powder<\/h4>\n<ul>\n<li>Gust neutru, f\u0103r\u0103 aditivi de arom\u0103, f\u0103r\u0103 zah\u0103r sau gr\u0103sime;<\/li>\n<li>Const\u0103 din aminoacid pur;<\/li>\n<li>Form\u0103 de pulbere pentru diverse aplica\u021bii.<\/li>\n<\/ul>\n<p><span class=\"label label-info\">\u00cembun\u0103t\u0103\u021be\u0219te mediul de azot din \u021besutul muscular<\/span>, promoveaz\u0103 aportul crescut de nutrien\u021bi datorit\u0103 pomp\u0103rii mai mari a s\u00e2ngelui \u00een mu\u0219chi. Datorit\u0103 con\u021binutului ridicat de arginin\u0103, ac\u021biunea acidului lactic \u0219i a ureei formate \u00een mu\u0219chi \u00een timpul muncii intense (acestea sunt produse de descompunere a proteinelor) este de asemenea suprimat\u0103. <\/p>\n<p><strong>V\u0103 permite s\u0103 crea\u021bi un efect de pomp\u0103, \u00een urma c\u0103ruia mu\u0219chii cresc \u00een volum.<\/strong> Saturarea organismului cu arginin\u0103 favorizeaz\u0103 formarea agmanitului, care favorizeaz\u0103 \u0219i producerea de azot, dar mult mai intens. O alt\u0103 manifestare util\u0103 a argininei este efectul s\u0103u pozitiv asupra produc\u021biei de hormon de cre\u0219tere, care este esen\u021bial \u00een procesele de anabolism \u0219i v\u0103 va permite s\u0103 acumula\u021bi c\u00e2teva kilograme de mas\u0103 muscular\u0103 uscat\u0103. <\/p>\n<p><strong>Poate fi folosit cu destul de mult succes \u00een perioada de uscare (\u00eembun\u0103t\u0103\u021birea reliefului),<\/strong> acest lucru va ajuta la nu pierderea mu\u0219chilor pre\u021bio\u0219i \u0219i la \u00eembun\u0103t\u0103\u021birea structurii acestora, deoarece arginina stimuleaz\u0103 indirect o cre\u0219tere a metabolismului \u0219i ajut\u0103 la consumarea excesului de calorii, \u00een urma c\u0103ruia stratul de gr\u0103sime este ars. Poate fi folosit at\u00e2t de profesioni\u0219ti, c\u00e2t \u0219i de amatori pentru a \u00eembun\u0103t\u0103\u021bi rezultatele procesului de antrenament. <\/p>\n<p>\u00cen doz\u0103 zilnic\u0103 = 4 g:<\/p>\n","protected":false},"excerpt":{"rendered":"<h3><span data-sheets-root=\"1\">B L-Arginine POWDER 300 gr<\/span><\/h3>\n","protected":false},"featured_media":46457,"comment_status":"open","ping_status":"closed","template":"","meta":{"_et_pb_use_builder":"","_et_pb_old_content":"","_et_gb_content_width":""},"product_brand":[1344],"product_cat":[675],"product_tag":[786,1186,1185],"class_list":{"0":"post-43923","1":"product","2":"type-product","3":"status-publish","4":"has-post-thumbnail","6":"product_brand-biotechusa","7":"product_cat-nutritie-sportiva","8":"product_tag-biotech-usa-ro","9":"product_tag-l-arginine-powder-ro","10":"product_tag-nutritie-sportiva","12":"first","13":"instock","14":"shipping-taxable","15":"purchasable","16":"product-type-simple"},"aioseo_notices":[],"_links":{"self":[{"href":"https:\/\/amaldis.md\/ro\/wp-json\/wp\/v2\/product\/43923","targetHints":{"allow":["GET"]}}],"collection":[{"href":"https:\/\/amaldis.md\/ro\/wp-json\/wp\/v2\/product"}],"about":[{"href":"https:\/\/amaldis.md\/ro\/wp-json\/wp\/v2\/types\/product"}],"replies":[{"embeddable":true,"href":"https:\/\/amaldis.md\/ro\/wp-json\/wp\/v2\/comments?post=43923"}],"wp:featuredmedia":[{"embeddable":true,"href":"https:\/\/amaldis.md\/ro\/wp-json\/wp\/v2\/media\/46457"}],"wp:attachment":[{"href":"https:\/\/amaldis.md\/ro\/wp-json\/wp\/v2\/media?parent=43923"}],"wp:term":[{"taxonomy":"product_brand","embeddable":true,"href":"https:\/\/amaldis.md\/ro\/wp-json\/wp\/v2\/product_brand?post=43923"},{"taxonomy":"product_cat","embeddable":true,"href":"https:\/\/amaldis.md\/ro\/wp-json\/wp\/v2\/product_cat?post=43923"},{"taxonomy":"product_tag","embeddable":true,"href":"https:\/\/amaldis.md\/ro\/wp-json\/wp\/v2\/product_tag?post=43923"}],"curies":[{"name":"wp","href":"https:\/\/api.w.org\/{rel}","templated":true}]}}