{"id":43927,"date":"2025-02-25T16:12:45","date_gmt":"2025-02-25T13:12:45","guid":{"rendered":"https:\/\/amaldis.md\/product\/citrulline-malate\/"},"modified":"2025-02-25T16:12:45","modified_gmt":"2025-02-25T13:12:45","slug":"citrulline-malate","status":"publish","type":"product","link":"https:\/\/amaldis.md\/ro\/produs\/citrulline-malate\/","title":{"rendered":"Citrulline Malate"},"content":{"rendered":"<h4>Citrulline Malate<\/h4>\n<p>DESCRIERE PRODUS<\/p>\n<p>Fabricat din aminoacizi puri, aromatizat, f\u0103r\u0103 zah\u0103r, f\u0103r\u0103 aspartam, sub form\u0103 de pulbere versatil\u0103. Acest medicament este foarte popular \u00een r\u00e2ndul sportivilor.<\/p>\n<p>Citrulina este un aminoacid, un micronutrient, pe care organismul nu \u00eel poate produce \u00een cantit\u0103\u021bi suficiente \u00een condi\u021bii de stres intens, deci poate fi necesar s\u0103 fie suplimentat. Daca vorbim de fructe, citrulina se gaseste in cantitati mari in pepene verde, de exemplu.<\/p>\n<p>O combina\u021bie sinergic\u0103 a aminoacidului L-citrulin\u0103 \u0219i a acidului malic este malatul de L-citrulin\u0103. Acidul malic (malat) este un acid organic care este larg distribuit \u00een natur\u0103 (de exemplu, \u00een multe fructe). Aminoacidul citrulina este un precursor al aminoacizilor arginina si ornitina.<\/p>\n<p>V\u0103 recomand\u0103m dac\u0103:<br \/>\nTe angajezi \u00een sporturi de anduran\u021b\u0103?<br \/>\nE\u0219ti implicat \u00een culturism?<br \/>\nEfectua\u021bi antrenament func\u021bional;<br \/>\nPrefer\u0103 s\u0103-\u021bi faci propriile amestecuri de pudr\u0103.<br \/>\nNUTRIENTEI<\/p>\n<p>Pentru 1 por\u021bie = \u00bd lingur\u0103 de m\u0103surat = 3,3 g:<\/p>\n<p>L-citrulin\u0103 DL-malat \u2013 3100 mg.<br \/>\nINGREDIENTE UTILIZATE<\/p>\n<p>L-citrulin\u0103 (46%), acid malic (46%), arome, \u00eendulcitor (sucraloz\u0103), regulator de aciditate (tartrat de potasiu), agent antiaglomerant (dioxid de siliciu), coloran\u021bi (tartrazin\u0103**, indigotin\u0103). ** \u2013 poate afecta negativ activitatea \u0219i aten\u021bia copiilor.<\/p>\n<p>RECOMAND\u0102RI DE UTILIZARE<\/p>\n<p>Se amestec\u0103 o por\u021bie cu 200 ml de ap\u0103. Medicamentul trebuie luat \u00eenainte de antrenament. Utiliza\u021bi un agitator. Nu dep\u0103\u0219i\u021bi doza zilnic\u0103 recomandat\u0103.<\/p>\n","protected":false},"excerpt":{"rendered":"<h3>Citrulline Malate BioTech USA Ambalare: 300 g<\/h3>\n","protected":false},"featured_media":46423,"comment_status":"open","ping_status":"closed","template":"","meta":{"_et_pb_use_builder":"","_et_pb_old_content":"","_et_gb_content_width":""},"product_brand":[],"product_cat":[675],"product_tag":[786,1189,1185],"class_list":{"0":"post-43927","1":"product","2":"type-product","3":"status-publish","4":"has-post-thumbnail","6":"product_cat-nutritie-sportiva","7":"product_tag-biotech-usa-ro","8":"product_tag-citrulline-malate-ro","9":"product_tag-nutritie-sportiva","11":"first","12":"instock","13":"shipping-taxable","14":"purchasable","15":"product-type-simple"},"aioseo_notices":[],"_links":{"self":[{"href":"https:\/\/amaldis.md\/ro\/wp-json\/wp\/v2\/product\/43927","targetHints":{"allow":["GET"]}}],"collection":[{"href":"https:\/\/amaldis.md\/ro\/wp-json\/wp\/v2\/product"}],"about":[{"href":"https:\/\/amaldis.md\/ro\/wp-json\/wp\/v2\/types\/product"}],"replies":[{"embeddable":true,"href":"https:\/\/amaldis.md\/ro\/wp-json\/wp\/v2\/comments?post=43927"}],"wp:featuredmedia":[{"embeddable":true,"href":"https:\/\/amaldis.md\/ro\/wp-json\/wp\/v2\/media\/46423"}],"wp:attachment":[{"href":"https:\/\/amaldis.md\/ro\/wp-json\/wp\/v2\/media?parent=43927"}],"wp:term":[{"taxonomy":"product_brand","embeddable":true,"href":"https:\/\/amaldis.md\/ro\/wp-json\/wp\/v2\/product_brand?post=43927"},{"taxonomy":"product_cat","embeddable":true,"href":"https:\/\/amaldis.md\/ro\/wp-json\/wp\/v2\/product_cat?post=43927"},{"taxonomy":"product_tag","embeddable":true,"href":"https:\/\/amaldis.md\/ro\/wp-json\/wp\/v2\/product_tag?post=43927"}],"curies":[{"name":"wp","href":"https:\/\/api.w.org\/{rel}","templated":true}]}}