{"id":43933,"date":"2025-02-25T16:32:13","date_gmt":"2025-02-25T13:32:13","guid":{"rendered":"https:\/\/amaldis.md\/product\/tribooster\/"},"modified":"2025-02-25T16:32:13","modified_gmt":"2025-02-25T13:32:13","slug":"tribooster","status":"publish","type":"product","link":"https:\/\/amaldis.md\/ro\/produs\/tribooster\/","title":{"rendered":"Tribooster"},"content":{"rendered":"<h3>Tribooster<\/h3>\n<p>DESCRIERE PRODUS<\/p>\n<p>Formula de stimulare a testosteronului dovedit\u0103 clinic. O por\u021bie a produsului con\u021bine 2000 mg de tribulus pur. Sportivii beneficiaz\u0103 de urm\u0103toarele beneficii:<\/p>\n<p>Cre\u0219terea masei musculare \u0219i \u00eembun\u0103t\u0103\u021birea defini\u021biei musculare;<br \/>\nCre\u0219terea indicatorilor de putere \u0219i putere;<br \/>\nAccelerarea restabilirii energiei \u0219i puterii;<br \/>\nNormalizarea echilibrului hormonal.<br \/>\nCon\u021binut maxim de saponin\u0103. Saponina este responsabil\u0103 pentru cre\u0219terea real\u0103 a nivelului de testosteron. Exist\u0103 doar c\u00e2\u021biva analogi pe pia\u021b\u0103 care pot concura cu acest medicament \u00een ceea ce prive\u0219te eficacitatea.<\/p>\n<p>Formula absolut sigura si naturala. Eficacitatea complexului a fost dovedit\u0103 prin studii clinice. Acesta nu este un medicament steroid. Nu con\u021bine substan\u021be interzise. Complexul este absolut sigur pentru organism.<\/p>\n<p>NUTRIEN\u021aI<\/p>\n<p>100 gr. | \u00eentr-o por\u021bie = 1 tablet\u0103:<\/p>\n<p>INGREDIENTE UTILIZATE<\/p>\n<p>Celuloz\u0103 microcristalin\u0103, fosfat dicalcic, stearat de magneziu, dioxid de siliciu, material de acoperire: hipromeloz\u0103 \u0219i polivinilpirolidon\u0103.<\/p>\n<p>RECOMAND\u0102RI DE UTILIZARE<\/p>\n<p>Lua\u021bi o tablet\u0103 pe zi cu orice b\u0103utur\u0103 la alegere.<\/p>\n","protected":false},"excerpt":{"rendered":"<h3>Tribooster BioTech USA Ambalare: 60 de tablete<\/h3>\n","protected":false},"featured_media":43930,"comment_status":"open","ping_status":"closed","template":"","meta":{"_et_pb_use_builder":"","_et_pb_old_content":"","_et_gb_content_width":""},"product_brand":[],"product_cat":[675],"product_tag":[786,1185,1191],"class_list":{"0":"post-43933","1":"product","2":"type-product","3":"status-publish","4":"has-post-thumbnail","6":"product_cat-nutritie-sportiva","7":"product_tag-biotech-usa-ro","8":"product_tag-nutritie-sportiva","9":"product_tag-tribooster-ro","11":"first","12":"instock","13":"shipping-taxable","14":"purchasable","15":"product-type-simple"},"aioseo_notices":[],"_links":{"self":[{"href":"https:\/\/amaldis.md\/ro\/wp-json\/wp\/v2\/product\/43933","targetHints":{"allow":["GET"]}}],"collection":[{"href":"https:\/\/amaldis.md\/ro\/wp-json\/wp\/v2\/product"}],"about":[{"href":"https:\/\/amaldis.md\/ro\/wp-json\/wp\/v2\/types\/product"}],"replies":[{"embeddable":true,"href":"https:\/\/amaldis.md\/ro\/wp-json\/wp\/v2\/comments?post=43933"}],"wp:featuredmedia":[{"embeddable":true,"href":"https:\/\/amaldis.md\/ro\/wp-json\/wp\/v2\/media\/43930"}],"wp:attachment":[{"href":"https:\/\/amaldis.md\/ro\/wp-json\/wp\/v2\/media?parent=43933"}],"wp:term":[{"taxonomy":"product_brand","embeddable":true,"href":"https:\/\/amaldis.md\/ro\/wp-json\/wp\/v2\/product_brand?post=43933"},{"taxonomy":"product_cat","embeddable":true,"href":"https:\/\/amaldis.md\/ro\/wp-json\/wp\/v2\/product_cat?post=43933"},{"taxonomy":"product_tag","embeddable":true,"href":"https:\/\/amaldis.md\/ro\/wp-json\/wp\/v2\/product_tag?post=43933"}],"curies":[{"name":"wp","href":"https:\/\/api.w.org\/{rel}","templated":true}]}}