{"id":43939,"date":"2025-02-25T17:03:23","date_gmt":"2025-02-25T14:03:23","guid":{"rendered":"https:\/\/amaldis.md\/product\/mega-amino-3200\/"},"modified":"2025-02-25T17:03:23","modified_gmt":"2025-02-25T14:03:23","slug":"mega-amino-3200","status":"publish","type":"product","link":"https:\/\/amaldis.md\/ro\/produs\/mega-amino-3200\/","title":{"rendered":"Mega Amino 3200"},"content":{"rendered":"<h3>Mega Amino 3200<\/h3>\n<p>DESCRIERE PRODUS<\/p>\n<p>Produs ultra-puternic, formulat pentru a con\u021bine to\u021bi aminoacizii esen\u021biali (EAA), aminoacizii esen\u021biali condi\u021bionat (CAA) \u0219i aminoacizii neesen\u021biali (UAA), precum \u0219i aminoacizii cu lan\u021b ramificat (BCAA). Fiecare por\u021bie zilnic\u0103 con\u021bine 6880 mg de aminoacizi \u2013 cantitatea ideal\u0103 pentru a sus\u021bine cre\u0219terea muscular\u0103 \u0219i recuperarea muscular\u0103 dup\u0103 efort. <\/p>\n<p>NUTRIEN\u021aI<\/p>\n<p>100 gr. | in 2 portii = 8 tablete:<\/p>\n<p>INGREDIENTE UTILIZATE<\/p>\n<p>TAAC\u2122 (Complex total de aminoacizi): izolat de zer, izolat de cazeinat de calciu, hidrolizat de glicin\u0103 L. MAX, izolat de pisum sativum, maltodextrin\u0103, lactoz\u0103, liant: stearat de magneziu, agen\u021bi antiaglomeran\u021bi: dioxid de siliciu, talc.<\/p>\n<p>RECOMAND\u0102RI DE UTILIZARE<\/p>\n<p>Lua\u021bi o por\u021bie (4 comprimate) cu 15 minute \u00eenainte \u0219i o por\u021bie imediat dup\u0103 antrenament. \u00cen zilele f\u0103r\u0103 antrenament, lua\u021bi o por\u021bie diminea\u021ba \u0219i o por\u021bie seara. <\/p>\n<p>&nbsp;<\/p>\n","protected":false},"excerpt":{"rendered":"<h3>Mega Amino 3200 BioTech USA Ambalare: 100 de tablete<\/h3>\n","protected":false},"featured_media":43938,"comment_status":"open","ping_status":"closed","template":"","meta":{"_et_pb_use_builder":"","_et_pb_old_content":"","_et_gb_content_width":""},"product_brand":[],"product_cat":[675],"product_tag":[786,1193,1185],"class_list":{"0":"post-43939","1":"product","2":"type-product","3":"status-publish","4":"has-post-thumbnail","6":"product_cat-nutritie-sportiva","7":"product_tag-biotech-usa-ro","8":"product_tag-mega-amino-3200-ro","9":"product_tag-nutritie-sportiva","11":"first","12":"instock","13":"shipping-taxable","14":"purchasable","15":"product-type-simple"},"aioseo_notices":[],"_links":{"self":[{"href":"https:\/\/amaldis.md\/ro\/wp-json\/wp\/v2\/product\/43939","targetHints":{"allow":["GET"]}}],"collection":[{"href":"https:\/\/amaldis.md\/ro\/wp-json\/wp\/v2\/product"}],"about":[{"href":"https:\/\/amaldis.md\/ro\/wp-json\/wp\/v2\/types\/product"}],"replies":[{"embeddable":true,"href":"https:\/\/amaldis.md\/ro\/wp-json\/wp\/v2\/comments?post=43939"}],"wp:featuredmedia":[{"embeddable":true,"href":"https:\/\/amaldis.md\/ro\/wp-json\/wp\/v2\/media\/43938"}],"wp:attachment":[{"href":"https:\/\/amaldis.md\/ro\/wp-json\/wp\/v2\/media?parent=43939"}],"wp:term":[{"taxonomy":"product_brand","embeddable":true,"href":"https:\/\/amaldis.md\/ro\/wp-json\/wp\/v2\/product_brand?post=43939"},{"taxonomy":"product_cat","embeddable":true,"href":"https:\/\/amaldis.md\/ro\/wp-json\/wp\/v2\/product_cat?post=43939"},{"taxonomy":"product_tag","embeddable":true,"href":"https:\/\/amaldis.md\/ro\/wp-json\/wp\/v2\/product_tag?post=43939"}],"curies":[{"name":"wp","href":"https:\/\/api.w.org\/{rel}","templated":true}]}}