{"id":43943,"date":"2025-02-25T17:13:09","date_gmt":"2025-02-25T14:13:09","guid":{"rendered":"https:\/\/amaldis.md\/product\/magnesium-chelate\/"},"modified":"2026-04-02T12:27:20","modified_gmt":"2026-04-02T09:27:20","slug":"magnesium-chelate","status":"publish","type":"product","link":"https:\/\/amaldis.md\/ro\/produs\/magnesium-chelate\/","title":{"rendered":"B Magnesium Chelate 60 cap"},"content":{"rendered":"<h3>Magnesium+Chelate<\/h3>\n<p>DESCRIERE PRODUS<\/p>\n<p>Con\u021bin\u00e2nd 250 mg de magneziu per doz\u0103;<br \/>\nCu bisglicinat de magneziu;<br \/>\nFormula usor de digerat.<br \/>\nCui ii recomandam acest produs?<br \/>\nPentru cei care caut\u0103 magneziu u\u0219or de absorbit sub form\u0103 organic\u0103*&#8230; cuv\u00e2ntul \u201eorganic\u201d \u00een acest caz nu este sinonim cu cuv\u00e2ntul \u201ebio\u201d.<br \/>\nCare sunt beneficiile magneziului?<br \/>\nAjut\u0103 la reducerea oboselii \u0219i oboselii, promoveaz\u0103 func\u021bionarea normal\u0103 a mu\u0219chilor \u0219i men\u021bine echilibrul electrolitic;<br \/>\nParticip\u0103 la procesele metabolice normale, generatoare de energie.<br \/>\nNUTRIENTEI<\/p>\n<p>\u00centr-o por\u021bie = 1 capsul\u0103:<\/p>\n<p>250 mg magneziu.<br \/>\nRECOMAND\u0102RI DE UTILIZARE<\/p>\n<p>Lua\u021bi 1 capsul\u0103 pe zi cu 1 pahar cu ap\u0103. Nu dep\u0103\u0219i\u021bi doza recomandat\u0103 de produs. A nu se l\u0103sa la \u00eendem\u00e2na copiilor! Un supliment alimentar biologic activ nu \u00eenlocuie\u0219te o diet\u0103 echilibrat\u0103, variat\u0103 \u0219i un stil de via\u021b\u0103 s\u0103n\u0103tos.   <\/p>\n<p>&nbsp;<\/p>\n","protected":false},"excerpt":{"rendered":"<h3><span data-sheets-root=\"1\">B Magnesium Chelate 60 cap<\/span><\/h3>\n","protected":false},"featured_media":46472,"comment_status":"open","ping_status":"closed","template":"","meta":{"_et_pb_use_builder":"","_et_pb_old_content":"","_et_gb_content_width":""},"product_brand":[1344],"product_cat":[675],"product_tag":[786,1195,1185],"class_list":{"0":"post-43943","1":"product","2":"type-product","3":"status-publish","4":"has-post-thumbnail","6":"product_brand-biotechusa","7":"product_cat-nutritie-sportiva","8":"product_tag-biotech-usa-ro","9":"product_tag-magnesium-chelate-ro","10":"product_tag-nutritie-sportiva","12":"first","13":"instock","14":"shipping-taxable","15":"purchasable","16":"product-type-simple"},"aioseo_notices":[],"_links":{"self":[{"href":"https:\/\/amaldis.md\/ro\/wp-json\/wp\/v2\/product\/43943","targetHints":{"allow":["GET"]}}],"collection":[{"href":"https:\/\/amaldis.md\/ro\/wp-json\/wp\/v2\/product"}],"about":[{"href":"https:\/\/amaldis.md\/ro\/wp-json\/wp\/v2\/types\/product"}],"replies":[{"embeddable":true,"href":"https:\/\/amaldis.md\/ro\/wp-json\/wp\/v2\/comments?post=43943"}],"wp:featuredmedia":[{"embeddable":true,"href":"https:\/\/amaldis.md\/ro\/wp-json\/wp\/v2\/media\/46472"}],"wp:attachment":[{"href":"https:\/\/amaldis.md\/ro\/wp-json\/wp\/v2\/media?parent=43943"}],"wp:term":[{"taxonomy":"product_brand","embeddable":true,"href":"https:\/\/amaldis.md\/ro\/wp-json\/wp\/v2\/product_brand?post=43943"},{"taxonomy":"product_cat","embeddable":true,"href":"https:\/\/amaldis.md\/ro\/wp-json\/wp\/v2\/product_cat?post=43943"},{"taxonomy":"product_tag","embeddable":true,"href":"https:\/\/amaldis.md\/ro\/wp-json\/wp\/v2\/product_tag?post=43943"}],"curies":[{"name":"wp","href":"https:\/\/api.w.org\/{rel}","templated":true}]}}