{"id":43947,"date":"2025-02-25T17:22:26","date_gmt":"2025-02-25T14:22:26","guid":{"rendered":"https:\/\/amaldis.md\/product\/fenugreek\/"},"modified":"2026-03-29T13:41:14","modified_gmt":"2026-03-29T10:41:14","slug":"fenugreek","status":"publish","type":"product","link":"https:\/\/amaldis.md\/ro\/produs\/fenugreek\/","title":{"rendered":"Fenugreek"},"content":{"rendered":"<h3>Fenugreek<\/h3>\n<p>DESCRIERE PRODUS<\/p>\n<p>Schinduful este bogat in proteine \u200b\u200bsi carbohidrati, potasiu, fosfor, magneziu, fier, calciu, vitamine A, C, B, PP, acid folic, carotenoizi, fitosteroli, aminoacizi, polizaharide etc.;<br \/>\nSchinduful este un adaptogen minunat;<br \/>\n\u00cen prezent, cercet\u0103torii medicali au confirmat propriet\u0103\u021bile schindufului de a trata cu succes bolile endocrine feminine;<br \/>\nCre\u0219terea libidoului \u0219i a calit\u0103\u021bii vie\u021bii sexuale (at\u00e2t la b\u0103rba\u021bi, c\u00e2t \u0219i la femei);<br \/>\nReducerea cantit\u0103\u021bii de colesterol cu \u200b\u200bdensitate sc\u0103zut\u0103 \u0219i \u00eembun\u0103t\u0103\u021birea func\u021bion\u0103rii sistemului cardiovascular;<br \/>\nSc\u0103derea nivelului de glucoz\u0103 din s\u00e2nge;<br \/>\n\u00cembun\u0103t\u0103\u021birea abilit\u0103\u021bilor cognitive (memorie, concentrare);<br \/>\nActivarea metabolismului gr\u0103similor \u0219i asisten\u021b\u0103 \u00een pierderea \u00een greutate.<br \/>\nSchinduf (Shambhala, Helba, Schinduf): este o plant\u0103 originar\u0103 din Marea Mediteran\u0103 \u0219i Asia de Vest, este foarte popular\u0103 \u00een medicina chinez\u0103, greac\u0103, egiptean\u0103 \u0219i indian\u0103. A fost folosit din cele mai vechi timpuri, de exemplu, egiptenii \u00eel foloseau pentru \u00eemb\u0103ls\u0103mare, iar alte popoare de la acea vreme \u00eel foloseau deja sub form\u0103 de pulbere, ceai ca mijloc de men\u021binere a s\u0103n\u0103t\u0103\u021bii \u0219i de \u00eembun\u0103t\u0103\u021bire a digestiei. <\/p>\n<p>Datorit\u0103 ambalajului capsulei, produsul este u\u0219or de utilizat \u0219i \u00eel po\u021bi lua cu tine oriunde te duci. Un pachet con\u021bine 30 de doze, ceea ce corespunde unui curs lunar de utilizare. <\/p>\n<p>NUTRIEN\u021aI<\/p>\n<p>\u00centr-o por\u021bie = 2 capsule:<\/p>\n<p>Extract de semin\u021be de schinduf \u2013 1500 mg.<br \/>\nRECOMAND\u0102RI DE UTILIZARE<\/p>\n<p>Lua\u021bi 2 capsule pe zi cu mult lichid. Nu dep\u0103\u0219i\u021bi doza zilnic\u0103 recomandat\u0103. <\/p>\n","protected":false},"excerpt":{"rendered":"<h3><span data-sheets-root=\"1\">B Fenugreek 60 cap<\/span><\/h3>\n","protected":false},"featured_media":46454,"comment_status":"open","ping_status":"closed","template":"","meta":{"_et_pb_use_builder":"","_et_pb_old_content":"","_et_gb_content_width":""},"product_brand":[1344],"product_cat":[675],"product_tag":[786,1197,1185],"class_list":{"0":"post-43947","1":"product","2":"type-product","3":"status-publish","4":"has-post-thumbnail","6":"product_brand-biotechusa","7":"product_cat-nutritie-sportiva","8":"product_tag-biotech-usa-ro","9":"product_tag-fenugreek-ro","10":"product_tag-nutritie-sportiva","12":"first","13":"instock","14":"shipping-taxable","15":"purchasable","16":"product-type-simple"},"aioseo_notices":[],"_links":{"self":[{"href":"https:\/\/amaldis.md\/ro\/wp-json\/wp\/v2\/product\/43947","targetHints":{"allow":["GET"]}}],"collection":[{"href":"https:\/\/amaldis.md\/ro\/wp-json\/wp\/v2\/product"}],"about":[{"href":"https:\/\/amaldis.md\/ro\/wp-json\/wp\/v2\/types\/product"}],"replies":[{"embeddable":true,"href":"https:\/\/amaldis.md\/ro\/wp-json\/wp\/v2\/comments?post=43947"}],"wp:featuredmedia":[{"embeddable":true,"href":"https:\/\/amaldis.md\/ro\/wp-json\/wp\/v2\/media\/46454"}],"wp:attachment":[{"href":"https:\/\/amaldis.md\/ro\/wp-json\/wp\/v2\/media?parent=43947"}],"wp:term":[{"taxonomy":"product_brand","embeddable":true,"href":"https:\/\/amaldis.md\/ro\/wp-json\/wp\/v2\/product_brand?post=43947"},{"taxonomy":"product_cat","embeddable":true,"href":"https:\/\/amaldis.md\/ro\/wp-json\/wp\/v2\/product_cat?post=43947"},{"taxonomy":"product_tag","embeddable":true,"href":"https:\/\/amaldis.md\/ro\/wp-json\/wp\/v2\/product_tag?post=43947"}],"curies":[{"name":"wp","href":"https:\/\/api.w.org\/{rel}","templated":true}]}}