{"id":43955,"date":"2025-02-25T17:39:50","date_gmt":"2025-02-25T14:39:50","guid":{"rendered":"https:\/\/amaldis.md\/product\/ashwagandha\/"},"modified":"2026-03-05T14:25:53","modified_gmt":"2026-03-05T11:25:53","slug":"ashwagandha","status":"publish","type":"product","link":"https:\/\/amaldis.md\/ro\/produs\/ashwagandha\/","title":{"rendered":"B Ashwaganda 60 caps. 8795"},"content":{"rendered":"<h4>B Ashwaganda 60 caps. 8795<\/h4>\n<p>DESCRIERE PRODUS<\/p>\n<p>Este folosit ca adaptogen \u00een multe domenii medicale;<br \/>\nNu reduce severitatea reac\u021biilor, nu provoac\u0103 somnolen\u021b\u0103 \u0219i este sigur pentru \u0219oferi.<br \/>\nAshwagandha (Withania Somnifera) este o plant\u0103 medicinal\u0103 \u201eboce de vis\u201d din Asia de Sud-Est. De\u0219i apar\u021bine familiei de cartofi, nu familiei ginseng-ului, este totu\u0219i numit adesea ginseng indian. <\/p>\n<p>Pentru a restabili corpul dup\u0103 orice fel de stres, oboseal\u0103, epuizare, suprasolicitare \u0219i stres prelungit. Protejeaz\u0103 \u00een mod fiabil sistemul nervos de orice efecte adverse. Normalizeaz\u0103 somnul. Dup\u0103 doar c\u00e2teva zile de administrare, ve\u021bi observa o \u00eembun\u0103t\u0103\u021bire.   <\/p>\n<p>Aceast\u0103 plant\u0103 a fost folosit\u0103 de mult\u0103 vreme de vindec\u0103tori ca mijloc de \u00eentinerire a \u00eentregului corp, de a facilita adaptarea \u0219i de a stimula centrii mentali superiori ai creierului. Ac\u021bioneaz\u0103 ca un tonic \u0219i imunomodulator eficient, ajut\u0103 la reducerea intensit\u0103\u021bii proceselor inflamatorii \u0219i a bolilor infec\u021bioase, la eliminarea durerilor articulare \u0219i la prevenirea fragilit\u0103\u021bii osoase. <\/p>\n<p>Ashwagandha \u00eembun\u0103t\u0103\u021be\u0219te starea fizic\u0103, \u00eent\u0103re\u0219te tonusul muscular \u0219i cre\u0219te nivelul de vitalitate. Ve\u021bi putea men\u021bine energia \u0219i o perspectiv\u0103 pozitiv\u0103 chiar \u0219i \u00een anii de maturitate, iar procesul de \u00eemb\u0103tr\u00e2nire \u00een sine va \u00eencetini. Sl\u0103biciune sexual\u0103, impoten\u021b\u0103, anemie, artroz\u0103, scleroz\u0103 multipl\u0103, infertilitate, paralizie, boli de piele &#8211; acestea \u0219i multe alte probleme pot fi rezolvate cu ajutorul acestui remediu.  <\/p>\n<p>NUTRIEN\u021aI<\/p>\n<p>\u00centr-o por\u021bie = 1 capsul\u0103:<\/p>\n<p>RECOMAND\u0102RI DE UTILIZARE<\/p>\n<p>Lua\u021bi 1 capsul\u0103 pe zi \u00eenainte de mese, cu mult lichid. Nu dep\u0103\u0219i\u021bi doza zilnic\u0103 recomandat\u0103. <\/p>\n<p>Avertisment: Nu l\u0103sa\u021bi acest produs la \u00eendem\u00e2na copiilor. Suplimentul alimentar nu \u00eenlocuie\u0219te o diet\u0103 echilibrat\u0103, variat\u0103 \u0219i un stil de via\u021b\u0103 s\u0103n\u0103tos. Nu este recomandat persoanelor sub 12 ani sau femeilor \u00eens\u0103rcinate sau care al\u0103pteaz\u0103. Consumul produsului nu este recomandat \u00een caz de boli identificate \u0219i luarea de medicamente.   <\/p>\n<p>&nbsp;<\/p>\n","protected":false},"excerpt":{"rendered":"<h3>Ashwagandha BioTechUSA \u0424\u0430\u0441\u043e\u0432\u043a\u0430: 60 caps.8795<\/h3>\n","protected":false},"featured_media":46069,"comment_status":"open","ping_status":"closed","template":"","meta":{"_et_pb_use_builder":"","_et_pb_old_content":"","_et_gb_content_width":""},"product_brand":[1344],"product_cat":[675],"product_tag":[752,1203,786,1185,1335,1374],"class_list":{"0":"post-43955","1":"product","2":"type-product","3":"status-publish","4":"has-post-thumbnail","6":"product_brand-biotechusa","7":"product_cat-nutritie-sportiva","8":"product_tag-aditiv-alimentar","9":"product_tag-ashwagandha-ro","10":"product_tag-biotech-usa-ro","11":"product_tag-nutritie-sportiva","12":"product_tag-sport-ro","13":"product_tag-dobavki-ro","15":"first","16":"instock","17":"shipping-taxable","18":"purchasable","19":"product-type-simple"},"aioseo_notices":[],"_links":{"self":[{"href":"https:\/\/amaldis.md\/ro\/wp-json\/wp\/v2\/product\/43955","targetHints":{"allow":["GET"]}}],"collection":[{"href":"https:\/\/amaldis.md\/ro\/wp-json\/wp\/v2\/product"}],"about":[{"href":"https:\/\/amaldis.md\/ro\/wp-json\/wp\/v2\/types\/product"}],"replies":[{"embeddable":true,"href":"https:\/\/amaldis.md\/ro\/wp-json\/wp\/v2\/comments?post=43955"}],"wp:featuredmedia":[{"embeddable":true,"href":"https:\/\/amaldis.md\/ro\/wp-json\/wp\/v2\/media\/46069"}],"wp:attachment":[{"href":"https:\/\/amaldis.md\/ro\/wp-json\/wp\/v2\/media?parent=43955"}],"wp:term":[{"taxonomy":"product_brand","embeddable":true,"href":"https:\/\/amaldis.md\/ro\/wp-json\/wp\/v2\/product_brand?post=43955"},{"taxonomy":"product_cat","embeddable":true,"href":"https:\/\/amaldis.md\/ro\/wp-json\/wp\/v2\/product_cat?post=43955"},{"taxonomy":"product_tag","embeddable":true,"href":"https:\/\/amaldis.md\/ro\/wp-json\/wp\/v2\/product_tag?post=43955"}],"curies":[{"name":"wp","href":"https:\/\/api.w.org\/{rel}","templated":true}]}}