{"id":43963,"date":"2025-02-25T18:00:55","date_gmt":"2025-02-25T15:00:55","guid":{"rendered":"https:\/\/amaldis.md\/product\/l-tryptophan\/"},"modified":"2026-03-06T17:14:11","modified_gmt":"2026-03-06T14:14:11","slug":"l-tryptophan","status":"publish","type":"product","link":"https:\/\/amaldis.md\/ro\/produs\/l-tryptophan\/","title":{"rendered":"B L-Tryptophan 60 cap.8509"},"content":{"rendered":"<h3><span data-sheets-root=\"1\">B L-Tryptophan 60 cap.8509<\/span><\/h3>\n<p>DESCRIERE PRODUS<\/p>\n<p>Amelioreaz\u0103 depresia, ajut\u0103 la ameliorarea stresului cronic \u0219i normalizeaz\u0103 s\u0103n\u0103tatea mintal\u0103.<br \/>Deficitul de triptofan este cauzat de stresul frecvent, activitatea fizic\u0103 intens\u0103 \u0219i o diet\u0103 dezechilibrat\u0103.<br \/>\u00cen perioadele de exerci\u021bii fizice intense, acest produs este deosebit de necesar pentru a men\u021bine eficacitatea antrenamentului.<br \/>Triptofanul este unul dintre cei opt aminoacizi esen\u021biali; nu este produs de organism, ci este ob\u021binut prin alimente. Acest \u201eaminoacid\u201d practic nu se acumuleaz\u0103, ci este consumat rapid pentru a satisface nevoile organismului. \u0218i importan\u021ba sa este adesea subestimat\u0103. Este un precursor al serotoninei \u0219i melatoninei, a\u0219a c\u0103 deficitul s\u0103u duce la probleme de somn \u0219i la o dispozi\u021bie proast\u0103. Acest aminoacid este deosebit de important pentru sportivii care sufer\u0103 adesea de insomnie \u0219i sunt mai susceptibili la stres.<\/p>\n<p>O alt\u0103 proprietate a suplimentului este prevenirea dezvolt\u0103rii demen\u021bei senile. S-a dovedit \u0219tiin\u021bific c\u0103 administrarea de suplimente de triptofan persoanelor cu demen\u021b\u0103 le \u00eembun\u0103t\u0103\u021be\u0219te starea.<\/p>\n<p>NUTRIEN\u021aI<\/p>\n<p>\u00centr-o por\u021bie = 1 capsul\u0103:<\/p>\n<p>RECOMAND\u0102RI DE UTILIZARE<\/p>\n<p>Lua\u021bi o capsul\u0103 cu o or\u0103 \u00eenainte de culcare pentru a ameliora insomnia. \u00cen timpul antrenamentului intens, doza se dubleaz\u0103, a doua doz\u0103 se ia diminea\u021ba pe stomacul gol. Pentru depresie, lua\u021bi 3 capsule pe zi. Triptofanul trebuie administrat pe stomacul gol \u2013 acest lucru \u00eembun\u0103t\u0103\u021be\u0219te absorb\u021bia \u0219i asimilarea aminoacidului.<\/p>\n<p>&nbsp;<\/p>\n","protected":false},"excerpt":{"rendered":"<h3><span data-sheets-root=\"1\">B L-Tryptophan 60 cap.8509 <\/span><\/h3>\n","protected":false},"featured_media":46084,"comment_status":"open","ping_status":"closed","template":"","meta":{"_et_pb_use_builder":"","_et_pb_old_content":"","_et_gb_content_width":""},"product_brand":[1344],"product_cat":[675],"product_tag":[1377,786,1381,1382,1207,748,1185,1335],"class_list":{"0":"post-43963","1":"product","2":"type-product","3":"status-publish","4":"has-post-thumbnail","6":"product_brand-biotechusa","7":"product_cat-nutritie-sportiva","8":"product_tag-aditiv","9":"product_tag-biotech-usa-ro","10":"product_tag-din-depresie","11":"product_tag-groapa-de-sport","12":"product_tag-l-tryptophan-ro","13":"product_tag-nutritie","14":"product_tag-nutritie-sportiva","15":"product_tag-sport-ro","17":"first","18":"instock","19":"shipping-taxable","20":"purchasable","21":"product-type-simple"},"aioseo_notices":[],"_links":{"self":[{"href":"https:\/\/amaldis.md\/ro\/wp-json\/wp\/v2\/product\/43963","targetHints":{"allow":["GET"]}}],"collection":[{"href":"https:\/\/amaldis.md\/ro\/wp-json\/wp\/v2\/product"}],"about":[{"href":"https:\/\/amaldis.md\/ro\/wp-json\/wp\/v2\/types\/product"}],"replies":[{"embeddable":true,"href":"https:\/\/amaldis.md\/ro\/wp-json\/wp\/v2\/comments?post=43963"}],"wp:featuredmedia":[{"embeddable":true,"href":"https:\/\/amaldis.md\/ro\/wp-json\/wp\/v2\/media\/46084"}],"wp:attachment":[{"href":"https:\/\/amaldis.md\/ro\/wp-json\/wp\/v2\/media?parent=43963"}],"wp:term":[{"taxonomy":"product_brand","embeddable":true,"href":"https:\/\/amaldis.md\/ro\/wp-json\/wp\/v2\/product_brand?post=43963"},{"taxonomy":"product_cat","embeddable":true,"href":"https:\/\/amaldis.md\/ro\/wp-json\/wp\/v2\/product_cat?post=43963"},{"taxonomy":"product_tag","embeddable":true,"href":"https:\/\/amaldis.md\/ro\/wp-json\/wp\/v2\/product_tag?post=43963"}],"curies":[{"name":"wp","href":"https:\/\/api.w.org\/{rel}","templated":true}]}}