{"id":43967,"date":"2025-02-25T18:08:44","date_gmt":"2025-02-25T15:08:44","guid":{"rendered":"https:\/\/amaldis.md\/product\/collagen-clear-pro\/"},"modified":"2026-03-29T13:04:58","modified_gmt":"2026-03-29T10:04:58","slug":"collagen-clear-pro","status":"publish","type":"product","link":"https:\/\/amaldis.md\/ro\/produs\/collagen-clear-pro\/","title":{"rendered":"Colagen Clear PROFF 350g"},"content":{"rendered":"<h3>Colagen Clear PROFF 350g<\/h3>\n<p>DESCRIERE PRODUS<\/p>\n<p>Colagen hidrolizat \u201eChondrActiv\u00ae\u201d tip I \u0219i II;<br \/>\nFormula complexa de ingrediente active;<br \/>\nProtejeaz\u0103 articula\u021biile \u0219i ligamentele \u00eempotriva r\u0103nilor;<br \/>\n\u00cembun\u0103t\u0103\u021be\u0219te starea pielii, p\u0103rului, unghiilor;<br \/>\n\u00cent\u0103re\u0219te sistemul imunitar;<br \/>\nAre efect antioxidant;<br \/>\nF\u0103r\u0103 zah\u0103r, gluten, lactoz\u0103, ulei de palmier.<br \/>\nColagenul este un tip de protein\u0103 care formeaz\u0103 \u021besutul conjunctiv uman. Pe m\u0103sur\u0103 ce \u00eenaint\u0103m \u00een v\u00e2rst\u0103, produc\u021bia de colagen scade, de aceea este important s\u0103 lu\u0103m un aport suplimentar din aceast\u0103 substan\u021b\u0103. Colagenul ajut\u0103 la men\u021binerea elasticit\u0103\u021bii \u021besuturilor conjunctive, este responsabil pentru func\u021bionarea normal\u0103 a articula\u021biilor \u0219i ligamentelor \u0219i previne apari\u021bia ridurilor.  <\/p>\n<p>NUTRIEN\u021aI<\/p>\n<p>\u00cen doz\u0103 zilnic\u0103 = 25 g. | 100 gr.:<\/p>\n<p>RECOMAND\u0102RI DE UTILIZARE<\/p>\n<p>Se amestec\u0103 o por\u021bie (12,5 g = 1 lingur\u0103) de pudr\u0103 de colagen cu 200 ml de ap\u0103 \u00eentr-un agitator. Se beau 2 portii pe zi. <\/p>\n","protected":false},"excerpt":{"rendered":"<h3>Colagen Clear PROFF 350g<\/h3>\n<h3 class=\"product-short-description\"><\/h3>\n","protected":false},"featured_media":46452,"comment_status":"open","ping_status":"closed","template":"","meta":{"_et_pb_use_builder":"","_et_pb_old_content":"","_et_gb_content_width":""},"product_brand":[1344],"product_cat":[675],"product_tag":[786,1209,1185],"class_list":{"0":"post-43967","1":"product","2":"type-product","3":"status-publish","4":"has-post-thumbnail","6":"product_brand-biotechusa","7":"product_cat-nutritie-sportiva","8":"product_tag-biotech-usa-ro","9":"product_tag-collagen-clear-pro-ro","10":"product_tag-nutritie-sportiva","12":"first","13":"instock","14":"shipping-taxable","15":"purchasable","16":"product-type-simple"},"aioseo_notices":[],"_links":{"self":[{"href":"https:\/\/amaldis.md\/ro\/wp-json\/wp\/v2\/product\/43967","targetHints":{"allow":["GET"]}}],"collection":[{"href":"https:\/\/amaldis.md\/ro\/wp-json\/wp\/v2\/product"}],"about":[{"href":"https:\/\/amaldis.md\/ro\/wp-json\/wp\/v2\/types\/product"}],"replies":[{"embeddable":true,"href":"https:\/\/amaldis.md\/ro\/wp-json\/wp\/v2\/comments?post=43967"}],"wp:featuredmedia":[{"embeddable":true,"href":"https:\/\/amaldis.md\/ro\/wp-json\/wp\/v2\/media\/46452"}],"wp:attachment":[{"href":"https:\/\/amaldis.md\/ro\/wp-json\/wp\/v2\/media?parent=43967"}],"wp:term":[{"taxonomy":"product_brand","embeddable":true,"href":"https:\/\/amaldis.md\/ro\/wp-json\/wp\/v2\/product_brand?post=43967"},{"taxonomy":"product_cat","embeddable":true,"href":"https:\/\/amaldis.md\/ro\/wp-json\/wp\/v2\/product_cat?post=43967"},{"taxonomy":"product_tag","embeddable":true,"href":"https:\/\/amaldis.md\/ro\/wp-json\/wp\/v2\/product_tag?post=43967"}],"curies":[{"name":"wp","href":"https:\/\/api.w.org\/{rel}","templated":true}]}}