{"id":43980,"date":"2025-02-25T18:40:21","date_gmt":"2025-02-25T15:40:21","guid":{"rendered":"https:\/\/amaldis.md\/product\/hyper-mass-2\/"},"modified":"2026-03-29T12:46:42","modified_gmt":"2026-03-29T09:46:42","slug":"hyper-mass-2","status":"publish","type":"product","link":"https:\/\/amaldis.md\/ro\/produs\/hyper-mass-2\/","title":{"rendered":"B \u0413\u0435\u0439\u043d\u0435\u0440 Hyper mass 4000 g"},"content":{"rendered":"<h3>Hyper Mass<\/h3>\n<p>DESCRIERE PRODUS<\/p>\n<p>Pentru a sprijini recuperarea muscular\u0103 dup\u0103 exerci\u021biu;<br \/>\nPentru a cre\u0219te greutatea corporal\u0103 \u0219i masa muscular\u0103;<br \/>\nProdusul este potrivit at\u00e2t pentru b\u0103rba\u021bi, c\u00e2t \u0219i pentru femei;<br \/>\nNu con\u021bine zah\u0103r ad\u0103ugat (doar zah\u0103r natural);<br \/>\nPentru a asigura un profil nutri\u021bional echilibrat, fiecare por\u021bie con\u021bine o cantitate mic\u0103 de gr\u0103sime.<br \/>\nO alegere excelent\u0103 pentru cei care doresc s\u0103 creasc\u0103 masa muscular\u0103, deoarece acum v\u0103 pute\u021bi completa dieta cu caloriile suplimentare de care ave\u021bi nevoie pentru a cre\u0219te cu un produs realizat din ingrediente atent selectate.<\/p>\n<p>TriCarbo Matrix este un complex de carbohidra\u021bi care const\u0103 din trei surse diferite de carbohidra\u021bi cu indici glicemici diferi\u021bi. Con\u021bine un carbohidrat cu indice glicemic ridicat (maltodextrin\u0103) pe l\u00e2ng\u0103 o cantitate mare de fibre cu indice glicemic sc\u0103zut sub form\u0103 de inulin\u0103. \u00cen plus, con\u021bine amidon de porumb, care este o surs\u0103 modern\u0103 \u0219i popular\u0103 de carbohidra\u021bi.  <\/p>\n<p>Complexul proteic con\u021bine 3 componente proteice diferite (concentrat proteic din zer, cazeinat de calciu, izolat proteic din zer) cu timpi de digestie diferi\u021bi pentru a oferi sursele de proteine \u200b\u200bde care ave\u021bi nevoie pentru a v\u0103 construi masa muscular\u0103.<\/p>\n<p>Creatina monohidrat micronizat\u0103: Ofer\u0103 performan\u021be \u00eembun\u0103t\u0103\u021bite fa\u021b\u0103 de creatina monohidrat tradi\u021bional\u0103 pentru a spori rezisten\u021ba fizic\u0103 \u00een timpul exerci\u021biilor de mare intensitate pe termen scurt.<\/p>\n<p>NUTRIEN\u021aI<\/p>\n<p>\u00centr-o por\u021bie = 65 g:<\/p>\n<p>RECOMAND\u0102RI DE UTILIZARE<\/p>\n<p>Amesteca o portie (65 g = 3 linguri) de produs intr-un shaker cu 450 ml lapte degresat sau apa. \u00cen zilele de antrenament, lua\u021bi 1 por\u021bie diminea\u021ba \u0219i 1 por\u021bie imediat dup\u0103 antrenament. \u00cen zilele de odihn\u0103, lua\u021bi 1 por\u021bie diminea\u021ba \u0219i 1 por\u021bie seara.  <\/p>\n<p>&nbsp;<\/p>\n","protected":false},"excerpt":{"rendered":"<h3>B Gainer Hyper Mass 4000 g<\/h3>\n","protected":false},"featured_media":46441,"comment_status":"open","ping_status":"closed","template":"","meta":{"_et_pb_use_builder":"","_et_pb_old_content":"","_et_gb_content_width":""},"product_brand":[1344],"product_cat":[675],"product_tag":[786,1211,1185],"class_list":{"0":"post-43980","1":"product","2":"type-product","3":"status-publish","4":"has-post-thumbnail","6":"product_brand-biotechusa","7":"product_cat-nutritie-sportiva","8":"product_tag-biotech-usa-ro","9":"product_tag-hyper-mass-ro","10":"product_tag-nutritie-sportiva","12":"first","13":"instock","14":"shipping-taxable","15":"purchasable","16":"product-type-simple"},"aioseo_notices":[],"_links":{"self":[{"href":"https:\/\/amaldis.md\/ro\/wp-json\/wp\/v2\/product\/43980","targetHints":{"allow":["GET"]}}],"collection":[{"href":"https:\/\/amaldis.md\/ro\/wp-json\/wp\/v2\/product"}],"about":[{"href":"https:\/\/amaldis.md\/ro\/wp-json\/wp\/v2\/types\/product"}],"replies":[{"embeddable":true,"href":"https:\/\/amaldis.md\/ro\/wp-json\/wp\/v2\/comments?post=43980"}],"wp:featuredmedia":[{"embeddable":true,"href":"https:\/\/amaldis.md\/ro\/wp-json\/wp\/v2\/media\/46441"}],"wp:attachment":[{"href":"https:\/\/amaldis.md\/ro\/wp-json\/wp\/v2\/media?parent=43980"}],"wp:term":[{"taxonomy":"product_brand","embeddable":true,"href":"https:\/\/amaldis.md\/ro\/wp-json\/wp\/v2\/product_brand?post=43980"},{"taxonomy":"product_cat","embeddable":true,"href":"https:\/\/amaldis.md\/ro\/wp-json\/wp\/v2\/product_cat?post=43980"},{"taxonomy":"product_tag","embeddable":true,"href":"https:\/\/amaldis.md\/ro\/wp-json\/wp\/v2\/product_tag?post=43980"}],"curies":[{"name":"wp","href":"https:\/\/api.w.org\/{rel}","templated":true}]}}