{"id":43992,"date":"2025-02-26T11:28:03","date_gmt":"2025-02-26T08:28:03","guid":{"rendered":"https:\/\/amaldis.md\/product\/chlorophyll-liquid\/"},"modified":"2026-03-06T18:09:06","modified_gmt":"2026-03-06T15:09:06","slug":"chlorophyll-liquid","status":"publish","type":"product","link":"https:\/\/amaldis.md\/ro\/produs\/chlorophyll-liquid\/","title":{"rendered":"NF Chlorophyll Liquid 473ml"},"content":{"rendered":"<h3><span data-sheets-root=\"1\">NF Chlorophyll Liquid 473ml<\/span><\/h3>\n<p>DESCRIERE PRODUS<\/p>\n<p>Foarte concentrat &#8211; peste 90 de portii;<br \/>\nPromoveaz\u0103 cur\u0103\u021barea organismului;<br \/>\n\u00eemprosp\u0103teaz\u0103 respira\u021bia;<br \/>\nParfum natural de menta;<br \/>\nNu con\u021bine OMG;<br \/>\nRespect\u0103 standardul de calitate GMP.<br \/>\nClorofila este un pigment verde produs \u00een mod natural de plante \u0219i alge, care le confer\u0103 culoarea verde caracteristic\u0103. Clorofila joaca un rol important in fotosinteza, procesul de transformare a razelor solare in energie chimica. Clorofila poate actiona ca un captator de radicali liberi, poate promova procesele de detoxifiere din organism si este folosita in mod traditional ca &#8222;deodorant intern&#8221;. Acest extract solubil \u00een ap\u0103 este sub form\u0103 de clorofilin\u0103 de sodiu cupru.<\/p>\n<p>NUTRIEN\u021aI<\/p>\n<p>\u00centr-o por\u021bie = 1 linguri\u021b\u0103 = 5 ml:<\/p>\n<p>RECOMAND\u0102RI DE UTILIZARE<\/p>\n<p>Lua\u021bi 1 linguri\u021b\u0103 (5 ml) pe zi cu 240 ml de ap\u0103 sau suc.. Agita\u021bi bine \u00eenainte de utilizare. Dupa deschidere se pastreaza la frigider.<\/p>\n<p>Not\u0103: Clorofila con\u021bine un pigment verde care poate p\u0103ta hainele. Utiliza\u021bi cu precau\u021bie.<\/p>\n","protected":false},"excerpt":{"rendered":"<h3><span data-sheets-root=\"1\">NF Chlorophyll Liquid 473ml<\/span><\/h3>\n","protected":false},"featured_media":46095,"comment_status":"open","ping_status":"closed","template":"","meta":{"_et_pb_use_builder":"","_et_pb_old_content":"","_et_gb_content_width":""},"product_brand":[1389],"product_cat":[675],"product_tag":[1220,1221,1185],"class_list":{"0":"post-43992","1":"product","2":"type-product","3":"status-publish","4":"has-post-thumbnail","6":"product_brand-now-foods","7":"product_cat-nutritie-sportiva","8":"product_tag-chlorophyll-liquid-ro","9":"product_tag-now-foods-ro","10":"product_tag-nutritie-sportiva","12":"first","13":"instock","14":"shipping-taxable","15":"purchasable","16":"product-type-simple"},"aioseo_notices":[],"_links":{"self":[{"href":"https:\/\/amaldis.md\/ro\/wp-json\/wp\/v2\/product\/43992","targetHints":{"allow":["GET"]}}],"collection":[{"href":"https:\/\/amaldis.md\/ro\/wp-json\/wp\/v2\/product"}],"about":[{"href":"https:\/\/amaldis.md\/ro\/wp-json\/wp\/v2\/types\/product"}],"replies":[{"embeddable":true,"href":"https:\/\/amaldis.md\/ro\/wp-json\/wp\/v2\/comments?post=43992"}],"wp:featuredmedia":[{"embeddable":true,"href":"https:\/\/amaldis.md\/ro\/wp-json\/wp\/v2\/media\/46095"}],"wp:attachment":[{"href":"https:\/\/amaldis.md\/ro\/wp-json\/wp\/v2\/media?parent=43992"}],"wp:term":[{"taxonomy":"product_brand","embeddable":true,"href":"https:\/\/amaldis.md\/ro\/wp-json\/wp\/v2\/product_brand?post=43992"},{"taxonomy":"product_cat","embeddable":true,"href":"https:\/\/amaldis.md\/ro\/wp-json\/wp\/v2\/product_cat?post=43992"},{"taxonomy":"product_tag","embeddable":true,"href":"https:\/\/amaldis.md\/ro\/wp-json\/wp\/v2\/product_tag?post=43992"}],"curies":[{"name":"wp","href":"https:\/\/api.w.org\/{rel}","templated":true}]}}