{"id":44001,"date":"2025-02-26T12:02:51","date_gmt":"2025-02-26T09:02:51","guid":{"rendered":"https:\/\/amaldis.md\/product\/mingi-de-tenis-werkon-9573\/"},"modified":"2025-02-26T12:02:51","modified_gmt":"2025-02-26T09:02:51","slug":"mingi-de-tenis-werkon-9573","status":"publish","type":"product","link":"https:\/\/amaldis.md\/ro\/produs\/mingi-de-tenis-werkon-9573\/","title":{"rendered":"Mingi de tenis Werkon 9573"},"content":{"rendered":"<h3 class=\"product-intro__title\">Mingi de tenis Werkon 9573<\/h3>\n<p>Mingea de tenis Werkon 9573-24 este un echipament sportiv de dimensiuni \u0219i greutate standard. C\u00e2nd este aruncat\u0103 de la o \u00een\u0103l\u021bime de 2,5 m pe o suprafa\u021b\u0103 de beton, mingea revine la o \u00een\u0103l\u021bime de 135-147 cm. Aceast\u0103 valoare corespunde standardului. Miezul de cauciuc al mingii este acoperit cu p\u00e2sl\u0103 dens\u0103. Bila este goal\u0103 \u00een interior \u0219i con\u021bine un gaz inert sub presiune.   <\/p>\n<p>Acoperirea din p\u00e2sl\u0103 de \u00eenalt\u0103 calitate v\u0103 permite s\u0103 utiliza\u021bi mingea pentru o lung\u0103 perioad\u0103 de timp, f\u0103r\u0103 semne vizibile de utilizare. Culoarea str\u0103lucitoare permite \u00eembun\u0103t\u0103\u021birea semnificativ\u0103 a vizibilit\u0103\u021bii mingii. Culoarea nu se estompeaz\u0103 mult timp, p\u0103str\u00e2ndu-\u0219i luminozitatea.  <\/p>\n<p>Tip mingi de tenis<br \/>\nSet complet 1 buc.<br \/>\nNivel Amator<br \/>\nMaterial Cauciuc \/ P\u00e2sl\u0103<br \/>\nTara de origine: China<\/p>\n","protected":false},"excerpt":{"rendered":"<h3 class=\"product-intro__title\">Mingi de tenis Werkon 9573<\/h3>\n","protected":false},"featured_media":44000,"comment_status":"open","ping_status":"closed","template":"","meta":{"_et_pb_use_builder":"","_et_pb_old_content":"","_et_gb_content_width":""},"product_brand":[],"product_cat":[657],"product_tag":[856,992],"class_list":{"0":"post-44001","1":"product","2":"type-product","3":"status-publish","4":"has-post-thumbnail","6":"product_cat-tenis-mare-si-squash","7":"product_tag-minge","8":"product_tag-tenis-ro","10":"first","11":"instock","12":"shipping-taxable","13":"purchasable","14":"product-type-simple"},"aioseo_notices":[],"_links":{"self":[{"href":"https:\/\/amaldis.md\/ro\/wp-json\/wp\/v2\/product\/44001","targetHints":{"allow":["GET"]}}],"collection":[{"href":"https:\/\/amaldis.md\/ro\/wp-json\/wp\/v2\/product"}],"about":[{"href":"https:\/\/amaldis.md\/ro\/wp-json\/wp\/v2\/types\/product"}],"replies":[{"embeddable":true,"href":"https:\/\/amaldis.md\/ro\/wp-json\/wp\/v2\/comments?post=44001"}],"wp:featuredmedia":[{"embeddable":true,"href":"https:\/\/amaldis.md\/ro\/wp-json\/wp\/v2\/media\/44000"}],"wp:attachment":[{"href":"https:\/\/amaldis.md\/ro\/wp-json\/wp\/v2\/media?parent=44001"}],"wp:term":[{"taxonomy":"product_brand","embeddable":true,"href":"https:\/\/amaldis.md\/ro\/wp-json\/wp\/v2\/product_brand?post=44001"},{"taxonomy":"product_cat","embeddable":true,"href":"https:\/\/amaldis.md\/ro\/wp-json\/wp\/v2\/product_cat?post=44001"},{"taxonomy":"product_tag","embeddable":true,"href":"https:\/\/amaldis.md\/ro\/wp-json\/wp\/v2\/product_tag?post=44001"}],"curies":[{"name":"wp","href":"https:\/\/api.w.org\/{rel}","templated":true}]}}