{"id":44011,"date":"2025-02-26T12:12:56","date_gmt":"2025-02-26T09:12:56","guid":{"rendered":"https:\/\/amaldis.md\/product\/mingi-de-tenis-odear-901\/"},"modified":"2025-02-26T12:12:56","modified_gmt":"2025-02-26T09:12:56","slug":"mingi-de-tenis-odear-901","status":"publish","type":"product","link":"https:\/\/amaldis.md\/ro\/produs\/mingi-de-tenis-odear-901\/","title":{"rendered":"Mingi de tenis ODEAR 901"},"content":{"rendered":"<h3 class=\"product-intro__title\">Mingi de tenis ODEAR 901<\/h3>\n<p>Descriere<\/p>\n<p>ODEAR 901-24 sunt mingi pentru tenisul amator. Au dimensiuni \u0219i greutate standard, au s\u0103ritur\u0103 medie \u0219i vitez\u0103 de zbor. Acest lucru permite ca echipamentul sportiv s\u0103 fie folosit de juc\u0103tori amatori cu diferite niveluri de preg\u0103tire. Viteza redus\u0103 a mingii ofer\u0103 mai mult timp pentru a lua o decizie. Acest lucru permite chiar \u0219i \u00eencep\u0103torilor s\u0103 foloseasc\u0103 mingi de acest tip.    <\/p>\n<p>O minge de tenis este format\u0103 dintr-un miez de cauciuc \u0219i o coaj\u0103 de p\u00e2sl\u0103. Miezul de cauciuc este sigilat \u0219i con\u021bine un gaz inert \u00een interior. Presiunea gazului afecteaz\u0103 caracteristicile de joc ale mingii. Pentru a preveni uzura prematur\u0103 a echipamentului sportiv \u0219i depresurizarea acestuia, produc\u0103torii folosesc o carcas\u0103 din p\u00e2sl\u0103 dens\u0103..   <\/p>\n<p>Tip mingi de tenis<br \/>\nSet complet 1 buc.<br \/>\nNivel Amator<br \/>\nMaterial Cauciuc \/ P\u00e2sl\u0103<br \/>\nTara de origine: China<\/p>\n","protected":false},"excerpt":{"rendered":"<h1 class=\"product-intro__title\">Mingi de tenis ODEAR 901 1buc<\/h1>\n","protected":false},"featured_media":44010,"comment_status":"open","ping_status":"closed","template":"","meta":{"_et_pb_use_builder":"","_et_pb_old_content":"","_et_gb_content_width":""},"product_brand":[],"product_cat":[657],"product_tag":[856,992],"class_list":{"0":"post-44011","1":"product","2":"type-product","3":"status-publish","4":"has-post-thumbnail","6":"product_cat-tenis-mare-si-squash","7":"product_tag-minge","8":"product_tag-tenis-ro","10":"first","11":"instock","12":"shipping-taxable","13":"purchasable","14":"product-type-simple"},"aioseo_notices":[],"_links":{"self":[{"href":"https:\/\/amaldis.md\/ro\/wp-json\/wp\/v2\/product\/44011","targetHints":{"allow":["GET"]}}],"collection":[{"href":"https:\/\/amaldis.md\/ro\/wp-json\/wp\/v2\/product"}],"about":[{"href":"https:\/\/amaldis.md\/ro\/wp-json\/wp\/v2\/types\/product"}],"replies":[{"embeddable":true,"href":"https:\/\/amaldis.md\/ro\/wp-json\/wp\/v2\/comments?post=44011"}],"wp:featuredmedia":[{"embeddable":true,"href":"https:\/\/amaldis.md\/ro\/wp-json\/wp\/v2\/media\/44010"}],"wp:attachment":[{"href":"https:\/\/amaldis.md\/ro\/wp-json\/wp\/v2\/media?parent=44011"}],"wp:term":[{"taxonomy":"product_brand","embeddable":true,"href":"https:\/\/amaldis.md\/ro\/wp-json\/wp\/v2\/product_brand?post=44011"},{"taxonomy":"product_cat","embeddable":true,"href":"https:\/\/amaldis.md\/ro\/wp-json\/wp\/v2\/product_cat?post=44011"},{"taxonomy":"product_tag","embeddable":true,"href":"https:\/\/amaldis.md\/ro\/wp-json\/wp\/v2\/product_tag?post=44011"}],"curies":[{"name":"wp","href":"https:\/\/api.w.org\/{rel}","templated":true}]}}