{"id":44023,"date":"2025-02-26T12:52:39","date_gmt":"2025-02-26T09:52:39","guid":{"rendered":"https:\/\/amaldis.md\/product\/set-mingi-tenis-de-masa-giant-dragon-platinum-40-3star\/"},"modified":"2025-02-26T12:52:39","modified_gmt":"2025-02-26T09:52:39","slug":"set-mingi-tenis-de-masa-giant-dragon-platinum-40-3star","status":"publish","type":"product","link":"https:\/\/amaldis.md\/ro\/produs\/set-mingi-tenis-de-masa-giant-dragon-platinum-40-3star\/","title":{"rendered":"Set Mingi Tenis de Masa GIANT DRAGON PLATINUM 40+ 3star"},"content":{"rendered":"<h4 class=\"product-intro__title\">Set Mingi Tenis de Masa GIANT DRAGON PLATINUM 40+ 3starar<\/h4>\n<p>Descriere<\/p>\n<p>Mingile au un diametru de peste 40 mm, ceea ce promoveaz\u0103 stabilitatea \u0219i predictibilitatea \u00een zbor, ajut\u00e2nd juc\u0103torii s\u0103 controleze mingea \u0219i s\u0103 \u00eembun\u0103t\u0103\u021beasc\u0103 tehnica. Setul include 6 mingi, ceea ce v\u0103 permite s\u0103 efectua\u021bi sesiuni lungi de antrenament \u0219i s\u0103 ave\u021bi \u00eentotdeauna mingi de rezerv\u0103 la \u00eendem\u00e2n\u0103. Clasa \u201e3 stele\u201d indic\u0103 calitate \u00eenalt\u0103 \u0219i caracteristici profesionale ale mingii, potrivite pentru juc\u0103torii mai experimenta\u021bi.  <\/p>\n<p>Fabricate din plastic, aceste bile sunt foarte durabile \u0219i rezistente la deformare, f\u0103c\u00e2ndu-le durabile \u0219i fiabile de utilizat. Varietatea de culori v\u0103 permite s\u0103 alege\u021bi bile \u00een func\u021bie de starea dvs. de spirit sau de condi\u021biile de iluminare, ad\u0103ug\u00e2nd luminozitate \u0219i comoditate jocului. <\/p>\n<p>Vezi mingi de tenis de mas\u0103<br \/>\nSet 6 buc.<br \/>\nDiametru 40 mm<br \/>\nClasa 3 stele<br \/>\nMaterial: plastic<br \/>\nTara de origine: China<\/p>\n","protected":false},"excerpt":{"rendered":"<h3 class=\"product-intro__title\">Set mingi de tenis de masa GIANT DRAGON PLATINUM 40+ 3star MT-6560 6buc\u0442<\/h3>\n","protected":false},"featured_media":44022,"comment_status":"open","ping_status":"closed","template":"","meta":{"_et_pb_use_builder":"","_et_pb_old_content":"","_et_gb_content_width":""},"product_brand":[],"product_cat":[669],"product_tag":[873,856,872],"class_list":{"0":"post-44023","1":"product","2":"type-product","3":"status-publish","4":"has-post-thumbnail","6":"product_cat-tenis-de-masa","7":"product_tag-baloane","8":"product_tag-minge","9":"product_tag-tenis-de-masa-ro","11":"first","12":"instock","13":"shipping-taxable","14":"purchasable","15":"product-type-simple"},"aioseo_notices":[],"_links":{"self":[{"href":"https:\/\/amaldis.md\/ro\/wp-json\/wp\/v2\/product\/44023","targetHints":{"allow":["GET"]}}],"collection":[{"href":"https:\/\/amaldis.md\/ro\/wp-json\/wp\/v2\/product"}],"about":[{"href":"https:\/\/amaldis.md\/ro\/wp-json\/wp\/v2\/types\/product"}],"replies":[{"embeddable":true,"href":"https:\/\/amaldis.md\/ro\/wp-json\/wp\/v2\/comments?post=44023"}],"wp:featuredmedia":[{"embeddable":true,"href":"https:\/\/amaldis.md\/ro\/wp-json\/wp\/v2\/media\/44022"}],"wp:attachment":[{"href":"https:\/\/amaldis.md\/ro\/wp-json\/wp\/v2\/media?parent=44023"}],"wp:term":[{"taxonomy":"product_brand","embeddable":true,"href":"https:\/\/amaldis.md\/ro\/wp-json\/wp\/v2\/product_brand?post=44023"},{"taxonomy":"product_cat","embeddable":true,"href":"https:\/\/amaldis.md\/ro\/wp-json\/wp\/v2\/product_cat?post=44023"},{"taxonomy":"product_tag","embeddable":true,"href":"https:\/\/amaldis.md\/ro\/wp-json\/wp\/v2\/product_tag?post=44023"}],"curies":[{"name":"wp","href":"https:\/\/api.w.org\/{rel}","templated":true}]}}