{"id":44055,"date":"2025-02-26T13:50:29","date_gmt":"2025-02-26T10:50:29","guid":{"rendered":"https:\/\/amaldis.md\/product\/husa-pentru-rachete-de-tenis-de-masa-2\/"},"modified":"2025-02-26T13:50:29","modified_gmt":"2025-02-26T10:50:29","slug":"husa-pentru-rachete-de-tenis-de-masa-2","status":"publish","type":"product","link":"https:\/\/amaldis.md\/ro\/produs\/husa-pentru-rachete-de-tenis-de-masa-2\/","title":{"rendered":"Husa pentru rachete de tenis de masa"},"content":{"rendered":"<h4 class=\"product-intro__title\">Husa pentru rachete de tenis de masa<\/h4>\n<p>Descriere<\/p>\n<p>Fabricat\u0103 din poliester durabil, aceast\u0103 hus\u0103 este foarte durabil\u0103 \u0219i rezistent\u0103 la uzur\u0103.. Acest material protejeaz\u0103 eficient racheta de deterior\u0103ri mecanice \u0219i umiditate, ceea ce face ca acest accesoriu s\u0103 fie ideal pentru utilizare activ\u0103 \u0219i c\u0103l\u0103torii frecvente.<\/p>\n<p>Dimensiunea de 28x2x18 cm v\u0103 permite s\u0103 plasa\u021bi confortabil o rachet\u0103.\u0443. Forma carcasei urmeaz\u0103 contururile rachetei, asigur\u00e2nd o potrivire str\u00e2ns\u0103 \u0219i depozitare compact\u0103. Aceast\u0103 solu\u021bie previne mi\u0219carea inutil\u0103 a rachetei \u00een interior \u0219i minimizeaz\u0103 riscul de zg\u00e2riere a p\u0103r\u021bii lovitoare..<\/p>\n<p>Dotata cu un compartiment pentru mingi, husa iti permite sa ai mereu la indemana accesoriile necesare jocului.. Acest lucru economise\u0219te timp \u0219i adaug\u0103 confort la preg\u0103tirea pentru joc.<\/p>\n","protected":false},"excerpt":{"rendered":"<h3 class=\"product-intro__title\">Geanta pentru rachete de tenis de masa cu compartiment pentru trei mingi GIANT DRAGON MT-654949<\/h3>\n","protected":false},"featured_media":44054,"comment_status":"open","ping_status":"closed","template":"","meta":{"_et_pb_use_builder":"","_et_pb_old_content":"","_et_gb_content_width":""},"product_brand":[],"product_cat":[669],"product_tag":[1223,853,872],"class_list":{"0":"post-44055","1":"product","2":"type-product","3":"status-publish","4":"has-post-thumbnail","6":"product_cat-tenis-de-masa","7":"product_tag-caz","8":"product_tag-racheta","9":"product_tag-tenis-de-masa-ro","11":"first","12":"instock","13":"shipping-taxable","14":"purchasable","15":"product-type-simple"},"aioseo_notices":[],"_links":{"self":[{"href":"https:\/\/amaldis.md\/ro\/wp-json\/wp\/v2\/product\/44055","targetHints":{"allow":["GET"]}}],"collection":[{"href":"https:\/\/amaldis.md\/ro\/wp-json\/wp\/v2\/product"}],"about":[{"href":"https:\/\/amaldis.md\/ro\/wp-json\/wp\/v2\/types\/product"}],"replies":[{"embeddable":true,"href":"https:\/\/amaldis.md\/ro\/wp-json\/wp\/v2\/comments?post=44055"}],"wp:featuredmedia":[{"embeddable":true,"href":"https:\/\/amaldis.md\/ro\/wp-json\/wp\/v2\/media\/44054"}],"wp:attachment":[{"href":"https:\/\/amaldis.md\/ro\/wp-json\/wp\/v2\/media?parent=44055"}],"wp:term":[{"taxonomy":"product_brand","embeddable":true,"href":"https:\/\/amaldis.md\/ro\/wp-json\/wp\/v2\/product_brand?post=44055"},{"taxonomy":"product_cat","embeddable":true,"href":"https:\/\/amaldis.md\/ro\/wp-json\/wp\/v2\/product_cat?post=44055"},{"taxonomy":"product_tag","embeddable":true,"href":"https:\/\/amaldis.md\/ro\/wp-json\/wp\/v2\/product_tag?post=44055"}],"curies":[{"name":"wp","href":"https:\/\/api.w.org\/{rel}","templated":true}]}}