{"id":44064,"date":"2025-02-26T16:01:50","date_gmt":"2025-02-26T13:01:50","guid":{"rendered":"https:\/\/amaldis.md\/product\/racheta-de-tenis-de-masa-giant-dragon-topenergy\/"},"modified":"2025-02-26T16:01:50","modified_gmt":"2025-02-26T13:01:50","slug":"racheta-de-tenis-de-masa-giant-dragon-topenergy","status":"publish","type":"product","link":"https:\/\/amaldis.md\/ro\/produs\/racheta-de-tenis-de-masa-giant-dragon-topenergy\/","title":{"rendered":"Racheta de tenis de masa GIANT DRAGON TOPENERGY"},"content":{"rendered":"<h4 class=\"product-intro__title\">Racheta de tenis de masa GIANT DRAGON TOPENERGY<\/h4>\n<p>Descriere<\/p>\n<p>Fabricat\u0103 din lemn de calitate, cu un m\u00e2ner conic pentru o prindere u\u0219oar\u0103 \u0219i o prindere din cauciuc de 3 mm, racheta ofer\u0103 caracteristici excelente de joc. Viteza la 90% permite lovituri puternice, \u00een timp ce controlul la 60% promoveaz\u0103 precizia. Rotirea de 80% adaug\u0103 claritatea necesar\u0103 loviturii \u0219i permite juc\u0103torului s\u0103 domine masa. Suprafa\u021ba neted\u0103 a cauciucului \u00eembun\u0103t\u0103\u021be\u0219te aderen\u021ba mingii, iar certificarea ITTF confirm\u0103 standardul \u00eenalt de calitate.   <\/p>\n<p>Vedere a rachetei de tenis de mas\u0103<br \/>\nDisponibilitate certificat ITTF Aprobat<br \/>\nSuprafa\u021b\u0103 neted\u0103<br \/>\nStiluri de joc Atacare OFF<br \/>\nGrosimea suprapunerii este de 3 mm<br \/>\nViteza 90%<br \/>\nRotire 80%<br \/>\nControl 60%<br \/>\nForma m\u00e2nerului Conic<br \/>\nMateriale Baza: Lemn<br \/>\nSuprapunere: cauciuc<br \/>\nTara de origine: China<\/p>\n","protected":false},"excerpt":{"rendered":"<h3 class=\"product-intro__title\">Racheta de tenis de masa GIANT DRAGON TOPENERGY P40+ 5star MT-6509 ST12501P40<\/h3>\n","protected":false},"featured_media":44063,"comment_status":"open","ping_status":"closed","template":"","meta":{"_et_pb_use_builder":"","_et_pb_old_content":"","_et_gb_content_width":""},"product_brand":[],"product_cat":[669],"product_tag":[853,872],"class_list":{"0":"post-44064","1":"product","2":"type-product","3":"status-publish","4":"has-post-thumbnail","6":"product_cat-tenis-de-masa","7":"product_tag-racheta","8":"product_tag-tenis-de-masa-ro","10":"first","11":"instock","12":"shipping-taxable","13":"purchasable","14":"product-type-simple"},"aioseo_notices":[],"_links":{"self":[{"href":"https:\/\/amaldis.md\/ro\/wp-json\/wp\/v2\/product\/44064","targetHints":{"allow":["GET"]}}],"collection":[{"href":"https:\/\/amaldis.md\/ro\/wp-json\/wp\/v2\/product"}],"about":[{"href":"https:\/\/amaldis.md\/ro\/wp-json\/wp\/v2\/types\/product"}],"replies":[{"embeddable":true,"href":"https:\/\/amaldis.md\/ro\/wp-json\/wp\/v2\/comments?post=44064"}],"wp:featuredmedia":[{"embeddable":true,"href":"https:\/\/amaldis.md\/ro\/wp-json\/wp\/v2\/media\/44063"}],"wp:attachment":[{"href":"https:\/\/amaldis.md\/ro\/wp-json\/wp\/v2\/media?parent=44064"}],"wp:term":[{"taxonomy":"product_brand","embeddable":true,"href":"https:\/\/amaldis.md\/ro\/wp-json\/wp\/v2\/product_brand?post=44064"},{"taxonomy":"product_cat","embeddable":true,"href":"https:\/\/amaldis.md\/ro\/wp-json\/wp\/v2\/product_cat?post=44064"},{"taxonomy":"product_tag","embeddable":true,"href":"https:\/\/amaldis.md\/ro\/wp-json\/wp\/v2\/product_tag?post=44064"}],"curies":[{"name":"wp","href":"https:\/\/api.w.org\/{rel}","templated":true}]}}