{"id":44072,"date":"2025-02-26T16:10:32","date_gmt":"2025-02-26T13:10:32","guid":{"rendered":"https:\/\/amaldis.md\/product\/racheta-de-tenis-de-masa-giant-dragon-karate\/"},"modified":"2025-02-26T16:10:32","modified_gmt":"2025-02-26T13:10:32","slug":"racheta-de-tenis-de-masa-giant-dragon-karate","status":"publish","type":"product","link":"https:\/\/amaldis.md\/ro\/produs\/racheta-de-tenis-de-masa-giant-dragon-karate\/","title":{"rendered":"Racheta de tenis de masa GIANT DRAGON KARATE"},"content":{"rendered":"<h4 class=\"product-intro__title\">Racheta de tenis de masa GIANT DRAGON KARATE<\/h4>\n<p>Descriere<\/p>\n<p>Combin\u00e2nd tradi\u021bia \u0219i inova\u021bia, racheta GIANT DRAGON KARATE P40 4* MT-5691 v\u0103 va duce jocul la un nou nivel. Fabricat din lemn premium cu m\u00e2ner din cauciuc de 3 mm, ofer\u0103 o vitez\u0103 excep\u021bional\u0103 de 70% \u0219i un control de 60%, oferind juc\u0103torului capacitatea de a domina masa. Rota\u021bia crescut\u0103 cu 60% face ca fiecare dintre loviturile tale s\u0103 fie nu numai puternic\u0103, ci \u0219i imprevizibil\u0103 pentru adversarul t\u0103u. Suprafa\u021ba neted\u0103 a cauciucului garanteaz\u0103 o aderen\u021b\u0103 excelent\u0103 pe minge, iar aprobarea ITTF confirm\u0103 standarde \u00eenalte de calitate \u0219i permite utilizarea rachetei \u00een competi\u021biile oficiale. Stilul s\u0103u de joc versatil face ca racheta s\u0103 fie o alegere ideal\u0103 pentru juc\u0103torii care doresc s\u0103 se adapteze la orice condi\u021bii de joc \u0219i adversari.    <\/p>\n<p>Vedere a rachetei de tenis de mas\u0103<br \/>\nDisponibilitate certificat ITTF Aprobat<br \/>\nSuprafa\u021b\u0103 neted\u0103<br \/>\nStiluri de joc Universal ALL<br \/>\nGrosimea suprapunerii este de 3 mm<br \/>\nViteza 82%<br \/>\nRota\u021bie 73%<br \/>\nControl 67%<br \/>\nForma m\u00e2nerului Conic<br \/>\nMateriale Baza: Lemn<br \/>\nSuprapunere: cauciuc<br \/>\nTara de origine: China<\/p>\n","protected":false},"excerpt":{"rendered":"<h3 class=\"product-intro__title\">Racheta tenis de masa GIANT DRAGON KARATE P40+ 4star MT-5691 ST12402P<\/h3>\n","protected":false},"featured_media":44071,"comment_status":"open","ping_status":"closed","template":"","meta":{"_et_pb_use_builder":"","_et_pb_old_content":"","_et_gb_content_width":""},"product_brand":[],"product_cat":[669],"product_tag":[853,872],"class_list":{"0":"post-44072","1":"product","2":"type-product","3":"status-publish","4":"has-post-thumbnail","6":"product_cat-tenis-de-masa","7":"product_tag-racheta","8":"product_tag-tenis-de-masa-ro","10":"first","11":"instock","12":"shipping-taxable","13":"purchasable","14":"product-type-simple"},"aioseo_notices":[],"_links":{"self":[{"href":"https:\/\/amaldis.md\/ro\/wp-json\/wp\/v2\/product\/44072","targetHints":{"allow":["GET"]}}],"collection":[{"href":"https:\/\/amaldis.md\/ro\/wp-json\/wp\/v2\/product"}],"about":[{"href":"https:\/\/amaldis.md\/ro\/wp-json\/wp\/v2\/types\/product"}],"replies":[{"embeddable":true,"href":"https:\/\/amaldis.md\/ro\/wp-json\/wp\/v2\/comments?post=44072"}],"wp:featuredmedia":[{"embeddable":true,"href":"https:\/\/amaldis.md\/ro\/wp-json\/wp\/v2\/media\/44071"}],"wp:attachment":[{"href":"https:\/\/amaldis.md\/ro\/wp-json\/wp\/v2\/media?parent=44072"}],"wp:term":[{"taxonomy":"product_brand","embeddable":true,"href":"https:\/\/amaldis.md\/ro\/wp-json\/wp\/v2\/product_brand?post=44072"},{"taxonomy":"product_cat","embeddable":true,"href":"https:\/\/amaldis.md\/ro\/wp-json\/wp\/v2\/product_cat?post=44072"},{"taxonomy":"product_tag","embeddable":true,"href":"https:\/\/amaldis.md\/ro\/wp-json\/wp\/v2\/product_tag?post=44072"}],"curies":[{"name":"wp","href":"https:\/\/api.w.org\/{rel}","templated":true}]}}