{"id":44106,"date":"2025-02-26T17:35:03","date_gmt":"2025-02-26T14:35:03","guid":{"rendered":"https:\/\/amaldis.md\/product\/racheta-de-tenis-de-masa-in-carcasa-giant-dragon\/"},"modified":"2025-02-26T17:35:03","modified_gmt":"2025-02-26T14:35:03","slug":"racheta-de-tenis-de-masa-in-carcasa-giant-dragon","status":"publish","type":"product","link":"https:\/\/amaldis.md\/ro\/produs\/racheta-de-tenis-de-masa-in-carcasa-giant-dragon\/","title":{"rendered":"Racheta de tenis de masa in carcasa GIANT DRAGON"},"content":{"rendered":"<h4 class=\"product-intro__title\">Racheta de tenis de masa in carcasa GIANT DRAGON<\/h4>\n<p><strong>Descriere<br \/>\n<\/strong>Racheta este realizat\u0103 folosind tehnologia de lipire termic\u0103, \u00een care furnirul de lemn de \u00eenalt\u0103 calitate este lipit \u00eempreun\u0103 la presiune ridicat\u0103 \u0219i temperatur\u0103 ridicat\u0103. Rezultatul este o baz\u0103 practic monolitic\u0103, care este rezistent\u0103 la deteriorare \u0219i umiditate. Lama rachetei este acoperit\u0103 cu tampoane din cauciuc dens de \u00eenalt\u0103 calitate \u0219i material spongios, a c\u0103rui elasticitate genereaz\u0103 o vitez\u0103 mare de rebound a mingii. M\u00e2nerul are o form\u0103 conic\u0103, ceea ce ofer\u0103 sportivului o prindere sigur\u0103, \u00een care m\u00e2na practic nu obose\u0219te \u00een timpul jocului. Pentru depozitarea \u0219i transportul rachetei este prev\u0103zut\u0103 o hus\u0103 cu fermoar.    <\/p>\n<p>Vedere a rachetei de tenis de mas\u0103<br \/>\nForma m\u00e2nerului Conic<br \/>\nMateriale Baza: Lemn<br \/>\nSuprapunere: cauciuc<br \/>\nTara de origine: China<\/p>\n","protected":false},"excerpt":{"rendered":"<h3 class=\"product-intro__title\">Racheta de tenis de masa in carcasa GIANT DRAGON 5star MT-6533 Ofensiva<\/h3>\n","protected":false},"featured_media":44105,"comment_status":"open","ping_status":"closed","template":"","meta":{"_et_pb_use_builder":"","_et_pb_old_content":"","_et_gb_content_width":""},"product_brand":[],"product_cat":[669],"product_tag":[1223,853,872],"class_list":{"0":"post-44106","1":"product","2":"type-product","3":"status-publish","4":"has-post-thumbnail","6":"product_cat-tenis-de-masa","7":"product_tag-caz","8":"product_tag-racheta","9":"product_tag-tenis-de-masa-ro","11":"first","12":"instock","13":"shipping-taxable","14":"purchasable","15":"product-type-simple"},"aioseo_notices":[],"_links":{"self":[{"href":"https:\/\/amaldis.md\/ro\/wp-json\/wp\/v2\/product\/44106","targetHints":{"allow":["GET"]}}],"collection":[{"href":"https:\/\/amaldis.md\/ro\/wp-json\/wp\/v2\/product"}],"about":[{"href":"https:\/\/amaldis.md\/ro\/wp-json\/wp\/v2\/types\/product"}],"replies":[{"embeddable":true,"href":"https:\/\/amaldis.md\/ro\/wp-json\/wp\/v2\/comments?post=44106"}],"wp:featuredmedia":[{"embeddable":true,"href":"https:\/\/amaldis.md\/ro\/wp-json\/wp\/v2\/media\/44105"}],"wp:attachment":[{"href":"https:\/\/amaldis.md\/ro\/wp-json\/wp\/v2\/media?parent=44106"}],"wp:term":[{"taxonomy":"product_brand","embeddable":true,"href":"https:\/\/amaldis.md\/ro\/wp-json\/wp\/v2\/product_brand?post=44106"},{"taxonomy":"product_cat","embeddable":true,"href":"https:\/\/amaldis.md\/ro\/wp-json\/wp\/v2\/product_cat?post=44106"},{"taxonomy":"product_tag","embeddable":true,"href":"https:\/\/amaldis.md\/ro\/wp-json\/wp\/v2\/product_tag?post=44106"}],"curies":[{"name":"wp","href":"https:\/\/api.w.org\/{rel}","templated":true}]}}