{"id":44112,"date":"2025-02-26T17:50:45","date_gmt":"2025-02-26T14:50:45","guid":{"rendered":"https:\/\/amaldis.md\/product\/rachete-pentru-tenis-de-masa\/"},"modified":"2025-02-26T17:50:45","modified_gmt":"2025-02-26T14:50:45","slug":"rachete-pentru-tenis-de-masa","status":"publish","type":"product","link":"https:\/\/amaldis.md\/ro\/produs\/rachete-pentru-tenis-de-masa\/","title":{"rendered":"Rachete pentru tenis de masa"},"content":{"rendered":"<h4 class=\"content-info-title prod-view-title\">Rachete pentru tenis de masa<\/h4>\n<p>Specificatii tehnice:<br \/>\nTip rachet\u0103: Allround (co\u0219uri interioare, cauciucuri Legend 1,5 mm, aprobate ITTF)<br \/>\n\u2022 Viteza: 80<br \/>\n\u2022 Rota\u021bie: 80<br \/>\n\u2022 Control: 80<br \/>\n\u2022 Straturi: furnir cu 5 straturi (Limba, Ayus, Kiri)<br \/>\n\u2022 Greutate: 175 g<br \/>\n\u2022 Lungime rachet\u0103: 155 mm (zon\u0103 acoperit\u0103 cu cauciuc)<br \/>\n\u2022 Latimea rachetei: 152 mm (zona acoperita cu cauciuc)<br \/>\nGrosimea rachetei: 12,7 mm<br \/>\n\u2022 Lungime m\u00e2ner: 104 mm<br \/>\nFabricat \u00een Germania \u0219i China<\/p>\n","protected":false},"excerpt":{"rendered":"<h3 class=\"content-info-title prod-view-title\">Rachet\u0103 de tenis de mas\u0103 Samsonov Master Tibhar<\/h3>\n","protected":false},"featured_media":44109,"comment_status":"open","ping_status":"closed","template":"","meta":{"_et_pb_use_builder":"","_et_pb_old_content":"","_et_gb_content_width":""},"product_brand":[],"product_cat":[669],"product_tag":[853,872],"class_list":{"0":"post-44112","1":"product","2":"type-product","3":"status-publish","4":"has-post-thumbnail","6":"product_cat-tenis-de-masa","7":"product_tag-racheta","8":"product_tag-tenis-de-masa-ro","10":"first","11":"instock","12":"shipping-taxable","13":"purchasable","14":"product-type-simple"},"aioseo_notices":[],"_links":{"self":[{"href":"https:\/\/amaldis.md\/ro\/wp-json\/wp\/v2\/product\/44112","targetHints":{"allow":["GET"]}}],"collection":[{"href":"https:\/\/amaldis.md\/ro\/wp-json\/wp\/v2\/product"}],"about":[{"href":"https:\/\/amaldis.md\/ro\/wp-json\/wp\/v2\/types\/product"}],"replies":[{"embeddable":true,"href":"https:\/\/amaldis.md\/ro\/wp-json\/wp\/v2\/comments?post=44112"}],"wp:featuredmedia":[{"embeddable":true,"href":"https:\/\/amaldis.md\/ro\/wp-json\/wp\/v2\/media\/44109"}],"wp:attachment":[{"href":"https:\/\/amaldis.md\/ro\/wp-json\/wp\/v2\/media?parent=44112"}],"wp:term":[{"taxonomy":"product_brand","embeddable":true,"href":"https:\/\/amaldis.md\/ro\/wp-json\/wp\/v2\/product_brand?post=44112"},{"taxonomy":"product_cat","embeddable":true,"href":"https:\/\/amaldis.md\/ro\/wp-json\/wp\/v2\/product_cat?post=44112"},{"taxonomy":"product_tag","embeddable":true,"href":"https:\/\/amaldis.md\/ro\/wp-json\/wp\/v2\/product_tag?post=44112"}],"curies":[{"name":"wp","href":"https:\/\/api.w.org\/{rel}","templated":true}]}}