{"id":44128,"date":"2025-02-28T17:12:06","date_gmt":"2025-02-28T14:12:06","guid":{"rendered":"https:\/\/amaldis.md\/product\/pantaloni-de-compresie-colanti-cu-pantaloni-scurti\/"},"modified":"2025-02-28T17:12:06","modified_gmt":"2025-02-28T14:12:06","slug":"pantaloni-de-compresie-colanti-cu-pantaloni-scurti","status":"publish","type":"product","link":"https:\/\/amaldis.md\/ro\/produs\/pantaloni-de-compresie-colanti-cu-pantaloni-scurti\/","title":{"rendered":"Pantaloni de compresie colanti cu pantaloni scurti"},"content":{"rendered":"<h4 class=\"product-intro__title\">Pantaloni de compresie colanti cu pantaloni scurti<\/h4>\n<p>Descriere<br \/>\nColan\u021bii pantaloni de compresie cu pantaloni scur\u021bi 2 \u00een 1 JASON HK-2208 sunt o combina\u021bie complet unic\u0103 de stil \u0219i func\u021bionalitate. Sunt fabricate din materiale de \u00eenalt\u0103 calitate care ofer\u0103 propriet\u0103\u021bi excelente de eliminare a umezelii, precum \u0219i o bun\u0103 ventila\u021bie, f\u0103c\u00e2ndu-le o alegere ideal\u0103 pentru antrenamente intense. Caracteristica special\u0103 a acestor pantaloni este designul lor 2 \u00een 1, care include colan\u021bi \u0219i pantaloni scur\u021bi de compresie. Colan\u021bii ofer\u0103 suport muscular optim, reduc riscul de accidentare \u0219i accelereaz\u0103 recuperarea dup\u0103 antrenament. Pantalonii scur\u021bi adaug\u0103 un accent elegant \u0219i m\u0103resc nivelul de confort. In plus, au buzunare convenabile care iti permit sa porti cu tine obiectele mici necesare. Designul lui JASON HK-2208 v\u0103 flateaz\u0103 silueta, f\u0103c\u00e2ndu-v\u0103 antrenamentul \u0219i mai eficient \u0219i mai elegant. Ace\u0219ti colan\u021bi sunt u\u0219or de \u00eemperecheat cu alte haine active, f\u0103c\u00e2ndu-i alegerea perfect\u0103 pentru a-\u021bi crea propriul look sportiv.       <\/p>\n<p>Compresia promoveaz\u0103 o circula\u021bie mai bun\u0103 \u00een picioare \u0219i coapse, ceea ce poate ajuta la reducerea umfl\u0103turilor \u0219i la \u00eembun\u0103t\u0103\u021birea fluxului de s\u00e2nge c\u0103tre mu\u0219chi.<br \/>\nOfer\u0103 libertate de mi\u0219care datorit\u0103 pantalonilor scur\u021bi \u00eencorpora\u021bi.<br \/>\nAu propriet\u0103\u021bi de absorb\u021bie a umezelii \u0219i o bun\u0103 ventila\u021bie, ceea ce ajut\u0103 la men\u021binerea corpului uscat \u0219i confortabil.<\/p>\n<p>Vezi Jambiere cu pantaloni scur\u021bi<br \/>\nGen Masculin<br \/>\nCaracteristici 2 \u00een 1 (pantaloni scur\u021bi cu colan\u021bi de compresie)<br \/>\nMaterial Poliester \/ Elastan<br \/>\nTara de origine: China<\/p>\n","protected":false},"excerpt":{"rendered":"<h3 class=\"product-intro__title\">Pantaloni de compresie colanti cu pantaloni scurti 2 in 1 JASON HK-2208 marimi: M, L, XL<\/h3>\n","protected":false},"featured_media":44127,"comment_status":"open","ping_status":"closed","template":"","meta":{"_et_pb_use_builder":"","_et_pb_old_content":"","_et_gb_content_width":""},"product_brand":[],"product_cat":[671,673],"product_tag":[1227,1151,1153],"class_list":{"0":"post-44128","1":"product","2":"type-product","3":"status-publish","4":"has-post-thumbnail","6":"product_cat-imbracaminte","7":"product_cat-imbracaminte-sport","8":"product_tag-colanti-ro","9":"product_tag-comprimare-ro-2","10":"product_tag-pantaloni-scurti","12":"first","13":"instock","14":"shipping-taxable","15":"purchasable","16":"product-type-simple"},"aioseo_notices":[],"_links":{"self":[{"href":"https:\/\/amaldis.md\/ro\/wp-json\/wp\/v2\/product\/44128","targetHints":{"allow":["GET"]}}],"collection":[{"href":"https:\/\/amaldis.md\/ro\/wp-json\/wp\/v2\/product"}],"about":[{"href":"https:\/\/amaldis.md\/ro\/wp-json\/wp\/v2\/types\/product"}],"replies":[{"embeddable":true,"href":"https:\/\/amaldis.md\/ro\/wp-json\/wp\/v2\/comments?post=44128"}],"wp:featuredmedia":[{"embeddable":true,"href":"https:\/\/amaldis.md\/ro\/wp-json\/wp\/v2\/media\/44127"}],"wp:attachment":[{"href":"https:\/\/amaldis.md\/ro\/wp-json\/wp\/v2\/media?parent=44128"}],"wp:term":[{"taxonomy":"product_brand","embeddable":true,"href":"https:\/\/amaldis.md\/ro\/wp-json\/wp\/v2\/product_brand?post=44128"},{"taxonomy":"product_cat","embeddable":true,"href":"https:\/\/amaldis.md\/ro\/wp-json\/wp\/v2\/product_cat?post=44128"},{"taxonomy":"product_tag","embeddable":true,"href":"https:\/\/amaldis.md\/ro\/wp-json\/wp\/v2\/product_tag?post=44128"}],"curies":[{"name":"wp","href":"https:\/\/api.w.org\/{rel}","templated":true}]}}