{"id":44176,"date":"2025-02-28T18:40:06","date_gmt":"2025-02-28T15:40:06","guid":{"rendered":"https:\/\/amaldis.md\/product\/manusi-de-fitness-si-antrenament-hard-touch\/"},"modified":"2025-02-28T18:40:06","modified_gmt":"2025-02-28T15:40:06","slug":"manusi-de-fitness-si-antrenament-hard-touch","status":"publish","type":"product","link":"https:\/\/amaldis.md\/ro\/produs\/manusi-de-fitness-si-antrenament-hard-touch\/","title":{"rendered":"M\u0103nu\u0219i de fitness \u0219i antrenament HARD TOUCH"},"content":{"rendered":"<h4 class=\"product-intro__title\">M\u0103nu\u0219i de fitness \u0219i antrenament HARD TOUCH<\/h4>\n<p>Descriere<br \/>\nM\u0103nu\u0219ile sunt fabricate din materiale de \u00eenalt\u0103 calitate, cum ar fi poliester \u0219i clorur\u0103 de polivinil (PVC), asigur\u00e2nd rezisten\u021b\u0103 \u0219i durabilitate pe parcursul multor sesiuni de antrenament. Designul lor unic include degetele deschise, permi\u021b\u00e2nd pielii s\u0103 respire \u0219i oferind libertate maxim\u0103 de mi\u0219care..<\/p>\n<p>Unul dintre avantajele cheie ale acestui model este stratul anti-alunecare de pe palm\u0103, care ajut\u0103 la prinderea sigur\u0103 a barei sau a suprafe\u021bei ma\u0219inii, prevenind alunecarea \u0219i reduc\u00e2nd riscul de r\u0103nire. C\u0103ptu\u0219eala suplimentar\u0103 pe palme protejeaz\u0103 m\u0103nu\u0219ile de uzur\u0103 \u0219i le cre\u0219te durabilitatea, f\u0103c\u00e2ndu-le o alegere ideal\u0103 pentru antrenamentul intens.<\/p>\n<p>Cureaua velcro unic\u0103, reglabil\u0103, ofer\u0103 o potrivire \u0219i o fixare personalizat\u0103, asigur\u00e2nd c\u0103 m\u0103nu\u0219ile r\u0103m\u00e2n la locul lor \u00een timpul antrenamentului f\u0103r\u0103 a aluneca sau a restric\u021biona mi\u0219carea.<\/p>\n<p>Tip: m\u0103nu\u0219i sport<br \/>\nPrindere la \u00eencheietur\u0103 Curea de m\u00e2n\u0103 reglabil\u0103 cu velcro<br \/>\nProtec\u021bie la uzur\u0103 Tampoane pentru palm\u0103 pentru protec\u021bie \u00eempotriva uzurii<br \/>\nProtec\u021bie anti-alunecare Acoperire anti-alunecare pe palm\u0103<br \/>\nGen Femeie, Masculin<br \/>\nScop: Pentru a proteja m\u00e2inile \u00een timpul antrenamentului de for\u021b\u0103 \u0219i fitness<br \/>\nMaterial Poliester\/Clorura de polivinil (PVC)<br \/>\n\u021aara de origine Pakistan<\/p>\n","protected":false},"excerpt":{"rendered":"<h3 class=\"product-intro__title\">M\u0103nu\u0219i de fitness \u0219i antrenament HARD TOUCH BC-8097 m\u0103rimi: M,L<\/h3>\n","protected":false},"featured_media":44175,"comment_status":"open","ping_status":"closed","template":"","meta":{"_et_pb_use_builder":"","_et_pb_old_content":"","_et_gb_content_width":""},"product_brand":[],"product_cat":[652,681,678,662],"product_tag":[830,845,831,834],"class_list":{"0":"post-44176","1":"product","2":"type-product","3":"status-publish","4":"has-post-thumbnail","6":"product_cat-atletism","7":"product_cat-fitness-si-yoga","8":"product_cat-formare","9":"product_cat-pentru-sala-de-sport","10":"product_tag-a-face-exercitii-fizice","11":"product_tag-atletism","12":"product_tag-fitness","13":"product_tag-manusi","15":"first","16":"instock","17":"shipping-taxable","18":"purchasable","19":"product-type-simple"},"aioseo_notices":[],"_links":{"self":[{"href":"https:\/\/amaldis.md\/ro\/wp-json\/wp\/v2\/product\/44176","targetHints":{"allow":["GET"]}}],"collection":[{"href":"https:\/\/amaldis.md\/ro\/wp-json\/wp\/v2\/product"}],"about":[{"href":"https:\/\/amaldis.md\/ro\/wp-json\/wp\/v2\/types\/product"}],"replies":[{"embeddable":true,"href":"https:\/\/amaldis.md\/ro\/wp-json\/wp\/v2\/comments?post=44176"}],"wp:featuredmedia":[{"embeddable":true,"href":"https:\/\/amaldis.md\/ro\/wp-json\/wp\/v2\/media\/44175"}],"wp:attachment":[{"href":"https:\/\/amaldis.md\/ro\/wp-json\/wp\/v2\/media?parent=44176"}],"wp:term":[{"taxonomy":"product_brand","embeddable":true,"href":"https:\/\/amaldis.md\/ro\/wp-json\/wp\/v2\/product_brand?post=44176"},{"taxonomy":"product_cat","embeddable":true,"href":"https:\/\/amaldis.md\/ro\/wp-json\/wp\/v2\/product_cat?post=44176"},{"taxonomy":"product_tag","embeddable":true,"href":"https:\/\/amaldis.md\/ro\/wp-json\/wp\/v2\/product_tag?post=44176"}],"curies":[{"name":"wp","href":"https:\/\/api.w.org\/{rel}","templated":true}]}}