{"id":44206,"date":"2025-02-28T20:23:38","date_gmt":"2025-02-28T17:23:38","guid":{"rendered":"https:\/\/amaldis.md\/product\/manusi-pentru-fitness-si-antrenament-5\/"},"modified":"2025-02-28T20:23:38","modified_gmt":"2025-02-28T17:23:38","slug":"manusi-pentru-fitness-si-antrenament-5","status":"publish","type":"product","link":"https:\/\/amaldis.md\/ro\/produs\/manusi-pentru-fitness-si-antrenament-5\/","title":{"rendered":"M\u0103nu\u0219i pentru fitness \u0219i antrenament"},"content":{"rendered":"<h4 class=\"product-intro__title\">M\u0103nu\u0219i pentru fitness \u0219i antrenament<\/h4>\n<p>Descriere<br \/>\nEchipamentul este realizat din poliester dens \u0219i durabil cu elastan, un material modern impermeabil \u0219i elastic, care este rezistent la schimb\u0103rile de temperatur\u0103 \u0219i impactul mecanic. M\u0103nu\u0219ile sunt destul de rigide \u0219i asigur\u0103 o bun\u0103 aderen\u021b\u0103 a echipamentului. Se potrivesc str\u00e2ns \u00een jurul palmei \u0219i nu alunec\u0103. Sunt fixate cu Velcro. Pentru a face purtarea mai confortabil\u0103, toate cele cinci degete ale modelului sunt expuse.    <\/p>\n<p>M\u0103nu\u0219ile sunt universale \u0219i v\u0103 permit s\u0103 lucra\u021bi cu orice echipament.<br \/>\nFabricat dintr-un material destul de dur, antiderapant, care ofer\u0103 o prindere sigur\u0103..<br \/>\nDegetele t\u0103iate \u00eel fac pe purt\u0103tor extrem de confortabil.<\/p>\n<p>Tip: m\u0103nu\u0219i sport<br \/>\nPrindere la \u00eencheietur\u0103 Curea de m\u00e2n\u0103 reglabil\u0103 cu velcro<br \/>\nProtec\u021bie la uzur\u0103 Tampoane pentru palm\u0103 pentru protec\u021bie \u00eempotriva uzurii<br \/>\nProtec\u021bie anti-alunecare Acoperire anti-alunecare pe palm\u0103<br \/>\nGen Femeie, Masculin<br \/>\nScop: Pentru a proteja m\u00e2inile \u00een timpul antrenamentului de for\u021b\u0103 \u0219i fitness<br \/>\nMaterial Poliester \/ Elastan<br \/>\n\u021aara de origine Pakistan<\/p>\n","protected":false},"excerpt":{"rendered":"<h3 class=\"product-intro__title\">M\u0103nu\u0219i pentru fitness \u0219i antrenament ZELART MA-3885 m\u0103rimi: S, M<\/h3>\n","protected":false},"featured_media":44199,"comment_status":"open","ping_status":"closed","template":"","meta":{"_et_pb_use_builder":"","_et_pb_old_content":"","_et_gb_content_width":""},"product_brand":[],"product_cat":[665,652,681,678],"product_tag":[1231,845,834],"class_list":{"0":"post-44206","1":"product","2":"type-product","3":"status-publish","4":"has-post-thumbnail","6":"product_cat-aparari","7":"product_cat-atletism","8":"product_cat-fitness-si-yoga","9":"product_cat-formare","10":"product_tag-antrenament-de-fitness","11":"product_tag-atletism","12":"product_tag-manusi","14":"first","15":"instock","16":"shipping-taxable","17":"purchasable","18":"product-type-simple"},"aioseo_notices":[],"_links":{"self":[{"href":"https:\/\/amaldis.md\/ro\/wp-json\/wp\/v2\/product\/44206","targetHints":{"allow":["GET"]}}],"collection":[{"href":"https:\/\/amaldis.md\/ro\/wp-json\/wp\/v2\/product"}],"about":[{"href":"https:\/\/amaldis.md\/ro\/wp-json\/wp\/v2\/types\/product"}],"replies":[{"embeddable":true,"href":"https:\/\/amaldis.md\/ro\/wp-json\/wp\/v2\/comments?post=44206"}],"wp:featuredmedia":[{"embeddable":true,"href":"https:\/\/amaldis.md\/ro\/wp-json\/wp\/v2\/media\/44199"}],"wp:attachment":[{"href":"https:\/\/amaldis.md\/ro\/wp-json\/wp\/v2\/media?parent=44206"}],"wp:term":[{"taxonomy":"product_brand","embeddable":true,"href":"https:\/\/amaldis.md\/ro\/wp-json\/wp\/v2\/product_brand?post=44206"},{"taxonomy":"product_cat","embeddable":true,"href":"https:\/\/amaldis.md\/ro\/wp-json\/wp\/v2\/product_cat?post=44206"},{"taxonomy":"product_tag","embeddable":true,"href":"https:\/\/amaldis.md\/ro\/wp-json\/wp\/v2\/product_tag?post=44206"}],"curies":[{"name":"wp","href":"https:\/\/api.w.org\/{rel}","templated":true}]}}