{"id":44213,"date":"2025-02-28T20:42:57","date_gmt":"2025-02-28T17:42:57","guid":{"rendered":"https:\/\/amaldis.md\/product\/manusi-tactice-5-11\/"},"modified":"2025-02-28T20:42:57","modified_gmt":"2025-02-28T17:42:57","slug":"manusi-tactice-5-11","status":"publish","type":"product","link":"https:\/\/amaldis.md\/ro\/produs\/manusi-tactice-5-11\/","title":{"rendered":"M\u0103nu\u0219i tactice 5.11"},"content":{"rendered":"<h4><em>M\u0103nu\u0219i tactice 5.11<\/em><\/h4>\n<p>M\u0103nu\u0219ile tactice f\u0103r\u0103 degete sunt fabricate din l\u00e2n\u0103 moale, care a fost tratat\u0103 cu aten\u021bie cu impregn\u0103ri speciale pentru a spori rezisten\u021ba materialului. \u021aes\u0103tura u\u0219oar\u0103 \u0219i respirabil\u0103 permite aerului s\u0103 treac\u0103 liber, cre\u00e2nd o senza\u021bie confortabil\u0103 atunci c\u00e2nd folosi\u021bi m\u0103nu\u0219i. M\u0103nu\u0219ile se prind la \u00eencheietura m\u00e2inii cu Velcro. Datorit\u0103 acestui fapt, m\u0103nu\u0219ile sunt fixate \u00een siguran\u021b\u0103 de m\u00e2n\u0103. Partea din palm\u0103 a \u021bes\u0103turii are un strat special care previne alunecarea. M\u0103nu\u0219ile tactice f\u0103r\u0103 degete permit mi\u0219carea u\u0219oar\u0103 \u0219i liber\u0103 a m\u00e2inii, sporind astfel manevrabilitatea.     <\/p>\n","protected":false},"excerpt":{"rendered":"<h3>M\u0103nu\u0219i tactice 5.11 BC-4379 culoare: m\u0103sline, m\u0103rimi: M, L, XL<\/h3>\n","protected":false},"featured_media":44212,"comment_status":"open","ping_status":"closed","template":"","meta":{"_et_pb_use_builder":"","_et_pb_old_content":"","_et_gb_content_width":""},"product_brand":[],"product_cat":[665,678,679],"product_tag":[830,834,861],"class_list":{"0":"post-44213","1":"product","2":"type-product","3":"status-publish","4":"has-post-thumbnail","6":"product_cat-aparari","7":"product_cat-formare","8":"product_cat-turism-si-recreere","9":"product_tag-a-face-exercitii-fizice","10":"product_tag-manusi","11":"product_tag-turism","13":"first","14":"instock","15":"shipping-taxable","16":"purchasable","17":"product-type-simple"},"aioseo_notices":[],"_links":{"self":[{"href":"https:\/\/amaldis.md\/ro\/wp-json\/wp\/v2\/product\/44213","targetHints":{"allow":["GET"]}}],"collection":[{"href":"https:\/\/amaldis.md\/ro\/wp-json\/wp\/v2\/product"}],"about":[{"href":"https:\/\/amaldis.md\/ro\/wp-json\/wp\/v2\/types\/product"}],"replies":[{"embeddable":true,"href":"https:\/\/amaldis.md\/ro\/wp-json\/wp\/v2\/comments?post=44213"}],"wp:featuredmedia":[{"embeddable":true,"href":"https:\/\/amaldis.md\/ro\/wp-json\/wp\/v2\/media\/44212"}],"wp:attachment":[{"href":"https:\/\/amaldis.md\/ro\/wp-json\/wp\/v2\/media?parent=44213"}],"wp:term":[{"taxonomy":"product_brand","embeddable":true,"href":"https:\/\/amaldis.md\/ro\/wp-json\/wp\/v2\/product_brand?post=44213"},{"taxonomy":"product_cat","embeddable":true,"href":"https:\/\/amaldis.md\/ro\/wp-json\/wp\/v2\/product_cat?post=44213"},{"taxonomy":"product_tag","embeddable":true,"href":"https:\/\/amaldis.md\/ro\/wp-json\/wp\/v2\/product_tag?post=44213"}],"curies":[{"name":"wp","href":"https:\/\/api.w.org\/{rel}","templated":true}]}}