{"id":44222,"date":"2025-03-01T10:46:55","date_gmt":"2025-03-01T07:46:55","guid":{"rendered":"https:\/\/amaldis.md\/product\/manusi-de-ciclism-cu-degete-inchise\/"},"modified":"2025-03-01T10:46:55","modified_gmt":"2025-03-01T07:46:55","slug":"manusi-de-ciclism-cu-degete-inchise","status":"publish","type":"product","link":"https:\/\/amaldis.md\/ro\/produs\/manusi-de-ciclism-cu-degete-inchise\/","title":{"rendered":"M\u0103nu\u0219i de ciclism cu degete \u00eenchise"},"content":{"rendered":"<h4>M\u0103nu\u0219i de ciclism cu degete \u00eenchise<\/h4>\n<p>Descriere<\/p>\n<p>MADBIKE SK-13 sunt m\u0103nu\u0219i concepute pentru a fi folosite \u00een timpul mersului cu bicicleta. Purt\u00e2nd m\u0103nu\u0219i, pute\u021bi \u00eembun\u0103t\u0103\u021bi semnificativ aderen\u021ba dintre m\u00e2ini \u0219i volan, f\u0103c\u00e2nd astfel c\u0103l\u0103toria dumneavoastr\u0103 mai sigur\u0103. M\u0103nu\u0219ile sunt fabricate din material durabil \u0219i de lung\u0103 durat\u0103 &#8211; poliester combinat cu clorur\u0103 de polivinil.  <\/p>\n<p>Pentru a preveni alunecarea, palma \u0219i degetele au un strat special. M\u0103nu\u0219a este fixat\u0103 de \u00eencheietura m\u00e2inii cu Velcro. Cu ajutorul acestuia, pute\u021bi ajusta potrivirea produsului \u0219i \u00eel pute\u021bi ajusta la dimensiune.<\/p>\n<p>Tip: m\u0103nu\u0219i sport<br \/>\nPrindere la \u00eencheietur\u0103 Curea de m\u00e2n\u0103 reglabil\u0103 cu velcro<br \/>\nProtec\u021bie la uzur\u0103 Tampoane pentru palm\u0103 pentru protec\u021bie \u00eempotriva uzurii<br \/>\nProtec\u021bie anti-alunecare Acoperire anti-alunecare pe palm\u0103<br \/>\nGen Femeie, Masculin<br \/>\nSezon prim\u0103var\u0103, var\u0103<br \/>\nMaterial Poliester\/Clorura de polivinil (PVC)<br \/>\nTara de origine: China<\/p>\n","protected":false},"excerpt":{"rendered":"<h3 class=\"product-intro__title\">M\u0103nu\u0219i de ciclism cu degetele \u00eenchise MADBIKE SK-13 m\u0103rimi: M, L, XL<\/h3>\n","protected":false},"featured_media":44217,"comment_status":"open","ping_status":"closed","template":"","meta":{"_et_pb_use_builder":"","_et_pb_old_content":"","_et_gb_content_width":""},"product_brand":[],"product_cat":[1234,665,678],"product_tag":[1235,834,822],"class_list":{"0":"post-44222","1":"product","2":"type-product","3":"status-publish","4":"has-post-thumbnail","6":"product_cat-ciclism","7":"product_cat-aparari","8":"product_cat-formare","9":"product_tag-ciclism","10":"product_tag-manusi","11":"product_tag-protectie","13":"first","14":"instock","15":"shipping-taxable","16":"purchasable","17":"product-type-simple"},"aioseo_notices":[],"_links":{"self":[{"href":"https:\/\/amaldis.md\/ro\/wp-json\/wp\/v2\/product\/44222","targetHints":{"allow":["GET"]}}],"collection":[{"href":"https:\/\/amaldis.md\/ro\/wp-json\/wp\/v2\/product"}],"about":[{"href":"https:\/\/amaldis.md\/ro\/wp-json\/wp\/v2\/types\/product"}],"replies":[{"embeddable":true,"href":"https:\/\/amaldis.md\/ro\/wp-json\/wp\/v2\/comments?post=44222"}],"wp:featuredmedia":[{"embeddable":true,"href":"https:\/\/amaldis.md\/ro\/wp-json\/wp\/v2\/media\/44217"}],"wp:attachment":[{"href":"https:\/\/amaldis.md\/ro\/wp-json\/wp\/v2\/media?parent=44222"}],"wp:term":[{"taxonomy":"product_brand","embeddable":true,"href":"https:\/\/amaldis.md\/ro\/wp-json\/wp\/v2\/product_brand?post=44222"},{"taxonomy":"product_cat","embeddable":true,"href":"https:\/\/amaldis.md\/ro\/wp-json\/wp\/v2\/product_cat?post=44222"},{"taxonomy":"product_tag","embeddable":true,"href":"https:\/\/amaldis.md\/ro\/wp-json\/wp\/v2\/product_tag?post=44222"}],"curies":[{"name":"wp","href":"https:\/\/api.w.org\/{rel}","templated":true}]}}