{"id":44230,"date":"2025-03-01T11:02:13","date_gmt":"2025-03-01T08:02:13","guid":{"rendered":"https:\/\/amaldis.md\/product\/banda-de-rezistenta-elastiband-record\/"},"modified":"2025-03-01T11:02:13","modified_gmt":"2025-03-01T08:02:13","slug":"banda-de-rezistenta-elastiband-record","status":"publish","type":"product","link":"https:\/\/amaldis.md\/ro\/produs\/banda-de-rezistenta-elastiband-record\/","title":{"rendered":"Band\u0103 de rezisten\u021b\u0103 Elastiband Record"},"content":{"rendered":"<h4 class=\"product-intro__title\"> Band\u0103 de rezisten\u021b\u0103 Elastiband Record<\/h4>\n<p>Capacitatea de a lucra mai multe grupe musculare simultan<br \/>\nU\u0219urin\u021b\u0103 \u00een utilizare<br \/>\nDisponibilitatea buclelor numerotate<br \/>\nLa fel de potrivit pentru utilizare \u00een yoga, pilates, fitness \u0219i exerci\u021bii de acas\u0103<br \/>\nCompactitate<\/p>\n<p>Tip de band\u0103 elastic\u0103<br \/>\nTasta\u021bi band\u0103<br \/>\nSet complet 1 buc.<br \/>\nDimensiuni (LxL) 90x3cm<br \/>\nLungime 90 cm<br \/>\nMaterial Poliester \/ Elastan<br \/>\nTara de origine: China<\/p>\n","protected":false},"excerpt":{"rendered":"<h3 class=\"product-intro__title\">Band\u0103 elastic\u0103 cu bucle pentru extensia band\u0103 de \u00eentindere Elastiband Record FI-6345-A 7,5 kg<\/h3>\n","protected":false},"featured_media":44229,"comment_status":"open","ping_status":"closed","template":"","meta":{"_et_pb_use_builder":"","_et_pb_old_content":"","_et_gb_content_width":""},"product_brand":[],"product_cat":[681,678,666,664],"product_tag":[830,869,831,932],"class_list":{"0":"post-44230","1":"product","2":"type-product","3":"status-publish","4":"has-post-thumbnail","6":"product_cat-fitness-si-yoga","7":"product_cat-formare","8":"product_cat-pierderea-in-greutate","9":"product_cat-sanatate","10":"product_tag-a-face-exercitii-fizice","11":"product_tag-expander","12":"product_tag-fitness","13":"product_tag-panglica","15":"first","16":"instock","17":"shipping-taxable","18":"purchasable","19":"product-type-simple"},"aioseo_notices":[],"_links":{"self":[{"href":"https:\/\/amaldis.md\/ro\/wp-json\/wp\/v2\/product\/44230","targetHints":{"allow":["GET"]}}],"collection":[{"href":"https:\/\/amaldis.md\/ro\/wp-json\/wp\/v2\/product"}],"about":[{"href":"https:\/\/amaldis.md\/ro\/wp-json\/wp\/v2\/types\/product"}],"replies":[{"embeddable":true,"href":"https:\/\/amaldis.md\/ro\/wp-json\/wp\/v2\/comments?post=44230"}],"wp:featuredmedia":[{"embeddable":true,"href":"https:\/\/amaldis.md\/ro\/wp-json\/wp\/v2\/media\/44229"}],"wp:attachment":[{"href":"https:\/\/amaldis.md\/ro\/wp-json\/wp\/v2\/media?parent=44230"}],"wp:term":[{"taxonomy":"product_brand","embeddable":true,"href":"https:\/\/amaldis.md\/ro\/wp-json\/wp\/v2\/product_brand?post=44230"},{"taxonomy":"product_cat","embeddable":true,"href":"https:\/\/amaldis.md\/ro\/wp-json\/wp\/v2\/product_cat?post=44230"},{"taxonomy":"product_tag","embeddable":true,"href":"https:\/\/amaldis.md\/ro\/wp-json\/wp\/v2\/product_tag?post=44230"}],"curies":[{"name":"wp","href":"https:\/\/api.w.org\/{rel}","templated":true}]}}